{"id":174,"date":"2018-11-07T22:46:38","date_gmt":"2018-11-08T03:46:38","guid":{"rendered":"https:\/\/ucc-regions-1.apluspc.ca\/about-us\/about-the-regional-council\/"},"modified":"2020-01-21T17:15:41","modified_gmt":"2020-01-21T22:15:41","slug":"conseil-regional","status":"publish","type":"page","link":"https:\/\/nakonhakaucc.ca\/fr\/a-propos\/conseil-regional\/","title":{"rendered":"\u00c0 propos du Conseil r\u00e9gional"},"content":{"rendered":"<p>[et_pb_section bb_built=\u00a0\u00bb1&Prime; fullwidth=\u00a0\u00bbon\u00a0\u00bb specialty=\u00a0\u00bboff\u00a0\u00bb _builder_version=\u00a0\u00bb3.19.18&Prime; background_size=\u00a0\u00bbinitial\u00a0\u00bb module_class=\u00a0\u00bbsub-banner\u00a0\u00bb next_background_color=\u00a0\u00bb#000000&Prime; global_module=\u00a0\u00bb499&Prime;][et_pb_fullwidth_image admin_label=\u00a0\u00bbglobal sub-banner &#8211; update\u00a0\u00bb global_parent=\u00a0\u00bb499&Prime; _builder_version=\u00a0\u00bb3.19.18&Prime; background_image=\u00a0\u00bbhttp:\/\/nakonhakaucc.ca\/fr\/wp-content\/uploads\/sites\/2\/2019\/09\/sunrise.jpg\u00a0\u00bb background_position=\u00a0\u00bbtop_center\u00a0\u00bb \/][\/et_pb_section][et_pb_section bb_built=\u00a0\u00bb1&Prime; specialty=\u00a0\u00bboff\u00a0\u00bb prev_background_color=\u00a0\u00bb#000000&Prime; next_background_color=\u00a0\u00bb#000000&Prime; _builder_version=\u00a0\u00bb3.19.18&Prime;][et_pb_row][et_pb_column type=\u00a0\u00bb4_4&Prime;][et_pb_text admin_label=\u00a0\u00bb\u00c0 propos du Conseil r\u00e9gional Nakonha:ka\u00a0\u00bb _builder_version=\u00a0\u00bb3.19.18&Prime;]<\/p>\n<h1>\u00c0 propos du Conseil r\u00e9gional Nakonha:ka<\/h1>\n<p>[\/et_pb_text][\/et_pb_column][\/et_pb_row][\/et_pb_section][et_pb_section bb_built=\u00a0\u00bb1&Prime; specialty=\u00a0\u00bboff\u00a0\u00bb prev_background_color=\u00a0\u00bb#000000&Prime; _builder_version=\u00a0\u00bb3.19.18&Prime; custom_padding=\u00a0\u00bb50px||50px|\u00a0\u00bb][et_pb_row _builder_version=\u00a0\u00bb3.19.18&Prime;][et_pb_column type=\u00a0\u00bb1_2&Prime;][et_pb_text _builder_version=\u00a0\u00bb3.19.18&Prime;]<\/p>\n<h2>Histoire \/ g\u00e9ographie<\/h2>\n<p>Le Conseil r\u00e9gional Nakonha:ka regroupe les communaut\u00e9s de foi et les minist\u00e8res de pr\u00e9sence des anciens consistoires Laurentien et du Qu\u00e9bec de l&rsquo;\u00c9glise Unie du Canada.<\/p>\n<p>Le bord ouest de la r\u00e9gion s&rsquo;incurve pour suivre la fronti\u00e8re de l&rsquo;Ontario pr\u00e8s de Grenville, s&rsquo;\u00e9tendant vers le sud le long de la fronti\u00e8re Qu\u00e9bec-\u00c9tats-Unis de New York \/ Vermont et s&rsquo;\u00e9tirant des deux c\u00f4t\u00e9s du fleuve Saint-Laurent, vers le nord et vers l&rsquo;est apr\u00e8s Qu\u00e9bec et Sept-\u00celes \u00e0 Harrington Harbour.<\/p>\n<h2>Langues<\/h2>\n<p>Le multilinguisme fait partie de l\u2019identit\u00e9 de notre r\u00e9gion. En plus de l&rsquo;anglais et du fran\u00e7ais, on parle dans nos communaut\u00e9s de foi le mohawk, l&rsquo;espagnol, l&rsquo;allemand, l&rsquo;italien, le japonais (y compris l&rsquo;ourdou dans les cultes), l&rsquo;arm\u00e9nien, le hongrois et le cor\u00e9en.<\/p>\n<p>[\/et_pb_text][\/et_pb_column][et_pb_column type=\u00a0\u00bb1_2&Prime;][et_pb_image _builder_version=\u00a0\u00bb3.19.18&Prime; src=\u00a0\u00bbhttp:\/\/nakonhakaucc.ca\/fr\/wp-content\/uploads\/sites\/2\/2019\/09\/map1200x800-1024&#215;683.jpg\u00a0\u00bb \/][\/et_pb_column][\/et_pb_row][et_pb_row _builder_version=\u00a0\u00bb3.19.18&Prime;][et_pb_column type=\u00a0\u00bb1_2&Prime;][et_pb_video _builder_version=\u00a0\u00bb3.19.18&Prime; src=\u00a0\u00bbhttps:\/\/youtu.be\/QIVDLeIUwnk\u00a0\u00bb \/][\/et_pb_column][et_pb_column type=\u00a0\u00bb1_2&Prime;][et_pb_text _builder_version=\u00a0\u00bb3.19.18&Prime;]<\/p>\n<h2>Identit\u00e9 \/ image<\/h2>\n<h3>Choisir un nom<\/h3>\n<p><span class=\"s2\">Notre pasteure ex\u00e9cutive, Rosemary Lambie, nous raconte comment nous sommes devenus le Conseil r\u00e9gional Nakonha:ka Regional Council:<\/span><\/p>\n<p class=\"p2\">Nous avons demand\u00e9 des suggestions pour un nouveau nom \u00e0 l\u2019automne, et la d\u00e9cision devait se prendre durant les rencontres de novembre des consistoires par scrutin secret. Quatre noms ont \u00e9t\u00e9 soumis, et Nakonha:ka a \u00e9t\u00e9 envoy\u00e9 par notre paroisse Mohawk \u00e0 Kanesatake (Oka). Depuis plusieurs ann\u00e9es, c\u2019est l\u2019ancien Satewas Gabriel qui nous accueille sur le territoire lors du culte d&rsquo;ouverture de l&rsquo;assembl\u00e9e g\u00e9n\u00e9rale annuelle du synode.<\/p>\n<p class=\"p2\">Nous avons deux communaut\u00e9s de foi Mohawk dans notre nouveau conseil r\u00e9gional, et bien qu\u2019il y ait des gens de plusieurs autres nations vivant dans la r\u00e9gion, aucun d\u2019elles n\u2019a de paroisse. L&rsquo;\u00c9glise Unie du Canada a ajout\u00e9 les mots mohawks Tous unis sur son \u00e9cusson il y a plusieurs ann\u00e9es, reconnaissant ainsi qu&rsquo;ils \u00e9taient la premi\u00e8re nation autochtone \u00e0 joindre l&rsquo;\u00c9glise Unie du Canada.<\/p>\n<p class=\"p2\">L&rsquo;\u0153uvre Nakonha:ka fait r\u00e9f\u00e9rence aux peuples de l\u2019Est, au gens du soleil levant, et il n&rsquo;y a pas de communaut\u00e9s mohawks au Canada \u00e0 l&rsquo;est du Qu\u00e9bec.<\/p>\n<p>&nbsp;<\/p>\n<p>[\/et_pb_text][\/et_pb_column][\/et_pb_row][et_pb_row _builder_version=\u00a0\u00bb3.19.18&Prime;][et_pb_column type=\u00a0\u00bb1_2&Prime;][et_pb_text _builder_version=\u00a0\u00bb3.19.18&Prime;]<\/p>\n<h3>Quelle est la bonne prononciation de Nakonha:ka ?<\/h3>\n<p>Veuillez \u00e9couter la vid\u00e9o si vous le pouvez, mais une approximation phon\u00e9tique serait <em><strong>nah-goohn-aah-ga.<\/strong><\/em><br \/><em>[Remarque : le \u00ab k \u00bb est quelque part entre un \u00ab k \u00bb et un \u00ab g \u00bb; et le \u00ab : \u00bb repr\u00e9sente une br\u00e8ve pause].<\/em><\/p>\n<h3>Que repr\u00e9sentent les \u00e9l\u00e9ments de notre embl\u00e8me ?<\/h3>\n<p>L\u2019embl\u00e8me Nakonha:ka repr\u00e9sente les habitants du territoire c\u00e9l\u00e9brant le lever de soleil d&rsquo;un nouveau jour dans le ciel de l\u2019Est. L&rsquo;image \u00e9voque \u00e9galement l&rsquo;espoir et les possibilit\u00e9s, enracin\u00e9s dans la b\u00e9n\u00e9diction ancestrale de la terre et de la communaut\u00e9, qui se soutiennent mutuellement.<\/p>\n<p>[\/et_pb_text][\/et_pb_column][et_pb_column type=\u00a0\u00bb1_2&Prime;][et_pb_image _builder_version=\u00a0\u00bb3.19.18&Prime; src=\u00a0\u00bbhttp:\/\/nakonhakaucc.ca\/fr\/wp-content\/uploads\/sites\/2\/2019\/07\/Nakonhaka-Logo.png\u00a0\u00bb \/][\/et_pb_column][\/et_pb_row][\/et_pb_section]<\/p>\n","protected":false},"excerpt":{"rendered":"<p>[et_pb_section bb_built=\u00a0\u00bb1&Prime; fullwidth=\u00a0\u00bbon\u00a0\u00bb specialty=\u00a0\u00bboff\u00a0\u00bb _builder_version=\u00a0\u00bb3.19.18&Prime; background_size=\u00a0\u00bbinitial\u00a0\u00bb module_class=\u00a0\u00bbsub-banner\u00a0\u00bb next_background_color=\u00a0\u00bb#000000&Prime; global_module=\u00a0\u00bb499&Prime;][et_pb_fullwidth_image admin_label=\u00a0\u00bbglobal sub-banner &#8211; update\u00a0\u00bb global_parent=\u00a0\u00bb499&Prime; _builder_version=\u00a0\u00bb3.19.18&Prime; background_image=\u00a0\u00bbhttp:\/\/nakonhakaucc.ca\/fr\/wp-content\/uploads\/sites\/2\/2019\/09\/sunrise.jpg\u00a0\u00bb [&hellip;]<\/p>\n","protected":false},"author":5,"featured_media":0,"parent":162,"menu_order":1,"comment_status":"closed","ping_status":"closed","template":"","meta":{"_acf_changed":false,"_et_pb_use_builder":"on","_et_pb_old_content":"","_et_gb_content_width":"","_exactmetrics_skip_tracking":false,"_exactmetrics_sitenote_active":false,"_exactmetrics_sitenote_note":"","_exactmetrics_sitenote_category":0,"_price":"","_stock":"","_tribe_ticket_header":"","_tribe_default_ticket_provider":"","_tribe_ticket_capacity":"0","_ticket_start_date":"","_ticket_end_date":"","_tribe_ticket_show_description":"","_tribe_ticket_show_not_going":false,"_tribe_ticket_use_global_stock":"","_tribe_ticket_global_stock_level":"","_global_stock_mode":"","_global_stock_cap":"","_tribe_rsvp_for_event":"","_tribe_ticket_going_count":"","_tribe_ticket_not_going_count":"","_tribe_tickets_list":"[]","_tribe_ticket_has_attendee_info_fields":false,"footnotes":"","_tec_slr_enabled":"","_tec_slr_layout":""},"class_list":["post-174","page","type-page","status-publish","hentry"],"acf":[],"yoast_head":"<!-- This site is optimized with the Yoast SEO plugin v27.4 - https:\/\/yoast.com\/product\/yoast-seo-wordpress\/ -->\n<title>\u00c0 propos du Conseil r\u00e9gional - Conseil r\u00e9gional Nakonha:ka<\/title>\n<meta name=\"robots\" content=\"index, follow, max-snippet:-1, max-image-preview:large, max-video-preview:-1\" \/>\n<link rel=\"canonical\" href=\"https:\/\/nakonhakaucc.ca\/fr\/a-propos\/conseil-regional\/\" \/>\n<meta property=\"og:locale\" content=\"fr_FR\" \/>\n<meta property=\"og:type\" content=\"article\" \/>\n<meta property=\"og:title\" content=\"\u00c0 propos du Conseil r\u00e9gional - Conseil r\u00e9gional Nakonha:ka\" \/>\n<meta property=\"og:description\" content=\"[et_pb_section bb_built=\u00a0\u00bb1&Prime; fullwidth=\u00a0\u00bbon\u00a0\u00bb specialty=\u00a0\u00bboff\u00a0\u00bb _builder_version=\u00a0\u00bb3.19.18&Prime; background_size=\u00a0\u00bbinitial\u00a0\u00bb module_class=\u00a0\u00bbsub-banner\u00a0\u00bb next_background_color=\u00a0\u00bb#000000&Prime; global_module=\u00a0\u00bb499&Prime;][et_pb_fullwidth_image admin_label=\u00a0\u00bbglobal sub-banner &#8211; update\u00a0\u00bb global_parent=\u00a0\u00bb499&Prime; _builder_version=\u00a0\u00bb3.19.18&Prime; background_image=\u00a0\u00bbhttp:\/\/nakonhakaucc.ca\/fr\/wp-content\/uploads\/sites\/2\/2019\/09\/sunrise.jpg\u00a0\u00bb [&hellip;]\" \/>\n<meta property=\"og:url\" content=\"https:\/\/nakonhakaucc.ca\/fr\/a-propos\/conseil-regional\/\" \/>\n<meta property=\"og:site_name\" content=\"Conseil r\u00e9gional Nakonha:ka\" \/>\n<meta property=\"article:modified_time\" content=\"2020-01-21T22:15:41+00:00\" \/>\n<meta name=\"twitter:card\" content=\"summary_large_image\" \/>\n<meta name=\"twitter:label1\" content=\"Dur\u00e9e de lecture estim\u00e9e\" \/>\n\t<meta name=\"twitter:data1\" content=\"4 minutes\" \/>\n<script type=\"application\/ld+json\" class=\"yoast-schema-graph\">{\"@context\":\"https:\\\/\\\/schema.org\",\"@graph\":[{\"@type\":\"WebPage\",\"@id\":\"https:\\\/\\\/nakonhakaucc.ca\\\/fr\\\/a-propos\\\/conseil-regional\\\/\",\"url\":\"https:\\\/\\\/nakonhakaucc.ca\\\/fr\\\/a-propos\\\/conseil-regional\\\/\",\"name\":\"\u00c0 propos du Conseil r\u00e9gional - Conseil r\u00e9gional Nakonha:ka\",\"isPartOf\":{\"@id\":\"https:\\\/\\\/nakonhakaucc.ca\\\/fr\\\/#website\"},\"datePublished\":\"2018-11-08T03:46:38+00:00\",\"dateModified\":\"2020-01-21T22:15:41+00:00\",\"breadcrumb\":{\"@id\":\"https:\\\/\\\/nakonhakaucc.ca\\\/fr\\\/a-propos\\\/conseil-regional\\\/#breadcrumb\"},\"inLanguage\":\"fr-FR\",\"potentialAction\":[{\"@type\":\"ReadAction\",\"target\":[\"https:\\\/\\\/nakonhakaucc.ca\\\/fr\\\/a-propos\\\/conseil-regional\\\/\"]}]},{\"@type\":\"BreadcrumbList\",\"@id\":\"https:\\\/\\\/nakonhakaucc.ca\\\/fr\\\/a-propos\\\/conseil-regional\\\/#breadcrumb\",\"itemListElement\":[{\"@type\":\"ListItem\",\"position\":1,\"name\":\"Accueil\",\"item\":\"https:\\\/\\\/nakonhakaucc.ca\\\/fr\\\/\"},{\"@type\":\"ListItem\",\"position\":2,\"name\":\"\u00c0 propos\",\"item\":\"https:\\\/\\\/nakonhakaucc.ca\\\/fr\\\/a-propos\\\/\"},{\"@type\":\"ListItem\",\"position\":3,\"name\":\"\u00c0 propos du Conseil r\u00e9gional\"}]},{\"@type\":\"WebSite\",\"@id\":\"https:\\\/\\\/nakonhakaucc.ca\\\/fr\\\/#website\",\"url\":\"https:\\\/\\\/nakonhakaucc.ca\\\/fr\\\/\",\"name\":\"Conseil r\u00e9gional Nakonha:ka\",\"description\":\"site web Nakonha:ka (r\u00e9gion 13 de l&#039;\u00c9glise Unie du Canada)\",\"potentialAction\":[{\"@type\":\"SearchAction\",\"target\":{\"@type\":\"EntryPoint\",\"urlTemplate\":\"https:\\\/\\\/nakonhakaucc.ca\\\/fr\\\/?s={search_term_string}\"},\"query-input\":{\"@type\":\"PropertyValueSpecification\",\"valueRequired\":true,\"valueName\":\"search_term_string\"}}],\"inLanguage\":\"fr-FR\"}]}<\/script>\n<!-- \/ Yoast SEO plugin. -->","yoast_head_json":{"title":"\u00c0 propos du Conseil r\u00e9gional - Conseil r\u00e9gional Nakonha:ka","robots":{"index":"index","follow":"follow","max-snippet":"max-snippet:-1","max-image-preview":"max-image-preview:large","max-video-preview":"max-video-preview:-1"},"canonical":"https:\/\/nakonhakaucc.ca\/fr\/a-propos\/conseil-regional\/","og_locale":"fr_FR","og_type":"article","og_title":"\u00c0 propos du Conseil r\u00e9gional - Conseil r\u00e9gional Nakonha:ka","og_description":"[et_pb_section bb_built=\u00a0\u00bb1&Prime; fullwidth=\u00a0\u00bbon\u00a0\u00bb specialty=\u00a0\u00bboff\u00a0\u00bb _builder_version=\u00a0\u00bb3.19.18&Prime; background_size=\u00a0\u00bbinitial\u00a0\u00bb module_class=\u00a0\u00bbsub-banner\u00a0\u00bb next_background_color=\u00a0\u00bb#000000&Prime; global_module=\u00a0\u00bb499&Prime;][et_pb_fullwidth_image admin_label=\u00a0\u00bbglobal sub-banner &#8211; update\u00a0\u00bb global_parent=\u00a0\u00bb499&Prime; _builder_version=\u00a0\u00bb3.19.18&Prime; background_image=\u00a0\u00bbhttp:\/\/nakonhakaucc.ca\/fr\/wp-content\/uploads\/sites\/2\/2019\/09\/sunrise.jpg\u00a0\u00bb [&hellip;]","og_url":"https:\/\/nakonhakaucc.ca\/fr\/a-propos\/conseil-regional\/","og_site_name":"Conseil r\u00e9gional Nakonha:ka","article_modified_time":"2020-01-21T22:15:41+00:00","twitter_card":"summary_large_image","twitter_misc":{"Dur\u00e9e de lecture estim\u00e9e":"4 minutes"},"schema":{"@context":"https:\/\/schema.org","@graph":[{"@type":"WebPage","@id":"https:\/\/nakonhakaucc.ca\/fr\/a-propos\/conseil-regional\/","url":"https:\/\/nakonhakaucc.ca\/fr\/a-propos\/conseil-regional\/","name":"\u00c0 propos du Conseil r\u00e9gional - Conseil r\u00e9gional Nakonha:ka","isPartOf":{"@id":"https:\/\/nakonhakaucc.ca\/fr\/#website"},"datePublished":"2018-11-08T03:46:38+00:00","dateModified":"2020-01-21T22:15:41+00:00","breadcrumb":{"@id":"https:\/\/nakonhakaucc.ca\/fr\/a-propos\/conseil-regional\/#breadcrumb"},"inLanguage":"fr-FR","potentialAction":[{"@type":"ReadAction","target":["https:\/\/nakonhakaucc.ca\/fr\/a-propos\/conseil-regional\/"]}]},{"@type":"BreadcrumbList","@id":"https:\/\/nakonhakaucc.ca\/fr\/a-propos\/conseil-regional\/#breadcrumb","itemListElement":[{"@type":"ListItem","position":1,"name":"Accueil","item":"https:\/\/nakonhakaucc.ca\/fr\/"},{"@type":"ListItem","position":2,"name":"\u00c0 propos","item":"https:\/\/nakonhakaucc.ca\/fr\/a-propos\/"},{"@type":"ListItem","position":3,"name":"\u00c0 propos du Conseil r\u00e9gional"}]},{"@type":"WebSite","@id":"https:\/\/nakonhakaucc.ca\/fr\/#website","url":"https:\/\/nakonhakaucc.ca\/fr\/","name":"Conseil r\u00e9gional Nakonha:ka","description":"site web Nakonha:ka (r\u00e9gion 13 de l&#039;\u00c9glise Unie du Canada)","potentialAction":[{"@type":"SearchAction","target":{"@type":"EntryPoint","urlTemplate":"https:\/\/nakonhakaucc.ca\/fr\/?s={search_term_string}"},"query-input":{"@type":"PropertyValueSpecification","valueRequired":true,"valueName":"search_term_string"}}],"inLanguage":"fr-FR"}]}},"ticketed":false,"_links":{"self":[{"href":"https:\/\/nakonhakaucc.ca\/fr\/wp-json\/wp\/v2\/pages\/174","targetHints":{"allow":["GET"]}}],"collection":[{"href":"https:\/\/nakonhakaucc.ca\/fr\/wp-json\/wp\/v2\/pages"}],"about":[{"href":"https:\/\/nakonhakaucc.ca\/fr\/wp-json\/wp\/v2\/types\/page"}],"author":[{"embeddable":true,"href":"https:\/\/nakonhakaucc.ca\/fr\/wp-json\/wp\/v2\/users\/5"}],"replies":[{"embeddable":true,"href":"https:\/\/nakonhakaucc.ca\/fr\/wp-json\/wp\/v2\/comments?post=174"}],"version-history":[{"count":14,"href":"https:\/\/nakonhakaucc.ca\/fr\/wp-json\/wp\/v2\/pages\/174\/revisions"}],"predecessor-version":[{"id":2419,"href":"https:\/\/nakonhakaucc.ca\/fr\/wp-json\/wp\/v2\/pages\/174\/revisions\/2419"}],"up":[{"embeddable":true,"href":"https:\/\/nakonhakaucc.ca\/fr\/wp-json\/wp\/v2\/pages\/162"}],"wp:attachment":[{"href":"https:\/\/nakonhakaucc.ca\/fr\/wp-json\/wp\/v2\/media?parent=174"}],"curies":[{"name":"wp","href":"https:\/\/api.w.org\/{rel}","templated":true}]}}