{"id":180,"date":"2018-11-07T22:46:38","date_gmt":"2018-11-08T03:46:38","guid":{"rendered":"https:\/\/ucc-regions-1.apluspc.ca\/administration\/archives\/"},"modified":"2022-05-11T11:04:03","modified_gmt":"2022-05-11T15:04:03","slug":"archives","status":"publish","type":"page","link":"https:\/\/nakonhakaucc.ca\/fr\/ressources\/archives\/","title":{"rendered":"Archives"},"content":{"rendered":"<p>[et_pb_section fb_built=\u00a0\u00bb1&Prime; fullwidth=\u00a0\u00bbon\u00a0\u00bb module_class=\u00a0\u00bbsub-banner\u00a0\u00bb _builder_version=\u00a0\u00bb3.19.18&Prime; background_size=\u00a0\u00bbinitial\u00a0\u00bb global_module=\u00a0\u00bb499&Prime; global_colors_info=\u00a0\u00bb{}\u00a0\u00bb][et_pb_fullwidth_image admin_label=\u00a0\u00bbglobal sub-banner &#8211; update\u00a0\u00bb _builder_version=\u00a0\u00bb4.16&Prime; background_image=\u00a0\u00bbhttps:\/\/nakonhakaucc.ca\/fr\/wp-content\/uploads\/sites\/2\/2019\/09\/sunrise.jpg\u00a0\u00bb background_position=\u00a0\u00bbtop_center\u00a0\u00bb global_colors_info=\u00a0\u00bb{}\u00a0\u00bb][\/et_pb_fullwidth_image][\/et_pb_section][et_pb_section fb_built=\u00a0\u00bb1&Prime; _builder_version=\u00a0\u00bb4.16&Prime; global_colors_info=\u00a0\u00bb{}\u00a0\u00bb][et_pb_row _builder_version=\u00a0\u00bb4.16&Prime; background_size=\u00a0\u00bbinitial\u00a0\u00bb background_position=\u00a0\u00bbtop_left\u00a0\u00bb background_repeat=\u00a0\u00bbrepeat\u00a0\u00bb global_colors_info=\u00a0\u00bb{}\u00a0\u00bb column_structure=\u00a0\u00bb2_3,1_3&Prime;][et_pb_column type=\u00a0\u00bb2_3&Prime; _builder_version=\u00a0\u00bb4.16&Prime; custom_padding=\u00a0\u00bb|||\u00a0\u00bb global_colors_info=\u00a0\u00bb{}\u00a0\u00bb custom_padding__hover=\u00a0\u00bb|||\u00a0\u00bb][et_pb_text _builder_version=\u00a0\u00bb4.17.3&Prime; hover_enabled=\u00a0\u00bb0&Prime; global_colors_info=\u00a0\u00bb{}\u00a0\u00bb sticky_enabled=\u00a0\u00bb0&Prime;]<\/p>\n<h1>Archives<\/h1>\n<p>Les archives de l&rsquo;\u00c9glise Unie du Canada sont conserv\u00e9es dans tout le pays aux Archives r\u00e9gionales et aux Archives du Conseil g\u00e9n\u00e9ral.<\/p>\n<h2>Archives du Conseil r\u00e9gional Nakonha:ka<\/h2>\n<p><strong>Demandes g\u00e9n\u00e9alogiques :<\/strong><br \/>Remplissez le <a href=\"https:\/\/nakonhakaucc.ca\/fr\/wp-content\/uploads\/sites\/2\/2022\/05\/Formulaire-de-demande-de-documents-2021_version-finale.docx\" rel=\"attachment wp-att-4546\">formulaire de demande g\u00e9n\u00e9alogique<\/a> et retournez-le avec votre paiement et une preuve d\u2019identit\u00e9.<\/p>\n<p><strong>Information pour les paroisses :<\/strong><\/p>\n<ul>\n<li><a href=\"https:\/\/nakonhakaucc.ca\/fr\/wp-content\/uploads\/sites\/2\/2020\/01\/What-does-the-Archives-want-FS_ENG-FR_REV.pdf\">Que veulent les Archives<\/a><\/li>\n<li><a href=\"https:\/\/nakonhakaucc.ca\/fr\/wp-content\/uploads\/sites\/2\/2020\/01\/archives-records-schedule_ENG-FR_REV.pdf\">Calendrier de conservation<\/a><\/li>\n<li><a href=\"https:\/\/nakonhakaucc.ca\/fr\/wp-content\/uploads\/sites\/2\/2020\/01\/Guidelines-for-Maintaining-the-Historic-Roll_ENG-FR_REV.pdf\">Lignes directrices pour la tenue du registre continu des membres<\/a><\/li>\n<\/ul>\n<p>D\u2019autres documents pour les communaut\u00e9s de foi se trouvent \u00e0 : <a href=\"https:\/\/www.unitedchurcharchives.ca\/transferring-records\/congregations\/\">https:\/\/www.unitedchurcharchives.ca\/transferring-records\/congregations\/<\/a><\/p>\n<h2>Archives r\u00e9gionales<\/h2>\n<p>(Vancouver, Edmonton, Regina, Winnipeg, Toronto, Montr\u00e9al, Sackville, St. Johns)<\/p>\n<ul>\n<li>Les Archives r\u00e9gionales contiennent des archives des r\u00e9gions, des communaut\u00e9s de foi, des anciens synodes et consistoires.<\/li>\n<li>Les Archives r\u00e9gionales contiennent divers types de documents: documents administratifs, documents des communaut\u00e9s de fois, registres et statistiques de l&rsquo;\u00e9tat civil et collections de fichiers historiques de paroisse et communaut\u00e9s locales.<\/li>\n<li>Les Archives r\u00e9gionales traitent toutes les demandes de certificats (bapt\u00eame, mariage)<\/li>\n<\/ul>\n<p>Visitez le <a href=\"https:\/\/www.united-church.ca\/leadership\/church-administration\/united-church-canada-archives\">site Web des archives de l&rsquo;\u00c9glise Unie du Canada<\/a> (en anglais) pour obtenir les coordonn\u00e9es des archivistes r\u00e9gionaux, des liens vers leurs sites Web et des informations sur l&rsquo;envoi de documents aux archives r\u00e9gionales.<\/p>\n<h2>Archives du Conseil g\u00e9n\u00e9ral<\/h2>\n<p>(Toronto)<\/p>\n<ul>\n<li>Les Archives du Conseil g\u00e9n\u00e9ral contiennent les archives du Conseil g\u00e9n\u00e9ral de l&rsquo;\u00c9glise Unie et des \u00c9glises qui l&rsquo;ont pr\u00e9c\u00e9d\u00e9e (m\u00e9thodistes, certaines presbyt\u00e9riennes, fr\u00e8res \u00e9vang\u00e9liques unis et congr\u00e9gationalistes).<\/li>\n<li>Les Archives du Conseil g\u00e9n\u00e9ral rassemblent \u00e9galement des documents personnels des dirigeants de l&rsquo;\u00c9glise et des membres \u00e9minents de la communaut\u00e9 eccl\u00e9siastique, des documents interconfessionnels et \u0153cum\u00e9niques, des documents sur la justice sociale et l&rsquo;histoire de l&rsquo;\u00c9glise au Canada, des photographies et des documents concernant les missions, ainsi qu&rsquo;une vaste collection de publications et d&rsquo;annales.<\/li>\n<\/ul>\n<p>Visitez le <a href=\"https:\/\/www.united-church.ca\/leadership\/church-administration\/united-church-canada-archives\">site Web des archives de l&rsquo;\u00c9glise Unie du Canada<\/a> (en anglais) pour en savoir plus.<\/p>\n<p>[\/et_pb_text][\/et_pb_column][et_pb_column type=\u00a0\u00bb1_3&Prime; _builder_version=\u00a0\u00bb4.16&Prime; custom_padding=\u00a0\u00bb|||\u00a0\u00bb global_colors_info=\u00a0\u00bb{}\u00a0\u00bb custom_padding__hover=\u00a0\u00bb|||\u00a0\u00bb][et_pb_image src=\u00a0\u00bbhttps:\/\/nakonhakaucc.ca\/fr\/wp-content\/uploads\/sites\/2\/2020\/02\/beatriz-perez-moya-XN4T2PVUUgk-unsplash-scaled.jpg\u00a0\u00bb align_tablet=\u00a0\u00bbcenter\u00a0\u00bb align_last_edited=\u00a0\u00bbon|desktop\u00a0\u00bb _builder_version=\u00a0\u00bb4.16&Prime; global_colors_info=\u00a0\u00bb{}\u00a0\u00bb align_phone=\u00a0\u00bbcenter\u00a0\u00bb][\/et_pb_image][et_pb_text _builder_version=\u00a0\u00bb4.16&Prime; global_colors_info=\u00a0\u00bb{}\u00a0\u00bb]<\/p>\n<h3>Au sujet des inscriptions des documents archiv\u00e9s<\/h3>\n<p>Pour les documents provenant des anciens consistoires de Montr\u00e9al et Laurentien ainsi que de leurs charges pastorales, de m\u00eame que pour ceux des charges pastorales relevant autrefois du Consistoire Qu\u00e9bec-Sherbrooke hors des Cantons-de-l\u2019Est, de m\u00eame que pour les documents provenant des charges pastorales qu\u00e9b\u00e9coises en Outaouais, r\u00e9f\u00e9rez-vous \u00e0 la :<br \/><a href=\"https:\/\/www.banq.qc.ca\/archives\/\">https:\/\/www.banq.qc.ca\/archives\/<\/a><\/p>\n<ul>\n<li>La documentation provenant des consistoires de Montr\u00e9al et Laurentien ainsi que de leurs charges pastorales est en d\u00e9p\u00f4t \u00e0 la succursale BAnQ-Vieux-Montr\u00e9al.<\/li>\n<li>La documentation provenant des charges pastorales qu\u00e9b\u00e9coises en Outaouais se retrouve \u00e0 la succursale BAnQ-Vieux-Montr\u00e9al, \u00e0 l\u2019exception des documents provenant des paroisses fusionn\u00e9es qui ont form\u00e9 la Grace United Church, de Gatineau, qui eux sont en d\u00e9p\u00f4t \u00e0 la succursale BAnQ-Gatineau.<\/li>\n<li>La documentation provenant des charges pastorales du Consistoire Qu\u00e9bec-Sherbrooke hors des Cantons-de-l\u2019Est se retrouve \u00e0 la succursale BAnQ-Sherbrooke.<\/li>\n<\/ul>\n<p>Quant aux documents provenant des charges pastorales des Cantons-de-l\u2019Est et du Consistoire Qu\u00e9bec-Sherbrooke, ils se retrouvent ici :<br \/><a href=\"https:\/\/www.townshipsarchives.ca\/eastern-townships-resource-centre\">https:\/\/www.townshipsarchives.ca\/eastern-townships-resource-centre<\/a><\/p>\n<p><em>Veuillez noter que les documents provenant des anciens consistoires d\u2019Ottawa et de Seaway Valley sont en d\u00e9p\u00f4t aux Ottawa City Archives; vous en trouverez le r\u00e9pertoire sur le site Web du Conseil r\u00e9gional de l\u2019Est de l\u2019Ontario et de l\u2019Outaouais : <a href=\"https:\/\/eoorc.ca\/\">https:\/\/eoorc.ca\/<\/a><\/em><\/p>\n<p>[\/et_pb_text][\/et_pb_column][\/et_pb_row][\/et_pb_section][et_pb_section fb_built=\u00a0\u00bb1&Prime; admin_label=\u00a0\u00bbCall To Action Box\u00a0\u00bb module_class=\u00a0\u00bbsub-call-to-action\u00a0\u00bb _builder_version=\u00a0\u00bb3.19.18&Prime; background_image=\u00a0\u00bbhttps:\/\/ucc-regions-1.apluspc.ca\/wp-content\/uploads\/2018\/11\/call-to-action-bg.jpg\u00a0\u00bb custom_css_main_element=\u00a0\u00bbdisplay: none !important;\u00a0\u00bb global_module=\u00a0\u00bb496&Prime; global_colors_info=\u00a0\u00bb{}\u00a0\u00bb][et_pb_row _builder_version=\u00a0\u00bb4.16&Prime; background_size=\u00a0\u00bbinitial\u00a0\u00bb background_position=\u00a0\u00bbtop_left\u00a0\u00bb background_repeat=\u00a0\u00bbrepeat\u00a0\u00bb global_colors_info=\u00a0\u00bb{}\u00a0\u00bb][et_pb_column type=\u00a0\u00bb4_4&Prime; _builder_version=\u00a0\u00bb4.16&Prime; custom_padding=\u00a0\u00bb|||\u00a0\u00bb global_colors_info=\u00a0\u00bb{}\u00a0\u00bb custom_padding__hover=\u00a0\u00bb|||\u00a0\u00bb][et_pb_text admin_label=\u00a0\u00bbGlobal Call to Action Title and Text\u00a0\u00bb _builder_version=\u00a0\u00bb4.16&Prime; global_colors_info=\u00a0\u00bb{}\u00a0\u00bb]<\/p>\n<h3>Call to Action<\/h3>\n<p>Lorem ipsum dolor sit amet, consectetur adipiscing elit. Praesent ultrices dui, accumsan iaculis neque blandit quis. Nam ut dolor tempus, porttitor sem a, hendrerit libero. Ut lacinia congue massa sit amet lacinia. Suspendisse vel efficitur est.<\/p>\n<p>\u00a0<\/p>\n<p>[\/et_pb_text][et_pb_button button_url=\u00a0\u00bb#\u00a0\u00bb button_text=\u00a0\u00bbLearn More\u00a0\u00bb button_alignment=\u00a0\u00bbcenter\u00a0\u00bb admin_label=\u00a0\u00bbGlobal Call to Action Button\u00a0\u00bb module_id=\u00a0\u00bbwhite-button-blue-text\u00a0\u00bb module_class=\u00a0\u00bbsub-cta-button\u00a0\u00bb _builder_version=\u00a0\u00bb4.16&Prime; global_colors_info=\u00a0\u00bb{}\u00a0\u00bb][\/et_pb_button][\/et_pb_column][\/et_pb_row][\/et_pb_section]<\/p>\n","protected":false},"excerpt":{"rendered":"<p>[et_pb_section fb_built=\u00a0\u00bb1&Prime; fullwidth=\u00a0\u00bbon\u00a0\u00bb module_class=\u00a0\u00bbsub-banner\u00a0\u00bb _builder_version=\u00a0\u00bb3.19.18&Prime; background_size=\u00a0\u00bbinitial\u00a0\u00bb global_module=\u00a0\u00bb499&Prime; global_colors_info=\u00a0\u00bb{}\u00a0\u00bb][et_pb_fullwidth_image admin_label=\u00a0\u00bbglobal sub-banner &#8211; update\u00a0\u00bb _builder_version=\u00a0\u00bb4.16&Prime; background_image=\u00a0\u00bbhttps:\/\/nakonhakaucc.ca\/fr\/wp-content\/uploads\/sites\/2\/2019\/09\/sunrise.jpg\u00a0\u00bb background_position=\u00a0\u00bbtop_center\u00a0\u00bb global_colors_info=\u00a0\u00bb{}\u00a0\u00bb][\/et_pb_fullwidth_image][\/et_pb_section][et_pb_section [&hellip;]<\/p>\n","protected":false},"author":5,"featured_media":0,"parent":165,"menu_order":3,"comment_status":"closed","ping_status":"closed","template":"","meta":{"_acf_changed":false,"_et_pb_use_builder":"on","_et_pb_old_content":"","_et_gb_content_width":"","_exactmetrics_skip_tracking":false,"_exactmetrics_sitenote_active":false,"_exactmetrics_sitenote_note":"","_exactmetrics_sitenote_category":0,"_price":"","_stock":"","_tribe_ticket_header":"","_tribe_default_ticket_provider":"","_tribe_ticket_capacity":"0","_ticket_start_date":"","_ticket_end_date":"","_tribe_ticket_show_description":"","_tribe_ticket_show_not_going":false,"_tribe_ticket_use_global_stock":"","_tribe_ticket_global_stock_level":"","_global_stock_mode":"","_global_stock_cap":"","_tribe_rsvp_for_event":"","_tribe_ticket_going_count":"","_tribe_ticket_not_going_count":"","_tribe_tickets_list":"[]","_tribe_ticket_has_attendee_info_fields":false,"footnotes":"","_tec_slr_enabled":"","_tec_slr_layout":""},"class_list":["post-180","page","type-page","status-publish","hentry"],"acf":[],"yoast_head":"<!-- This site is optimized with the Yoast SEO plugin v27.5 - https:\/\/yoast.com\/product\/yoast-seo-wordpress\/ -->\n<title>Archives - Conseil r\u00e9gional Nakonha:ka<\/title>\n<meta name=\"robots\" content=\"index, follow, max-snippet:-1, max-image-preview:large, max-video-preview:-1\" \/>\n<link rel=\"canonical\" href=\"https:\/\/nakonhakaucc.ca\/fr\/ressources\/archives\/\" \/>\n<meta property=\"og:locale\" content=\"fr_FR\" \/>\n<meta property=\"og:type\" content=\"article\" \/>\n<meta property=\"og:title\" content=\"Archives - Conseil r\u00e9gional Nakonha:ka\" \/>\n<meta property=\"og:description\" content=\"[et_pb_section fb_built=\u00a0\u00bb1&Prime; fullwidth=\u00a0\u00bbon\u00a0\u00bb module_class=\u00a0\u00bbsub-banner\u00a0\u00bb _builder_version=\u00a0\u00bb3.19.18&Prime; background_size=\u00a0\u00bbinitial\u00a0\u00bb global_module=\u00a0\u00bb499&Prime; global_colors_info=\u00a0\u00bb{}\u00a0\u00bb][et_pb_fullwidth_image admin_label=\u00a0\u00bbglobal sub-banner &#8211; update\u00a0\u00bb _builder_version=\u00a0\u00bb4.16&Prime; background_image=\u00a0\u00bbhttps:\/\/nakonhakaucc.ca\/fr\/wp-content\/uploads\/sites\/2\/2019\/09\/sunrise.jpg\u00a0\u00bb background_position=\u00a0\u00bbtop_center\u00a0\u00bb global_colors_info=\u00a0\u00bb{}\u00a0\u00bb][\/et_pb_fullwidth_image][\/et_pb_section][et_pb_section [&hellip;]\" \/>\n<meta property=\"og:url\" content=\"https:\/\/nakonhakaucc.ca\/fr\/ressources\/archives\/\" \/>\n<meta property=\"og:site_name\" content=\"Conseil r\u00e9gional Nakonha:ka\" \/>\n<meta property=\"article:modified_time\" content=\"2022-05-11T15:04:03+00:00\" \/>\n<meta name=\"twitter:card\" content=\"summary_large_image\" \/>\n<meta name=\"twitter:label1\" content=\"Dur\u00e9e de lecture estim\u00e9e\" \/>\n\t<meta name=\"twitter:data1\" content=\"5 minutes\" \/>\n<script type=\"application\/ld+json\" class=\"yoast-schema-graph\">{\"@context\":\"https:\\\/\\\/schema.org\",\"@graph\":[{\"@type\":\"WebPage\",\"@id\":\"https:\\\/\\\/nakonhakaucc.ca\\\/fr\\\/ressources\\\/archives\\\/\",\"url\":\"https:\\\/\\\/nakonhakaucc.ca\\\/fr\\\/ressources\\\/archives\\\/\",\"name\":\"Archives - Conseil r\u00e9gional Nakonha:ka\",\"isPartOf\":{\"@id\":\"https:\\\/\\\/nakonhakaucc.ca\\\/fr\\\/#website\"},\"datePublished\":\"2018-11-08T03:46:38+00:00\",\"dateModified\":\"2022-05-11T15:04:03+00:00\",\"breadcrumb\":{\"@id\":\"https:\\\/\\\/nakonhakaucc.ca\\\/fr\\\/ressources\\\/archives\\\/#breadcrumb\"},\"inLanguage\":\"fr-FR\",\"potentialAction\":[{\"@type\":\"ReadAction\",\"target\":[\"https:\\\/\\\/nakonhakaucc.ca\\\/fr\\\/ressources\\\/archives\\\/\"]}]},{\"@type\":\"BreadcrumbList\",\"@id\":\"https:\\\/\\\/nakonhakaucc.ca\\\/fr\\\/ressources\\\/archives\\\/#breadcrumb\",\"itemListElement\":[{\"@type\":\"ListItem\",\"position\":1,\"name\":\"Accueil\",\"item\":\"https:\\\/\\\/nakonhakaucc.ca\\\/fr\\\/\"},{\"@type\":\"ListItem\",\"position\":2,\"name\":\"Ressources\",\"item\":\"https:\\\/\\\/nakonhakaucc.ca\\\/fr\\\/ressources\\\/\"},{\"@type\":\"ListItem\",\"position\":3,\"name\":\"Archives\"}]},{\"@type\":\"WebSite\",\"@id\":\"https:\\\/\\\/nakonhakaucc.ca\\\/fr\\\/#website\",\"url\":\"https:\\\/\\\/nakonhakaucc.ca\\\/fr\\\/\",\"name\":\"Conseil r\u00e9gional Nakonha:ka\",\"description\":\"site web Nakonha:ka (r\u00e9gion 13 de l&#039;\u00c9glise Unie du Canada)\",\"potentialAction\":[{\"@type\":\"SearchAction\",\"target\":{\"@type\":\"EntryPoint\",\"urlTemplate\":\"https:\\\/\\\/nakonhakaucc.ca\\\/fr\\\/?s={search_term_string}\"},\"query-input\":{\"@type\":\"PropertyValueSpecification\",\"valueRequired\":true,\"valueName\":\"search_term_string\"}}],\"inLanguage\":\"fr-FR\"}]}<\/script>\n<!-- \/ Yoast SEO plugin. -->","yoast_head_json":{"title":"Archives - Conseil r\u00e9gional Nakonha:ka","robots":{"index":"index","follow":"follow","max-snippet":"max-snippet:-1","max-image-preview":"max-image-preview:large","max-video-preview":"max-video-preview:-1"},"canonical":"https:\/\/nakonhakaucc.ca\/fr\/ressources\/archives\/","og_locale":"fr_FR","og_type":"article","og_title":"Archives - Conseil r\u00e9gional Nakonha:ka","og_description":"[et_pb_section fb_built=\u00a0\u00bb1&Prime; fullwidth=\u00a0\u00bbon\u00a0\u00bb module_class=\u00a0\u00bbsub-banner\u00a0\u00bb _builder_version=\u00a0\u00bb3.19.18&Prime; background_size=\u00a0\u00bbinitial\u00a0\u00bb global_module=\u00a0\u00bb499&Prime; global_colors_info=\u00a0\u00bb{}\u00a0\u00bb][et_pb_fullwidth_image admin_label=\u00a0\u00bbglobal sub-banner &#8211; update\u00a0\u00bb _builder_version=\u00a0\u00bb4.16&Prime; background_image=\u00a0\u00bbhttps:\/\/nakonhakaucc.ca\/fr\/wp-content\/uploads\/sites\/2\/2019\/09\/sunrise.jpg\u00a0\u00bb background_position=\u00a0\u00bbtop_center\u00a0\u00bb global_colors_info=\u00a0\u00bb{}\u00a0\u00bb][\/et_pb_fullwidth_image][\/et_pb_section][et_pb_section [&hellip;]","og_url":"https:\/\/nakonhakaucc.ca\/fr\/ressources\/archives\/","og_site_name":"Conseil r\u00e9gional Nakonha:ka","article_modified_time":"2022-05-11T15:04:03+00:00","twitter_card":"summary_large_image","twitter_misc":{"Dur\u00e9e de lecture estim\u00e9e":"5 minutes"},"schema":{"@context":"https:\/\/schema.org","@graph":[{"@type":"WebPage","@id":"https:\/\/nakonhakaucc.ca\/fr\/ressources\/archives\/","url":"https:\/\/nakonhakaucc.ca\/fr\/ressources\/archives\/","name":"Archives - Conseil r\u00e9gional Nakonha:ka","isPartOf":{"@id":"https:\/\/nakonhakaucc.ca\/fr\/#website"},"datePublished":"2018-11-08T03:46:38+00:00","dateModified":"2022-05-11T15:04:03+00:00","breadcrumb":{"@id":"https:\/\/nakonhakaucc.ca\/fr\/ressources\/archives\/#breadcrumb"},"inLanguage":"fr-FR","potentialAction":[{"@type":"ReadAction","target":["https:\/\/nakonhakaucc.ca\/fr\/ressources\/archives\/"]}]},{"@type":"BreadcrumbList","@id":"https:\/\/nakonhakaucc.ca\/fr\/ressources\/archives\/#breadcrumb","itemListElement":[{"@type":"ListItem","position":1,"name":"Accueil","item":"https:\/\/nakonhakaucc.ca\/fr\/"},{"@type":"ListItem","position":2,"name":"Ressources","item":"https:\/\/nakonhakaucc.ca\/fr\/ressources\/"},{"@type":"ListItem","position":3,"name":"Archives"}]},{"@type":"WebSite","@id":"https:\/\/nakonhakaucc.ca\/fr\/#website","url":"https:\/\/nakonhakaucc.ca\/fr\/","name":"Conseil r\u00e9gional Nakonha:ka","description":"site web Nakonha:ka (r\u00e9gion 13 de l&#039;\u00c9glise Unie du Canada)","potentialAction":[{"@type":"SearchAction","target":{"@type":"EntryPoint","urlTemplate":"https:\/\/nakonhakaucc.ca\/fr\/?s={search_term_string}"},"query-input":{"@type":"PropertyValueSpecification","valueRequired":true,"valueName":"search_term_string"}}],"inLanguage":"fr-FR"}]}},"ticketed":false,"_links":{"self":[{"href":"https:\/\/nakonhakaucc.ca\/fr\/wp-json\/wp\/v2\/pages\/180","targetHints":{"allow":["GET"]}}],"collection":[{"href":"https:\/\/nakonhakaucc.ca\/fr\/wp-json\/wp\/v2\/pages"}],"about":[{"href":"https:\/\/nakonhakaucc.ca\/fr\/wp-json\/wp\/v2\/types\/page"}],"author":[{"embeddable":true,"href":"https:\/\/nakonhakaucc.ca\/fr\/wp-json\/wp\/v2\/users\/5"}],"replies":[{"embeddable":true,"href":"https:\/\/nakonhakaucc.ca\/fr\/wp-json\/wp\/v2\/comments?post=180"}],"version-history":[{"count":17,"href":"https:\/\/nakonhakaucc.ca\/fr\/wp-json\/wp\/v2\/pages\/180\/revisions"}],"predecessor-version":[{"id":4547,"href":"https:\/\/nakonhakaucc.ca\/fr\/wp-json\/wp\/v2\/pages\/180\/revisions\/4547"}],"up":[{"embeddable":true,"href":"https:\/\/nakonhakaucc.ca\/fr\/wp-json\/wp\/v2\/pages\/165"}],"wp:attachment":[{"href":"https:\/\/nakonhakaucc.ca\/fr\/wp-json\/wp\/v2\/media?parent=180"}],"curies":[{"name":"wp","href":"https:\/\/api.w.org\/{rel}","templated":true}]}}