{"id":1948,"date":"2019-08-15T14:32:38","date_gmt":"2019-08-15T14:32:38","guid":{"rendered":"http:\/\/nakonhakaucc.ca\/fr\/?page_id=1948"},"modified":"2024-12-23T14:22:43","modified_gmt":"2024-12-23T19:22:43","slug":"shanna-bernier","status":"publish","type":"page","link":"https:\/\/nakonhakaucc.ca\/fr\/a-propos\/personnel\/shanna-bernier\/","title":{"rendered":"Shanna Bernier"},"content":{"rendered":"<p>[et_pb_section fb_built=\u00a0\u00bb1&Prime; fullwidth=\u00a0\u00bbon\u00a0\u00bb module_class=\u00a0\u00bbsub-banner\u00a0\u00bb _builder_version=\u00a0\u00bb3.19.18&Prime; background_size=\u00a0\u00bbinitial\u00a0\u00bb global_module=\u00a0\u00bb499&Prime; global_colors_info=\u00a0\u00bb{}\u00a0\u00bb][et_pb_fullwidth_image admin_label=\u00a0\u00bbglobal sub-banner &#8211; update\u00a0\u00bb _builder_version=\u00a0\u00bb4.16&Prime; background_image=\u00a0\u00bbhttps:\/\/nakonhakaucc.ca\/fr\/wp-content\/uploads\/sites\/2\/2019\/09\/sunrise.jpg\u00a0\u00bb background_position=\u00a0\u00bbtop_center\u00a0\u00bb global_colors_info=\u00a0\u00bb{}\u00a0\u00bb][\/et_pb_fullwidth_image][\/et_pb_section][et_pb_section fb_built=\u00a0\u00bb1&Prime; _builder_version=\u00a0\u00bb4.16&Prime; global_colors_info=\u00a0\u00bb{}\u00a0\u00bb][et_pb_row _builder_version=\u00a0\u00bb4.16&Prime; background_size=\u00a0\u00bbinitial\u00a0\u00bb background_position=\u00a0\u00bbtop_left\u00a0\u00bb background_repeat=\u00a0\u00bbrepeat\u00a0\u00bb global_colors_info=\u00a0\u00bb{}\u00a0\u00bb column_structure=\u00a0\u00bb3_4,1_4&Prime;][et_pb_column type=\u00a0\u00bb3_4&Prime; _builder_version=\u00a0\u00bb4.16&Prime; custom_padding=\u00a0\u00bb|||\u00a0\u00bb global_colors_info=\u00a0\u00bb{}\u00a0\u00bb custom_padding__hover=\u00a0\u00bb|||\u00a0\u00bb][et_pb_text admin_label=\u00a0\u00bbShanna Bernier\u00a0\u00bb _builder_version=\u00a0\u00bb4.27.4&Prime; hover_enabled=\u00a0\u00bb0&Prime; global_colors_info=\u00a0\u00bb{}\u00a0\u00bb sticky_enabled=\u00a0\u00bb0&Prime;]<\/p>\n<h1>Shanna Bernier<\/h1>\n<h3>Responsable du programme destin\u00e9 aux jeunes et aux jeunes adultes<\/h3>\n<p><strong>Courriel :<\/strong> <a href=\"&#109;&#x61;i&#x6c;&#x74;&#111;&#x3a;S&#x42;&#x65;&#114;&#x6e;i&#x65;&#x72;&#64;&#x75;n&#x69;&#x74;&#101;&#x64;-&#x63;&#x68;&#117;&#x72;c&#x68;&#x2e;&#99;&#x61;\">Shanna Bernier<\/a><\/p>\n<h1><img loading=\"lazy\" decoding=\"async\" class=\"size-medium wp-image-1861 alignleft\" src=\"https:\/\/nakonhakaucc.ca\/fr\/wp-content\/uploads\/sites\/2\/2019\/07\/ShannaBernier-Spring2019-300x300.jpg\" alt=\"Shanna Bernier\" width=\"300\" height=\"300\" srcset=\"https:\/\/nakonhakaucc.ca\/fr\/wp-content\/uploads\/sites\/2\/2019\/07\/ShannaBernier-Spring2019-300x300.jpg 300w, https:\/\/nakonhakaucc.ca\/fr\/wp-content\/uploads\/sites\/2\/2019\/07\/ShannaBernier-Spring2019-150x150.jpg 150w, https:\/\/nakonhakaucc.ca\/fr\/wp-content\/uploads\/sites\/2\/2019\/07\/ShannaBernier-Spring2019.jpg 600w\" sizes=\"(max-width: 300px) 100vw, 300px\" \/><\/h1>\n<p>Depuis le 1er janvier 2019, Shanna a d\u00e9but\u00e9 son service au Conseil r\u00e9gional Nakonha:ka Regional \u00e0 titre de responsable du programme destin\u00e9 aux jeunes et aux jeunes adultes. Elle n\u2019est pas une inconnue parmi nous puisqu\u2019elle a \u0153uvr\u00e9 durant les huit derni\u00e8res ann\u00e9es \u00e0 diff\u00e9rents titres au sein des anciens consistoires (Qu\u00e9bec-Sherbrooke, du Qu\u00e9bec) et du Synode MO. Elle a une formation en enseignement des beaux-arts et d\u00e9tient un baccalaur\u00e9at dans ce domaine de l\u2019universit\u00e9 Bishop\u2019s, depuis 2011. Elle a toujours aim\u00e9 travailler avec les enfants et les adolescents et l\u2019\u00e9ducation est une de ses passions. Apr\u00e8s une ann\u00e9e de suppl\u00e9ance en enseignement, elle a discern\u00e9 que le minist\u00e8re jeunesse \u00e9tait vraiment son appel et s\u2019efforce depuis lors d\u2019en faire son occupation principale!<\/p>\n<p>Dans cette nouvelle fonction, Shanna va poursuivre son travail d\u2019encadrement et d\u2019animation des programmes jeunesses en cours dans le Conseil r\u00e9gional Nakonha:ka, tels le forum jeunesse, les camps et les grands rassemblements (FJJA) de l\u2019\u00c9glise. Elle va aussi \u00e9laborer de nouveaux programmes, assurer la formation de b\u00e9n\u00e9voles par des \u00e9v\u00e8nements ponctuels, en veillant \u00e0 relier en r\u00e9seau les diff\u00e9rents minist\u00e8res jeunesse de notre r\u00e9gion. Elle souhaite visiter de nombreuses paroisses pour mieux conna\u00eetre les gens qui y vivent. Aspect positif d\u2019un travail \u00e0 temps plein, elle est disponible pour des consultations et de l\u2019accompagnement pastoral de jeunes et de jeunes adultes qui n\u2019ont pas de paroisse d\u2019appartenance.<\/p>\n<p>Shanna travaille de son bureau \u00e0 Sherbrooke, mais peut \u00eatre rejointe au t\u00e9l\u00e9phone, par vid\u00e9o-conf\u00e9rence ou courriel partout! Elle fera des tourn\u00e9es le plus possible alors restez \u00e0 l\u2019aff\u00fbt de son passage lors d\u2019un \u00e9v\u00e9nement qu\u2019elle animera pr\u00e8s de chez vous.<\/p>\n<p>&nbsp;<\/p>\n<p>[\/et_pb_text][\/et_pb_column][et_pb_column type=\u00a0\u00bb1_4&Prime; _builder_version=\u00a0\u00bb4.16&Prime; custom_padding=\u00a0\u00bb|||\u00a0\u00bb global_colors_info=\u00a0\u00bb{}\u00a0\u00bb custom_padding__hover=\u00a0\u00bb|||\u00a0\u00bb][et_pb_text admin_label=\u00a0\u00bbAll Staff List\u00a0\u00bb _builder_version=\u00a0\u00bb4.27.4&Prime; global_module=\u00a0\u00bb627&Prime; saved_tabs=\u00a0\u00bball\u00a0\u00bb global_colors_info=\u00a0\u00bb{}\u00a0\u00bb]<\/p>\n<p>&lt; <a href=\"https:\/\/nakonhakaucc.ca\/fr\/a-propos\/personnel\/\">Liste de personnel<\/a><\/p>\n<h3>Personnel<\/h3>\n<ul>\n<li style=\"list-style-type: none;\">\n<ul>\n<li><a href=\"https:\/\/nakonhakaucc.ca\/fr\/a-propos\/personnel\/pasteur-eric-hebert-daly\/\">Pasteur \u00c9ric H\u00e9bert-Daly<\/a><\/li>\n<li><a href=\"https:\/\/nakonhakaucc.ca\/fr\/a-propos\/personnel\/joel-miller\">Joel Miller<\/a><\/li>\n<li><a href=\"https:\/\/nakonhakaucc.ca\/fr\/a-propos\/personnel\/daniel-hayward\/\">Pasteur Daniel Hayward<\/a><\/li>\n<li><a href=\"https:\/\/nakonhakaucc.ca\/fr\/a-propos\/personnel\/Shanna-Bernier\">Shanna Bernier<\/a><\/li>\n<li><a href=\"https:\/\/nakonhakaucc.ca\/fr\/a-propos\/personnel\/Brian-Ruse\">Brian Ruse<\/a><\/li>\n<li><a href=\"https:\/\/nakonhakaucc.ca\/fr\/a-propos\/personnel\/aviyah-abrams\/\">Aviyah Abrams<\/a><\/li>\n<li><a href=\"https:\/\/nakonhakaucc.ca\/fr\/a-propos\/personnel\/tori-mullin\">Pasteure Tori Mullin<\/a><\/li>\n<li><a href=\"https:\/\/nakonhakaucc.ca\/fr\/a-propos\/personnel\/Sara-DeMelo-Zare\">Sara DeMelo-Zare<\/a><\/li>\n<li><a href=\"https:\/\/nakonhakaucc.ca\/fr\/a-propos\/personnel\/roger-janes\">Roger Janes<\/a><\/li>\n<li><a href=\"https:\/\/nakonhakaucc.ca\/fr\/a-propos\/personnel\/martha-pedoniquotte\/\">Martha Pedoniquotte<\/a><\/li>\n<li><a href=\"https:\/\/nakonhakaucc.ca\/fr\/a-propos\/personnel\/tim-hackborn\">Tim Hackborn<\/a><\/li>\n<li><a href=\"https:\/\/nakonhakaucc.ca\/fr\/a-propos\/personnel\/pasteure-caroline-penhale\/\">Pasteure Caroline Penhale<\/a><\/li>\n<\/ul>\n<\/li>\n<\/ul>\n<p>&nbsp;<\/p>\n<p>[\/et_pb_text][\/et_pb_column][\/et_pb_row][\/et_pb_section][et_pb_section fb_built=\u00a0\u00bb1&Prime; admin_label=\u00a0\u00bbCall To Action Box\u00a0\u00bb module_class=\u00a0\u00bbsub-call-to-action\u00a0\u00bb _builder_version=\u00a0\u00bb3.19.18&Prime; background_image=\u00a0\u00bbhttps:\/\/ucc-regions-1.apluspc.ca\/wp-content\/uploads\/2018\/11\/call-to-action-bg.jpg\u00a0\u00bb custom_css_main_element=\u00a0\u00bbdisplay: none !important;\u00a0\u00bb global_module=\u00a0\u00bb496&Prime; global_colors_info=\u00a0\u00bb{}\u00a0\u00bb][et_pb_row _builder_version=\u00a0\u00bb4.16&Prime; background_size=\u00a0\u00bbinitial\u00a0\u00bb background_position=\u00a0\u00bbtop_left\u00a0\u00bb background_repeat=\u00a0\u00bbrepeat\u00a0\u00bb global_colors_info=\u00a0\u00bb{}\u00a0\u00bb][et_pb_column type=\u00a0\u00bb4_4&Prime; _builder_version=\u00a0\u00bb4.16&Prime; custom_padding=\u00a0\u00bb|||\u00a0\u00bb global_colors_info=\u00a0\u00bb{}\u00a0\u00bb custom_padding__hover=\u00a0\u00bb|||\u00a0\u00bb][et_pb_text admin_label=\u00a0\u00bbGlobal Call to Action Title and Text\u00a0\u00bb _builder_version=\u00a0\u00bb4.16&Prime; global_colors_info=\u00a0\u00bb{}\u00a0\u00bb]<\/p>\n<h3>Call to Action<\/h3>\n<p>Lorem ipsum dolor sit amet, consectetur adipiscing elit. Praesent ultrices dui, accumsan iaculis neque blandit quis. Nam ut dolor tempus, porttitor sem a, hendrerit libero. Ut lacinia congue massa sit amet lacinia. Suspendisse vel efficitur est.<\/p>\n<p>\u00a0<\/p>\n<p>[\/et_pb_text][et_pb_button button_url=\u00a0\u00bb#\u00a0\u00bb button_text=\u00a0\u00bbLearn More\u00a0\u00bb button_alignment=\u00a0\u00bbcenter\u00a0\u00bb admin_label=\u00a0\u00bbGlobal Call to Action Button\u00a0\u00bb module_id=\u00a0\u00bbwhite-button-blue-text\u00a0\u00bb module_class=\u00a0\u00bbsub-cta-button\u00a0\u00bb _builder_version=\u00a0\u00bb4.16&Prime; global_colors_info=\u00a0\u00bb{}\u00a0\u00bb][\/et_pb_button][\/et_pb_column][\/et_pb_row][\/et_pb_section]<\/p>\n","protected":false},"excerpt":{"rendered":"<p>[et_pb_section fb_built=\u00a0\u00bb1&Prime; fullwidth=\u00a0\u00bbon\u00a0\u00bb module_class=\u00a0\u00bbsub-banner\u00a0\u00bb _builder_version=\u00a0\u00bb3.19.18&Prime; background_size=\u00a0\u00bbinitial\u00a0\u00bb global_module=\u00a0\u00bb499&Prime; global_colors_info=\u00a0\u00bb{}\u00a0\u00bb][et_pb_fullwidth_image admin_label=\u00a0\u00bbglobal sub-banner &#8211; update\u00a0\u00bb _builder_version=\u00a0\u00bb4.16&Prime; background_image=\u00a0\u00bbhttps:\/\/nakonhakaucc.ca\/fr\/wp-content\/uploads\/sites\/2\/2019\/09\/sunrise.jpg\u00a0\u00bb background_position=\u00a0\u00bbtop_center\u00a0\u00bb global_colors_info=\u00a0\u00bb{}\u00a0\u00bb][\/et_pb_fullwidth_image][\/et_pb_section][et_pb_section [&hellip;]<\/p>\n","protected":false},"author":5,"featured_media":0,"parent":175,"menu_order":3,"comment_status":"closed","ping_status":"closed","template":"","meta":{"_acf_changed":false,"_et_pb_use_builder":"on","_et_pb_old_content":"","_et_gb_content_width":"","_exactmetrics_skip_tracking":false,"_exactmetrics_sitenote_active":false,"_exactmetrics_sitenote_note":"","_exactmetrics_sitenote_category":0,"_price":"","_stock":"","_tribe_ticket_header":"","_tribe_default_ticket_provider":"","_tribe_ticket_capacity":"0","_ticket_start_date":"","_ticket_end_date":"","_tribe_ticket_show_description":"","_tribe_ticket_show_not_going":false,"_tribe_ticket_use_global_stock":"","_tribe_ticket_global_stock_level":"","_global_stock_mode":"","_global_stock_cap":"","_tribe_rsvp_for_event":"","_tribe_ticket_going_count":"","_tribe_ticket_not_going_count":"","_tribe_tickets_list":"[]","_tribe_ticket_has_attendee_info_fields":false,"footnotes":"","_tec_slr_enabled":"","_tec_slr_layout":""},"class_list":["post-1948","page","type-page","status-publish","hentry"],"acf":[],"yoast_head":"<!-- This site is optimized with the Yoast SEO plugin v27.4 - https:\/\/yoast.com\/product\/yoast-seo-wordpress\/ -->\n<title>Shanna Bernier - Conseil r\u00e9gional Nakonha:ka<\/title>\n<meta name=\"robots\" content=\"index, follow, max-snippet:-1, max-image-preview:large, max-video-preview:-1\" \/>\n<link rel=\"canonical\" href=\"https:\/\/nakonhakaucc.ca\/fr\/a-propos\/personnel\/shanna-bernier\/\" \/>\n<meta property=\"og:locale\" content=\"fr_FR\" \/>\n<meta property=\"og:type\" content=\"article\" \/>\n<meta property=\"og:title\" content=\"Shanna Bernier - Conseil r\u00e9gional Nakonha:ka\" \/>\n<meta property=\"og:description\" content=\"[et_pb_section fb_built=\u00a0\u00bb1&Prime; fullwidth=\u00a0\u00bbon\u00a0\u00bb module_class=\u00a0\u00bbsub-banner\u00a0\u00bb _builder_version=\u00a0\u00bb3.19.18&Prime; background_size=\u00a0\u00bbinitial\u00a0\u00bb global_module=\u00a0\u00bb499&Prime; global_colors_info=\u00a0\u00bb{}\u00a0\u00bb][et_pb_fullwidth_image admin_label=\u00a0\u00bbglobal sub-banner &#8211; update\u00a0\u00bb _builder_version=\u00a0\u00bb4.16&Prime; background_image=\u00a0\u00bbhttps:\/\/nakonhakaucc.ca\/fr\/wp-content\/uploads\/sites\/2\/2019\/09\/sunrise.jpg\u00a0\u00bb background_position=\u00a0\u00bbtop_center\u00a0\u00bb global_colors_info=\u00a0\u00bb{}\u00a0\u00bb][\/et_pb_fullwidth_image][\/et_pb_section][et_pb_section [&hellip;]\" \/>\n<meta property=\"og:url\" content=\"https:\/\/nakonhakaucc.ca\/fr\/a-propos\/personnel\/shanna-bernier\/\" \/>\n<meta property=\"og:site_name\" content=\"Conseil r\u00e9gional Nakonha:ka\" \/>\n<meta property=\"article:modified_time\" content=\"2024-12-23T19:22:43+00:00\" \/>\n<meta property=\"og:image\" content=\"https:\/\/nakonhakaucc.ca\/fr\/wp-content\/uploads\/sites\/2\/2019\/07\/ShannaBernier-Spring2019.jpg\" \/>\n\t<meta property=\"og:image:width\" content=\"600\" \/>\n\t<meta property=\"og:image:height\" content=\"600\" \/>\n\t<meta property=\"og:image:type\" content=\"image\/jpeg\" \/>\n<meta name=\"twitter:card\" content=\"summary_large_image\" \/>\n<meta name=\"twitter:label1\" content=\"Dur\u00e9e de lecture estim\u00e9e\" \/>\n\t<meta name=\"twitter:data1\" content=\"3 minutes\" \/>\n<script type=\"application\/ld+json\" class=\"yoast-schema-graph\">{\"@context\":\"https:\\\/\\\/schema.org\",\"@graph\":[{\"@type\":\"WebPage\",\"@id\":\"https:\\\/\\\/nakonhakaucc.ca\\\/fr\\\/a-propos\\\/personnel\\\/shanna-bernier\\\/\",\"url\":\"https:\\\/\\\/nakonhakaucc.ca\\\/fr\\\/a-propos\\\/personnel\\\/shanna-bernier\\\/\",\"name\":\"Shanna Bernier - Conseil r\u00e9gional Nakonha:ka\",\"isPartOf\":{\"@id\":\"https:\\\/\\\/nakonhakaucc.ca\\\/fr\\\/#website\"},\"primaryImageOfPage\":{\"@id\":\"https:\\\/\\\/nakonhakaucc.ca\\\/fr\\\/a-propos\\\/personnel\\\/shanna-bernier\\\/#primaryimage\"},\"image\":{\"@id\":\"https:\\\/\\\/nakonhakaucc.ca\\\/fr\\\/a-propos\\\/personnel\\\/shanna-bernier\\\/#primaryimage\"},\"thumbnailUrl\":\"https:\\\/\\\/nakonhakaucc.ca\\\/fr\\\/wp-content\\\/uploads\\\/sites\\\/2\\\/2019\\\/07\\\/ShannaBernier-Spring2019-300x300.jpg\",\"datePublished\":\"2019-08-15T14:32:38+00:00\",\"dateModified\":\"2024-12-23T19:22:43+00:00\",\"breadcrumb\":{\"@id\":\"https:\\\/\\\/nakonhakaucc.ca\\\/fr\\\/a-propos\\\/personnel\\\/shanna-bernier\\\/#breadcrumb\"},\"inLanguage\":\"fr-FR\",\"potentialAction\":[{\"@type\":\"ReadAction\",\"target\":[\"https:\\\/\\\/nakonhakaucc.ca\\\/fr\\\/a-propos\\\/personnel\\\/shanna-bernier\\\/\"]}]},{\"@type\":\"ImageObject\",\"inLanguage\":\"fr-FR\",\"@id\":\"https:\\\/\\\/nakonhakaucc.ca\\\/fr\\\/a-propos\\\/personnel\\\/shanna-bernier\\\/#primaryimage\",\"url\":\"https:\\\/\\\/nakonhakaucc.ca\\\/fr\\\/wp-content\\\/uploads\\\/sites\\\/2\\\/2019\\\/07\\\/ShannaBernier-Spring2019.jpg\",\"contentUrl\":\"https:\\\/\\\/nakonhakaucc.ca\\\/fr\\\/wp-content\\\/uploads\\\/sites\\\/2\\\/2019\\\/07\\\/ShannaBernier-Spring2019.jpg\",\"width\":600,\"height\":600,\"caption\":\"Shanna Bernier\"},{\"@type\":\"BreadcrumbList\",\"@id\":\"https:\\\/\\\/nakonhakaucc.ca\\\/fr\\\/a-propos\\\/personnel\\\/shanna-bernier\\\/#breadcrumb\",\"itemListElement\":[{\"@type\":\"ListItem\",\"position\":1,\"name\":\"Accueil\",\"item\":\"https:\\\/\\\/nakonhakaucc.ca\\\/fr\\\/\"},{\"@type\":\"ListItem\",\"position\":2,\"name\":\"\u00c0 propos\",\"item\":\"https:\\\/\\\/nakonhakaucc.ca\\\/fr\\\/a-propos\\\/\"},{\"@type\":\"ListItem\",\"position\":3,\"name\":\"Personnel\",\"item\":\"https:\\\/\\\/nakonhakaucc.ca\\\/fr\\\/a-propos\\\/personnel\\\/\"},{\"@type\":\"ListItem\",\"position\":4,\"name\":\"Shanna Bernier\"}]},{\"@type\":\"WebSite\",\"@id\":\"https:\\\/\\\/nakonhakaucc.ca\\\/fr\\\/#website\",\"url\":\"https:\\\/\\\/nakonhakaucc.ca\\\/fr\\\/\",\"name\":\"Conseil r\u00e9gional Nakonha:ka\",\"description\":\"site web Nakonha:ka (r\u00e9gion 13 de l&#039;\u00c9glise Unie du Canada)\",\"potentialAction\":[{\"@type\":\"SearchAction\",\"target\":{\"@type\":\"EntryPoint\",\"urlTemplate\":\"https:\\\/\\\/nakonhakaucc.ca\\\/fr\\\/?s={search_term_string}\"},\"query-input\":{\"@type\":\"PropertyValueSpecification\",\"valueRequired\":true,\"valueName\":\"search_term_string\"}}],\"inLanguage\":\"fr-FR\"}]}<\/script>\n<!-- \/ Yoast SEO plugin. -->","yoast_head_json":{"title":"Shanna Bernier - Conseil r\u00e9gional Nakonha:ka","robots":{"index":"index","follow":"follow","max-snippet":"max-snippet:-1","max-image-preview":"max-image-preview:large","max-video-preview":"max-video-preview:-1"},"canonical":"https:\/\/nakonhakaucc.ca\/fr\/a-propos\/personnel\/shanna-bernier\/","og_locale":"fr_FR","og_type":"article","og_title":"Shanna Bernier - Conseil r\u00e9gional Nakonha:ka","og_description":"[et_pb_section fb_built=\u00a0\u00bb1&Prime; fullwidth=\u00a0\u00bbon\u00a0\u00bb module_class=\u00a0\u00bbsub-banner\u00a0\u00bb _builder_version=\u00a0\u00bb3.19.18&Prime; background_size=\u00a0\u00bbinitial\u00a0\u00bb global_module=\u00a0\u00bb499&Prime; global_colors_info=\u00a0\u00bb{}\u00a0\u00bb][et_pb_fullwidth_image admin_label=\u00a0\u00bbglobal sub-banner &#8211; update\u00a0\u00bb _builder_version=\u00a0\u00bb4.16&Prime; background_image=\u00a0\u00bbhttps:\/\/nakonhakaucc.ca\/fr\/wp-content\/uploads\/sites\/2\/2019\/09\/sunrise.jpg\u00a0\u00bb background_position=\u00a0\u00bbtop_center\u00a0\u00bb global_colors_info=\u00a0\u00bb{}\u00a0\u00bb][\/et_pb_fullwidth_image][\/et_pb_section][et_pb_section [&hellip;]","og_url":"https:\/\/nakonhakaucc.ca\/fr\/a-propos\/personnel\/shanna-bernier\/","og_site_name":"Conseil r\u00e9gional Nakonha:ka","article_modified_time":"2024-12-23T19:22:43+00:00","og_image":[{"width":600,"height":600,"url":"https:\/\/nakonhakaucc.ca\/fr\/wp-content\/uploads\/sites\/2\/2019\/07\/ShannaBernier-Spring2019.jpg","type":"image\/jpeg"}],"twitter_card":"summary_large_image","twitter_misc":{"Dur\u00e9e de lecture estim\u00e9e":"3 minutes"},"schema":{"@context":"https:\/\/schema.org","@graph":[{"@type":"WebPage","@id":"https:\/\/nakonhakaucc.ca\/fr\/a-propos\/personnel\/shanna-bernier\/","url":"https:\/\/nakonhakaucc.ca\/fr\/a-propos\/personnel\/shanna-bernier\/","name":"Shanna Bernier - Conseil r\u00e9gional Nakonha:ka","isPartOf":{"@id":"https:\/\/nakonhakaucc.ca\/fr\/#website"},"primaryImageOfPage":{"@id":"https:\/\/nakonhakaucc.ca\/fr\/a-propos\/personnel\/shanna-bernier\/#primaryimage"},"image":{"@id":"https:\/\/nakonhakaucc.ca\/fr\/a-propos\/personnel\/shanna-bernier\/#primaryimage"},"thumbnailUrl":"https:\/\/nakonhakaucc.ca\/fr\/wp-content\/uploads\/sites\/2\/2019\/07\/ShannaBernier-Spring2019-300x300.jpg","datePublished":"2019-08-15T14:32:38+00:00","dateModified":"2024-12-23T19:22:43+00:00","breadcrumb":{"@id":"https:\/\/nakonhakaucc.ca\/fr\/a-propos\/personnel\/shanna-bernier\/#breadcrumb"},"inLanguage":"fr-FR","potentialAction":[{"@type":"ReadAction","target":["https:\/\/nakonhakaucc.ca\/fr\/a-propos\/personnel\/shanna-bernier\/"]}]},{"@type":"ImageObject","inLanguage":"fr-FR","@id":"https:\/\/nakonhakaucc.ca\/fr\/a-propos\/personnel\/shanna-bernier\/#primaryimage","url":"https:\/\/nakonhakaucc.ca\/fr\/wp-content\/uploads\/sites\/2\/2019\/07\/ShannaBernier-Spring2019.jpg","contentUrl":"https:\/\/nakonhakaucc.ca\/fr\/wp-content\/uploads\/sites\/2\/2019\/07\/ShannaBernier-Spring2019.jpg","width":600,"height":600,"caption":"Shanna Bernier"},{"@type":"BreadcrumbList","@id":"https:\/\/nakonhakaucc.ca\/fr\/a-propos\/personnel\/shanna-bernier\/#breadcrumb","itemListElement":[{"@type":"ListItem","position":1,"name":"Accueil","item":"https:\/\/nakonhakaucc.ca\/fr\/"},{"@type":"ListItem","position":2,"name":"\u00c0 propos","item":"https:\/\/nakonhakaucc.ca\/fr\/a-propos\/"},{"@type":"ListItem","position":3,"name":"Personnel","item":"https:\/\/nakonhakaucc.ca\/fr\/a-propos\/personnel\/"},{"@type":"ListItem","position":4,"name":"Shanna Bernier"}]},{"@type":"WebSite","@id":"https:\/\/nakonhakaucc.ca\/fr\/#website","url":"https:\/\/nakonhakaucc.ca\/fr\/","name":"Conseil r\u00e9gional Nakonha:ka","description":"site web Nakonha:ka (r\u00e9gion 13 de l&#039;\u00c9glise Unie du Canada)","potentialAction":[{"@type":"SearchAction","target":{"@type":"EntryPoint","urlTemplate":"https:\/\/nakonhakaucc.ca\/fr\/?s={search_term_string}"},"query-input":{"@type":"PropertyValueSpecification","valueRequired":true,"valueName":"search_term_string"}}],"inLanguage":"fr-FR"}]}},"ticketed":false,"_links":{"self":[{"href":"https:\/\/nakonhakaucc.ca\/fr\/wp-json\/wp\/v2\/pages\/1948","targetHints":{"allow":["GET"]}}],"collection":[{"href":"https:\/\/nakonhakaucc.ca\/fr\/wp-json\/wp\/v2\/pages"}],"about":[{"href":"https:\/\/nakonhakaucc.ca\/fr\/wp-json\/wp\/v2\/types\/page"}],"author":[{"embeddable":true,"href":"https:\/\/nakonhakaucc.ca\/fr\/wp-json\/wp\/v2\/users\/5"}],"replies":[{"embeddable":true,"href":"https:\/\/nakonhakaucc.ca\/fr\/wp-json\/wp\/v2\/comments?post=1948"}],"version-history":[{"count":10,"href":"https:\/\/nakonhakaucc.ca\/fr\/wp-json\/wp\/v2\/pages\/1948\/revisions"}],"predecessor-version":[{"id":10911,"href":"https:\/\/nakonhakaucc.ca\/fr\/wp-json\/wp\/v2\/pages\/1948\/revisions\/10911"}],"up":[{"embeddable":true,"href":"https:\/\/nakonhakaucc.ca\/fr\/wp-json\/wp\/v2\/pages\/175"}],"wp:attachment":[{"href":"https:\/\/nakonhakaucc.ca\/fr\/wp-json\/wp\/v2\/media?parent=1948"}],"curies":[{"name":"wp","href":"https:\/\/api.w.org\/{rel}","templated":true}]}}