{"id":2348,"date":"2019-12-11T14:09:01","date_gmt":"2019-12-11T19:09:01","guid":{"rendered":"http:\/\/nakonhakaucc.ca\/fr\/?page_id=2348"},"modified":"2020-07-27T10:44:38","modified_gmt":"2020-07-27T14:44:38","slug":"david-roger-gagnon","status":"publish","type":"page","link":"https:\/\/nakonhakaucc.ca\/fr\/a-propos\/personnel\/david-roger-gagnon\/","title":{"rendered":"David-Roger Gagnon"},"content":{"rendered":"<p>[et_pb_section bb_built=\u00a0\u00bb1&Prime; fullwidth=\u00a0\u00bbon\u00a0\u00bb specialty=\u00a0\u00bboff\u00a0\u00bb _builder_version=\u00a0\u00bb3.19.18&Prime; background_size=\u00a0\u00bbinitial\u00a0\u00bb module_class=\u00a0\u00bbsub-banner\u00a0\u00bb next_background_color=\u00a0\u00bb#000000&Prime; global_module=\u00a0\u00bb499&Prime;][et_pb_fullwidth_image admin_label=\u00a0\u00bbglobal sub-banner &#8211; update\u00a0\u00bb global_parent=\u00a0\u00bb499&Prime; _builder_version=\u00a0\u00bb3.19.18&Prime; background_image=\u00a0\u00bbhttp:\/\/nakonhakaucc.ca\/fr\/wp-content\/uploads\/sites\/2\/2019\/09\/sunrise.jpg\u00a0\u00bb background_position=\u00a0\u00bbtop_center\u00a0\u00bb \/][\/et_pb_section][et_pb_section bb_built=\u00a0\u00bb1&Prime; fullwidth=\u00a0\u00bboff\u00a0\u00bb specialty=\u00a0\u00bboff\u00a0\u00bb prev_background_color=\u00a0\u00bb#000000&Prime; next_background_color=\u00a0\u00bb#000000&Prime;][et_pb_row][et_pb_column type=\u00a0\u00bb3_4&Prime;][et_pb_text admin_label=\u00a0\u00bbDavid-Roger Gagnon\u00a0\u00bb _builder_version=\u00a0\u00bb3.19.18&Prime;]<\/p>\n<h1>David-Roger Gagnon<\/h1>\n<h3>Responsable du d\u00e9veloppement des r\u00e9seaux et regroupements<\/h3>\n<p><strong>T\u00e9l\u00e9phone :<\/strong> <a href=\"tel:+1-800-268-3781\">(800) 268-3781<\/a>\u00a0poste 6265<br \/><strong>Courriel :<\/strong> <a href=\"&#109;&#x61;&#x69;l&#116;&#x6f;:&#68;&#x52;&#x47;a&#103;&#x6e;o&#110;&#x40;&#x75;n&#105;&#x74;e&#100;&#x2d;&#x63;&#104;&#117;&#x72;c&#104;&#x2e;&#x63;&#97;\">&#68;&#x52;&#71;&#x61;&#103;&#x6e;o&#x6e;&#64;&#x75;n&#105;&#x74;&#101;&#x64;&#45;&#x63;&#104;&#x75;r&#x63;h&#x2e;c&#97;<\/a><\/p>\n<p><img loading=\"lazy\" decoding=\"async\" class=\"wp-image-2344 size-medium alignleft\" src=\"http:\/\/nakonhakaucc.ca\/fr\/wp-content\/uploads\/sites\/2\/2019\/12\/DavidRogerGagnon-300x300.jpg\" alt=\"David-Roger Gagnon\" width=\"300\" height=\"300\" srcset=\"https:\/\/nakonhakaucc.ca\/fr\/wp-content\/uploads\/sites\/2\/2019\/12\/DavidRogerGagnon-300x300.jpg 300w, https:\/\/nakonhakaucc.ca\/fr\/wp-content\/uploads\/sites\/2\/2019\/12\/DavidRogerGagnon-150x150.jpg 150w, https:\/\/nakonhakaucc.ca\/fr\/wp-content\/uploads\/sites\/2\/2019\/12\/DavidRogerGagnon.jpg 749w\" sizes=\"(max-width: 300px) 100vw, 300px\" \/>David-Roger a la responsabilit\u00e9 d\u2019\u00eatre la personne de r\u00e9f\u00e9rence aupr\u00e8s des leaders paroissiaux en ce qui concerne l\u2019intendance dans l\u2019ensemble des communaut\u00e9s de foi, des r\u00e9seaux et des regroupements, ainsi que des unit\u00e9s de mission sur le territoire du conseil r\u00e9gional; il veille \u00e0 la promotion de la formation permanente comme une dimension essentielle dans la vie de foi et de t\u00e9moignage d\u2019un-e disciple; il apporte soutien et ressources aux communaut\u00e9s de foi dans leur minist\u00e8re aupr\u00e8s de personnes de diverses g\u00e9n\u00e9rations; il apporte soutien et ressources aux communaut\u00e9s de foi dans la constitution de regroupements, ax\u00e9s sur la cr\u00e9ation de partenariats d\u2019affinit\u00e9s avec des minist\u00e8res et des organismes communautaires locaux; il suscite et entretient des r\u00e9seaux de leaders ayant des int\u00e9r\u00eats communs dans les domaines de la justice sociale, des relations justes, des pratiques liturgiques cr\u00e9atives int\u00e9grant la diversit\u00e9 des langues et de l\u2019expression musicale, etc.; il fait la promotion de l\u2019utilisation de ressources technologiques pour les rassemblement et le r\u00e9seautage des communaut\u00e9s de foi entre elles; il est disponible sur demande \u00e0 titre de personne-ressource aupr\u00e8s de l\u2019Association des femmes de l\u2019\u00c9glise Unie; il travaille de concert avec la personne responsable de l\u2019intendance et des dons pour int\u00e9grer ce volet lorsque l\u2019occasion se pr\u00e9sente dans l\u2019ensemble de ses interventions. <\/p>\n<p>&nbsp;<\/p>\n<p>[\/et_pb_text][\/et_pb_column][et_pb_column type=\u00a0\u00bb1_4&Prime;][et_pb_text admin_label=\u00a0\u00bbAll Staff List\u00a0\u00bb _builder_version=\u00a0\u00bb3.19.18&Prime; saved_tabs=\u00a0\u00bball\u00a0\u00bb global_module=\u00a0\u00bb627&Prime;]<\/p>\n<p>&lt; <a href=\"http:\/\/nakonhakaucc.ca\/fr\/a-propos\/personnel\/\">Liste de personnel<\/a><\/p>\n<h3>Personnel<\/h3>\n<ul>\n<li><a href=\"https:\/\/nakonhakaucc.ca\/fr\/a-propos\/personnel\/rosemary-lambie\/\">Pasteure Rosemary Lambie<\/a><\/li>\n<li><a href=\"https:\/\/nakonhakaucc.ca\/fr\/a-propos\/personnel\/joel-miller\">Joel Miller<\/a><\/li>\n<li><a href=\"https:\/\/nakonhakaucc.ca\/fr\/a-propos\/personnel\/karen-valley\">Karen Valley<\/a><\/li>\n<li><a href=\"https:\/\/nakonhakaucc.ca\/fr\/a-propos\/personnel\/Sabrina-Di-Stefano\">Sabrina Di Stefano<\/a><\/li>\n<li><a href=\"https:\/\/nakonhakaucc.ca\/fr\/a-propos\/personnel\/Shanna-Bernier\">Shanna Bernier<\/a><\/li>\n<li><a href=\"https:\/\/nakonhakaucc.ca\/fr\/a-propos\/personnel\/Brian-Ruse\">Brian Ruse<\/a><\/li>\n<li><a href=\"https:\/\/nakonhakaucc.ca\/fr\/a-propos\/personnel\/Judy-Coffin\">Judy Coffin<\/a><\/li>\n<li><a href=\"https:\/\/nakonhakaucc.ca\/fr\/a-propos\/personnel\/Beverly-Anderson-Levine\">Beverly Anderson-Levine<\/a><\/li>\n<li><a href=\"https:\/\/nakonhakaucc.ca\/fr\/a-propos\/personnel\/Trisha-Elliott\">Trisha Elliott<\/a><\/li>\n<li><a href=\"https:\/\/nakonhakaucc.ca\/fr\/a-propos\/personnel\/joe-mcgill\">Joe McGill<\/a><\/li>\n<li><a href=\"https:\/\/nakonhakaucc.ca\/fr\/a-propos\/personnel\/david-roger-gagnon\">David-Roger Gagnon<\/a><\/li>\n<\/ul>\n<p>[\/et_pb_text][\/et_pb_column][\/et_pb_row][\/et_pb_section][et_pb_section bb_built=\u00a0\u00bb1&Prime; admin_label=\u00a0\u00bbCall To Action Box\u00a0\u00bb specialty=\u00a0\u00bboff\u00a0\u00bb _builder_version=\u00a0\u00bb3.19.18&Prime; background_image=\u00a0\u00bbhttps:\/\/ucc-regions-1.apluspc.ca\/wp-content\/uploads\/2018\/11\/call-to-action-bg.jpg\u00a0\u00bb module_class=\u00a0\u00bbsub-call-to-action\u00a0\u00bb prev_background_color=\u00a0\u00bb#ffffff\u00a0\u00bb custom_css_main_element=\u00a0\u00bbdisplay: none !important;\u00a0\u00bb global_module=\u00a0\u00bb496&Prime;][et_pb_row global_parent=\u00a0\u00bb496&Prime; background_position=\u00a0\u00bbtop_left\u00a0\u00bb background_repeat=\u00a0\u00bbrepeat\u00a0\u00bb background_size=\u00a0\u00bbinitial\u00a0\u00bb _builder_version=\u00a0\u00bb3.17.6&Prime; module_class_2=\u00a0\u00bbsub-cta-col2&Prime;][et_pb_column type=\u00a0\u00bb4_4&Prime;][et_pb_text admin_label=\u00a0\u00bbGlobal Call to Action Title and Text\u00a0\u00bb global_parent=\u00a0\u00bb496&Prime; _builder_version=\u00a0\u00bb3.18.4&Prime;]<\/p>\n<h3>Call to Action<\/h3>\n<p>Lorem ipsum dolor sit amet, consectetur adipiscing elit. Praesent ultrices dui, accumsan iaculis neque blandit quis. Nam ut dolor tempus, porttitor sem a, hendrerit libero. Ut lacinia congue massa sit amet lacinia. Suspendisse vel efficitur est.<\/p>\n<p>\u00a0<\/p>\n<p>[\/et_pb_text][et_pb_button admin_label=\u00a0\u00bbGlobal Call to Action Button\u00a0\u00bb global_parent=\u00a0\u00bb496&Prime; _builder_version=\u00a0\u00bb3.18.4&Prime; button_text=\u00a0\u00bbLearn More\u00a0\u00bb button_url=\u00a0\u00bb#\u00a0\u00bb module_id=\u00a0\u00bbwhite-button-blue-text\u00a0\u00bb module_class=\u00a0\u00bbsub-cta-button\u00a0\u00bb button_alignment=\u00a0\u00bbcenter\u00a0\u00bb \/][\/et_pb_column][\/et_pb_row][\/et_pb_section]<\/p>\n","protected":false},"excerpt":{"rendered":"<p>[et_pb_section bb_built=\u00a0\u00bb1&Prime; fullwidth=\u00a0\u00bbon\u00a0\u00bb specialty=\u00a0\u00bboff\u00a0\u00bb _builder_version=\u00a0\u00bb3.19.18&Prime; background_size=\u00a0\u00bbinitial\u00a0\u00bb module_class=\u00a0\u00bbsub-banner\u00a0\u00bb next_background_color=\u00a0\u00bb#000000&Prime; global_module=\u00a0\u00bb499&Prime;][et_pb_fullwidth_image admin_label=\u00a0\u00bbglobal sub-banner &#8211; update\u00a0\u00bb global_parent=\u00a0\u00bb499&Prime; _builder_version=\u00a0\u00bb3.19.18&Prime; background_image=\u00a0\u00bbhttp:\/\/nakonhakaucc.ca\/fr\/wp-content\/uploads\/sites\/2\/2019\/09\/sunrise.jpg\u00a0\u00bb [&hellip;]<\/p>\n","protected":false},"author":5,"featured_media":0,"parent":175,"menu_order":3,"comment_status":"closed","ping_status":"closed","template":"","meta":{"_acf_changed":false,"_et_pb_use_builder":"on","_et_pb_old_content":"","_et_gb_content_width":"","_exactmetrics_skip_tracking":false,"_exactmetrics_sitenote_active":false,"_exactmetrics_sitenote_note":"","_exactmetrics_sitenote_category":0,"_price":"","_stock":"","_tribe_ticket_header":"","_tribe_default_ticket_provider":"","_tribe_ticket_capacity":"0","_ticket_start_date":"","_ticket_end_date":"","_tribe_ticket_show_description":"","_tribe_ticket_show_not_going":false,"_tribe_ticket_use_global_stock":"","_tribe_ticket_global_stock_level":"","_global_stock_mode":"","_global_stock_cap":"","_tribe_rsvp_for_event":"","_tribe_ticket_going_count":"","_tribe_ticket_not_going_count":"","_tribe_tickets_list":"[]","_tribe_ticket_has_attendee_info_fields":false,"footnotes":"","_tec_slr_enabled":"","_tec_slr_layout":""},"class_list":["post-2348","page","type-page","status-publish","hentry"],"acf":[],"yoast_head":"<!-- This site is optimized with the Yoast SEO plugin v27.4 - https:\/\/yoast.com\/product\/yoast-seo-wordpress\/ -->\n<title>David-Roger Gagnon - Conseil r\u00e9gional Nakonha:ka<\/title>\n<meta name=\"robots\" content=\"index, follow, max-snippet:-1, max-image-preview:large, max-video-preview:-1\" \/>\n<link rel=\"canonical\" href=\"https:\/\/nakonhakaucc.ca\/fr\/a-propos\/personnel\/david-roger-gagnon\/\" \/>\n<meta property=\"og:locale\" content=\"fr_FR\" \/>\n<meta property=\"og:type\" content=\"article\" \/>\n<meta property=\"og:title\" content=\"David-Roger Gagnon - Conseil r\u00e9gional Nakonha:ka\" \/>\n<meta property=\"og:description\" content=\"[et_pb_section bb_built=\u00a0\u00bb1&Prime; fullwidth=\u00a0\u00bbon\u00a0\u00bb specialty=\u00a0\u00bboff\u00a0\u00bb _builder_version=\u00a0\u00bb3.19.18&Prime; background_size=\u00a0\u00bbinitial\u00a0\u00bb module_class=\u00a0\u00bbsub-banner\u00a0\u00bb next_background_color=\u00a0\u00bb#000000&Prime; global_module=\u00a0\u00bb499&Prime;][et_pb_fullwidth_image admin_label=\u00a0\u00bbglobal sub-banner &#8211; update\u00a0\u00bb global_parent=\u00a0\u00bb499&Prime; _builder_version=\u00a0\u00bb3.19.18&Prime; background_image=\u00a0\u00bbhttp:\/\/nakonhakaucc.ca\/fr\/wp-content\/uploads\/sites\/2\/2019\/09\/sunrise.jpg\u00a0\u00bb [&hellip;]\" \/>\n<meta property=\"og:url\" content=\"https:\/\/nakonhakaucc.ca\/fr\/a-propos\/personnel\/david-roger-gagnon\/\" \/>\n<meta property=\"og:site_name\" content=\"Conseil r\u00e9gional Nakonha:ka\" \/>\n<meta property=\"article:modified_time\" content=\"2020-07-27T14:44:38+00:00\" \/>\n<meta property=\"og:image\" content=\"http:\/\/nakonhakaucc.ca\/fr\/wp-content\/uploads\/sites\/2\/2019\/12\/DavidRogerGagnon-300x300.jpg\" \/>\n<meta name=\"twitter:card\" content=\"summary_large_image\" \/>\n<meta name=\"twitter:label1\" content=\"Dur\u00e9e de lecture estim\u00e9e\" \/>\n\t<meta name=\"twitter:data1\" content=\"3 minutes\" \/>\n<script type=\"application\/ld+json\" class=\"yoast-schema-graph\">{\"@context\":\"https:\\\/\\\/schema.org\",\"@graph\":[{\"@type\":\"WebPage\",\"@id\":\"https:\\\/\\\/nakonhakaucc.ca\\\/fr\\\/a-propos\\\/personnel\\\/david-roger-gagnon\\\/\",\"url\":\"https:\\\/\\\/nakonhakaucc.ca\\\/fr\\\/a-propos\\\/personnel\\\/david-roger-gagnon\\\/\",\"name\":\"David-Roger Gagnon - Conseil r\u00e9gional Nakonha:ka\",\"isPartOf\":{\"@id\":\"https:\\\/\\\/nakonhakaucc.ca\\\/fr\\\/#website\"},\"primaryImageOfPage\":{\"@id\":\"https:\\\/\\\/nakonhakaucc.ca\\\/fr\\\/a-propos\\\/personnel\\\/david-roger-gagnon\\\/#primaryimage\"},\"image\":{\"@id\":\"https:\\\/\\\/nakonhakaucc.ca\\\/fr\\\/a-propos\\\/personnel\\\/david-roger-gagnon\\\/#primaryimage\"},\"thumbnailUrl\":\"http:\\\/\\\/nakonhakaucc.ca\\\/fr\\\/wp-content\\\/uploads\\\/sites\\\/2\\\/2019\\\/12\\\/DavidRogerGagnon-300x300.jpg\",\"datePublished\":\"2019-12-11T19:09:01+00:00\",\"dateModified\":\"2020-07-27T14:44:38+00:00\",\"breadcrumb\":{\"@id\":\"https:\\\/\\\/nakonhakaucc.ca\\\/fr\\\/a-propos\\\/personnel\\\/david-roger-gagnon\\\/#breadcrumb\"},\"inLanguage\":\"fr-FR\",\"potentialAction\":[{\"@type\":\"ReadAction\",\"target\":[\"https:\\\/\\\/nakonhakaucc.ca\\\/fr\\\/a-propos\\\/personnel\\\/david-roger-gagnon\\\/\"]}]},{\"@type\":\"ImageObject\",\"inLanguage\":\"fr-FR\",\"@id\":\"https:\\\/\\\/nakonhakaucc.ca\\\/fr\\\/a-propos\\\/personnel\\\/david-roger-gagnon\\\/#primaryimage\",\"url\":\"https:\\\/\\\/nakonhakaucc.ca\\\/fr\\\/wp-content\\\/uploads\\\/sites\\\/2\\\/2019\\\/12\\\/DavidRogerGagnon.jpg\",\"contentUrl\":\"https:\\\/\\\/nakonhakaucc.ca\\\/fr\\\/wp-content\\\/uploads\\\/sites\\\/2\\\/2019\\\/12\\\/DavidRogerGagnon.jpg\",\"width\":749,\"height\":749,\"caption\":\"David-Roger Gagnon\"},{\"@type\":\"BreadcrumbList\",\"@id\":\"https:\\\/\\\/nakonhakaucc.ca\\\/fr\\\/a-propos\\\/personnel\\\/david-roger-gagnon\\\/#breadcrumb\",\"itemListElement\":[{\"@type\":\"ListItem\",\"position\":1,\"name\":\"Accueil\",\"item\":\"https:\\\/\\\/nakonhakaucc.ca\\\/fr\\\/\"},{\"@type\":\"ListItem\",\"position\":2,\"name\":\"\u00c0 propos\",\"item\":\"https:\\\/\\\/nakonhakaucc.ca\\\/fr\\\/a-propos\\\/\"},{\"@type\":\"ListItem\",\"position\":3,\"name\":\"Personnel\",\"item\":\"https:\\\/\\\/nakonhakaucc.ca\\\/fr\\\/a-propos\\\/personnel\\\/\"},{\"@type\":\"ListItem\",\"position\":4,\"name\":\"David-Roger Gagnon\"}]},{\"@type\":\"WebSite\",\"@id\":\"https:\\\/\\\/nakonhakaucc.ca\\\/fr\\\/#website\",\"url\":\"https:\\\/\\\/nakonhakaucc.ca\\\/fr\\\/\",\"name\":\"Conseil r\u00e9gional Nakonha:ka\",\"description\":\"site web Nakonha:ka (r\u00e9gion 13 de l&#039;\u00c9glise Unie du Canada)\",\"potentialAction\":[{\"@type\":\"SearchAction\",\"target\":{\"@type\":\"EntryPoint\",\"urlTemplate\":\"https:\\\/\\\/nakonhakaucc.ca\\\/fr\\\/?s={search_term_string}\"},\"query-input\":{\"@type\":\"PropertyValueSpecification\",\"valueRequired\":true,\"valueName\":\"search_term_string\"}}],\"inLanguage\":\"fr-FR\"}]}<\/script>\n<!-- \/ Yoast SEO plugin. -->","yoast_head_json":{"title":"David-Roger Gagnon - Conseil r\u00e9gional Nakonha:ka","robots":{"index":"index","follow":"follow","max-snippet":"max-snippet:-1","max-image-preview":"max-image-preview:large","max-video-preview":"max-video-preview:-1"},"canonical":"https:\/\/nakonhakaucc.ca\/fr\/a-propos\/personnel\/david-roger-gagnon\/","og_locale":"fr_FR","og_type":"article","og_title":"David-Roger Gagnon - Conseil r\u00e9gional Nakonha:ka","og_description":"[et_pb_section bb_built=\u00a0\u00bb1&Prime; fullwidth=\u00a0\u00bbon\u00a0\u00bb specialty=\u00a0\u00bboff\u00a0\u00bb _builder_version=\u00a0\u00bb3.19.18&Prime; background_size=\u00a0\u00bbinitial\u00a0\u00bb module_class=\u00a0\u00bbsub-banner\u00a0\u00bb next_background_color=\u00a0\u00bb#000000&Prime; global_module=\u00a0\u00bb499&Prime;][et_pb_fullwidth_image admin_label=\u00a0\u00bbglobal sub-banner &#8211; update\u00a0\u00bb global_parent=\u00a0\u00bb499&Prime; _builder_version=\u00a0\u00bb3.19.18&Prime; background_image=\u00a0\u00bbhttp:\/\/nakonhakaucc.ca\/fr\/wp-content\/uploads\/sites\/2\/2019\/09\/sunrise.jpg\u00a0\u00bb [&hellip;]","og_url":"https:\/\/nakonhakaucc.ca\/fr\/a-propos\/personnel\/david-roger-gagnon\/","og_site_name":"Conseil r\u00e9gional Nakonha:ka","article_modified_time":"2020-07-27T14:44:38+00:00","og_image":[{"url":"http:\/\/nakonhakaucc.ca\/fr\/wp-content\/uploads\/sites\/2\/2019\/12\/DavidRogerGagnon-300x300.jpg","type":"","width":"","height":""}],"twitter_card":"summary_large_image","twitter_misc":{"Dur\u00e9e de lecture estim\u00e9e":"3 minutes"},"schema":{"@context":"https:\/\/schema.org","@graph":[{"@type":"WebPage","@id":"https:\/\/nakonhakaucc.ca\/fr\/a-propos\/personnel\/david-roger-gagnon\/","url":"https:\/\/nakonhakaucc.ca\/fr\/a-propos\/personnel\/david-roger-gagnon\/","name":"David-Roger Gagnon - Conseil r\u00e9gional Nakonha:ka","isPartOf":{"@id":"https:\/\/nakonhakaucc.ca\/fr\/#website"},"primaryImageOfPage":{"@id":"https:\/\/nakonhakaucc.ca\/fr\/a-propos\/personnel\/david-roger-gagnon\/#primaryimage"},"image":{"@id":"https:\/\/nakonhakaucc.ca\/fr\/a-propos\/personnel\/david-roger-gagnon\/#primaryimage"},"thumbnailUrl":"http:\/\/nakonhakaucc.ca\/fr\/wp-content\/uploads\/sites\/2\/2019\/12\/DavidRogerGagnon-300x300.jpg","datePublished":"2019-12-11T19:09:01+00:00","dateModified":"2020-07-27T14:44:38+00:00","breadcrumb":{"@id":"https:\/\/nakonhakaucc.ca\/fr\/a-propos\/personnel\/david-roger-gagnon\/#breadcrumb"},"inLanguage":"fr-FR","potentialAction":[{"@type":"ReadAction","target":["https:\/\/nakonhakaucc.ca\/fr\/a-propos\/personnel\/david-roger-gagnon\/"]}]},{"@type":"ImageObject","inLanguage":"fr-FR","@id":"https:\/\/nakonhakaucc.ca\/fr\/a-propos\/personnel\/david-roger-gagnon\/#primaryimage","url":"https:\/\/nakonhakaucc.ca\/fr\/wp-content\/uploads\/sites\/2\/2019\/12\/DavidRogerGagnon.jpg","contentUrl":"https:\/\/nakonhakaucc.ca\/fr\/wp-content\/uploads\/sites\/2\/2019\/12\/DavidRogerGagnon.jpg","width":749,"height":749,"caption":"David-Roger Gagnon"},{"@type":"BreadcrumbList","@id":"https:\/\/nakonhakaucc.ca\/fr\/a-propos\/personnel\/david-roger-gagnon\/#breadcrumb","itemListElement":[{"@type":"ListItem","position":1,"name":"Accueil","item":"https:\/\/nakonhakaucc.ca\/fr\/"},{"@type":"ListItem","position":2,"name":"\u00c0 propos","item":"https:\/\/nakonhakaucc.ca\/fr\/a-propos\/"},{"@type":"ListItem","position":3,"name":"Personnel","item":"https:\/\/nakonhakaucc.ca\/fr\/a-propos\/personnel\/"},{"@type":"ListItem","position":4,"name":"David-Roger Gagnon"}]},{"@type":"WebSite","@id":"https:\/\/nakonhakaucc.ca\/fr\/#website","url":"https:\/\/nakonhakaucc.ca\/fr\/","name":"Conseil r\u00e9gional Nakonha:ka","description":"site web Nakonha:ka (r\u00e9gion 13 de l&#039;\u00c9glise Unie du Canada)","potentialAction":[{"@type":"SearchAction","target":{"@type":"EntryPoint","urlTemplate":"https:\/\/nakonhakaucc.ca\/fr\/?s={search_term_string}"},"query-input":{"@type":"PropertyValueSpecification","valueRequired":true,"valueName":"search_term_string"}}],"inLanguage":"fr-FR"}]}},"ticketed":false,"_links":{"self":[{"href":"https:\/\/nakonhakaucc.ca\/fr\/wp-json\/wp\/v2\/pages\/2348","targetHints":{"allow":["GET"]}}],"collection":[{"href":"https:\/\/nakonhakaucc.ca\/fr\/wp-json\/wp\/v2\/pages"}],"about":[{"href":"https:\/\/nakonhakaucc.ca\/fr\/wp-json\/wp\/v2\/types\/page"}],"author":[{"embeddable":true,"href":"https:\/\/nakonhakaucc.ca\/fr\/wp-json\/wp\/v2\/users\/5"}],"replies":[{"embeddable":true,"href":"https:\/\/nakonhakaucc.ca\/fr\/wp-json\/wp\/v2\/comments?post=2348"}],"version-history":[{"count":21,"href":"https:\/\/nakonhakaucc.ca\/fr\/wp-json\/wp\/v2\/pages\/2348\/revisions"}],"predecessor-version":[{"id":3151,"href":"https:\/\/nakonhakaucc.ca\/fr\/wp-json\/wp\/v2\/pages\/2348\/revisions\/3151"}],"up":[{"embeddable":true,"href":"https:\/\/nakonhakaucc.ca\/fr\/wp-json\/wp\/v2\/pages\/175"}],"wp:attachment":[{"href":"https:\/\/nakonhakaucc.ca\/fr\/wp-json\/wp\/v2\/media?parent=2348"}],"curies":[{"name":"wp","href":"https:\/\/api.w.org\/{rel}","templated":true}]}}