{"id":3685,"date":"2021-03-29T14:21:16","date_gmt":"2021-03-29T18:21:16","guid":{"rendered":"https:\/\/nakonhakaucc.ca\/fr\/?page_id=3685"},"modified":"2021-03-29T14:53:27","modified_gmt":"2021-03-29T18:53:27","slug":"ressources-pour-les-cultes","status":"publish","type":"page","link":"https:\/\/nakonhakaucc.ca\/fr\/ressources\/ressources-pour-les-cultes\/","title":{"rendered":"Ressources pour les cultes"},"content":{"rendered":"<p>[et_pb_section bb_built=\u00a0\u00bb1&Prime; fullwidth=\u00a0\u00bbon\u00a0\u00bb specialty=\u00a0\u00bboff\u00a0\u00bb _builder_version=\u00a0\u00bb3.19.18&Prime; background_size=\u00a0\u00bbinitial\u00a0\u00bb module_class=\u00a0\u00bbsub-banner\u00a0\u00bb next_background_color=\u00a0\u00bb#000000&Prime; global_module=\u00a0\u00bb499&Prime;][et_pb_fullwidth_image admin_label=\u00a0\u00bbglobal sub-banner &#8211; update\u00a0\u00bb global_parent=\u00a0\u00bb499&Prime; _builder_version=\u00a0\u00bb3.19.18&Prime; background_image=\u00a0\u00bbhttp:\/\/nakonhakaucc.ca\/fr\/wp-content\/uploads\/sites\/2\/2019\/09\/sunrise.jpg\u00a0\u00bb background_position=\u00a0\u00bbtop_center\u00a0\u00bb \/][\/et_pb_section][et_pb_section bb_built=\u00a0\u00bb1&Prime; fullwidth=\u00a0\u00bboff\u00a0\u00bb specialty=\u00a0\u00bboff\u00a0\u00bb prev_background_color=\u00a0\u00bb#000000&Prime; next_background_color=\u00a0\u00bb#000000&Prime;][et_pb_row][et_pb_column type=\u00a0\u00bb4_4&Prime;][et_pb_text _builder_version=\u00a0\u00bb3.19.18&Prime;]<\/p>\n<h1>Ressources pour les cultes<\/h1>\n<p>[\/et_pb_text][\/et_pb_column][\/et_pb_row][et_pb_row][et_pb_column type=\u00a0\u00bb1_3&Prime;][et_pb_text _builder_version=\u00a0\u00bb3.19.18&Prime;]<\/p>\n<h4>NOUVELLES<\/h4>\n<p>[\/et_pb_text][et_pb_divider _builder_version=\u00a0\u00bb3.19.18&Prime; \/][et_pb_blog _builder_version=\u00a0\u00bb3.19.18&Prime; meta_date=\u00a0\u00bbY-m-j\u00a0\u00bb show_more=\u00a0\u00bbon\u00a0\u00bb include_categories=\u00a0\u00bb54&Prime; \/][\/et_pb_column][et_pb_column type=\u00a0\u00bb2_3&Prime;][et_pb_text _builder_version=\u00a0\u00bb3.19.18&Prime;]<\/p>\n<h4>JOURN\u00c9ES SP\u00c9CIALES<\/h4>\n<p>[\/et_pb_text][et_pb_divider _builder_version=\u00a0\u00bb3.19.18&Prime; \/][et_pb_toggle admin_label=\u00a0\u00bbBascule-Shoah\u00a0\u00bb _builder_version=\u00a0\u00bb3.19.18&Prime; title=\u00a0\u00bbComm\u00e9moration chr\u00e9tienne de la Shoah\u00a0\u00bb]<\/p>\n<p><strong>Yom Hashoah<\/strong>, le jour comm\u00e9moratif de la Shoah, a \u00e9t\u00e9 institu\u00e9 en 1951 par la Knesset, le Parlement d&rsquo;Isra\u00ebl. \u00c0 Montr\u00e9al, la premi\u00e8re comm\u00e9moration de la Shoah a eu lieu \u00e0 la Cath\u00e9drale Christ Church en 1979. Depuis, diff\u00e9rentes \u00e9glises chr\u00e9tiennes se sont associ\u00e9s \u00e0 des membres de communaut\u00e9s juives dans un acte de comm\u00e9moration commun le dimanche le plus proche du Yom Hashoah. En 1999, l&rsquo;Assembl\u00e9e nationale a officiellement reconnu l\u2019observance du Yom Hashoah et a invit\u00e9 les citoyens du Qu\u00e9bec \u00e0 partager les souvenirs et le deuil de la communaut\u00e9 juive et \u00e0 r\u00e9fl\u00e9chir aux le\u00e7ons de la Shoah.<\/p>\n<p>T\u00e9l\u00e9chargez les ressources pour <strong>le 11 avril 2021<\/strong> :<\/p>\n<ul>\n<li><a href=\"https:\/\/nakonhakaucc.ca\/fr\/wp-content\/uploads\/sites\/2\/2021\/03\/3-1-ChrComShoah-2021-Press-Release-Fr-v01.docx\">Comm\u00e9moration chr\u00e9tienne de la Shoah 2021 &#8211; communiqu\u00e9<\/a><\/li>\n<li><a href=\"https:\/\/nakonhakaucc.ca\/fr\/wp-content\/uploads\/sites\/2\/2021\/03\/3-2-Shoah-Commemoration-2021-Poster-French-v01.pdf\">Comm\u00e9moration chr\u00e9tienne de la Shoah 2021 &#8211; affiche<\/a><\/li>\n<li><a href=\"https:\/\/vimeo.com\/404752414\">Comm\u00e9moration chr\u00e9tienne de la Shoah &#8211; vid\u00e9o<\/a><\/li>\n<\/ul>\n<p><em>For resources in English: <a href=\"https:\/\/nakonhakaucc.ca\/resources\/worship-resources\">https:\/\/nakonhakaucc.ca\/resources\/worship-resources<\/a><\/em><\/p>\n<p>[\/et_pb_toggle][\/et_pb_column][\/et_pb_row][et_pb_row][et_pb_column type=\u00a0\u00bb4_4&Prime;][et_pb_divider _builder_version=\u00a0\u00bb3.19.18&Prime; \/][et_pb_text _builder_version=\u00a0\u00bb3.19.18&Prime;]<\/p>\n<p><em>Pour en savoir plus \u00e0 propos des autres ressources pour faire des cultes<strong>\u00a0<\/strong>: <a href=\"https:\/\/egliseunie.ca\/ressources\/\">https:\/\/egliseunie.ca\/ressources\/<\/a><\/em><\/p>\n<p>[\/et_pb_text][\/et_pb_column][\/et_pb_row][\/et_pb_section][et_pb_section bb_built=\u00a0\u00bb1&Prime; admin_label=\u00a0\u00bbCall To Action Box\u00a0\u00bb specialty=\u00a0\u00bboff\u00a0\u00bb _builder_version=\u00a0\u00bb3.19.18&Prime; background_image=\u00a0\u00bbhttps:\/\/ucc-regions-1.apluspc.ca\/wp-content\/uploads\/2018\/11\/call-to-action-bg.jpg\u00a0\u00bb module_class=\u00a0\u00bbsub-call-to-action\u00a0\u00bb prev_background_color=\u00a0\u00bb#ffffff\u00a0\u00bb custom_css_main_element=\u00a0\u00bbdisplay: none !important;\u00a0\u00bb global_module=\u00a0\u00bb496&Prime;][et_pb_row global_parent=\u00a0\u00bb496&Prime; background_position=\u00a0\u00bbtop_left\u00a0\u00bb background_repeat=\u00a0\u00bbrepeat\u00a0\u00bb background_size=\u00a0\u00bbinitial\u00a0\u00bb _builder_version=\u00a0\u00bb3.17.6&Prime; module_class_2=\u00a0\u00bbsub-cta-col2&Prime;][et_pb_column type=\u00a0\u00bb4_4&Prime;][et_pb_text admin_label=\u00a0\u00bbGlobal Call to Action Title and Text\u00a0\u00bb global_parent=\u00a0\u00bb496&Prime; _builder_version=\u00a0\u00bb3.18.4&Prime;]<\/p>\n<h3>Call to Action<\/h3>\n<p>Lorem ipsum dolor sit amet, consectetur adipiscing elit. Praesent ultrices dui, accumsan iaculis neque blandit quis. Nam ut dolor tempus, porttitor sem a, hendrerit libero. Ut lacinia congue massa sit amet lacinia. Suspendisse vel efficitur est.<\/p>\n<p>\u00a0<\/p>\n<p>[\/et_pb_text][et_pb_button admin_label=\u00a0\u00bbGlobal Call to Action Button\u00a0\u00bb global_parent=\u00a0\u00bb496&Prime; _builder_version=\u00a0\u00bb3.18.4&Prime; button_text=\u00a0\u00bbLearn More\u00a0\u00bb button_url=\u00a0\u00bb#\u00a0\u00bb module_id=\u00a0\u00bbwhite-button-blue-text\u00a0\u00bb module_class=\u00a0\u00bbsub-cta-button\u00a0\u00bb button_alignment=\u00a0\u00bbcenter\u00a0\u00bb \/][\/et_pb_column][\/et_pb_row][\/et_pb_section]<\/p>\n","protected":false},"excerpt":{"rendered":"<p>[et_pb_section bb_built=\u00a0\u00bb1&Prime; fullwidth=\u00a0\u00bbon\u00a0\u00bb specialty=\u00a0\u00bboff\u00a0\u00bb _builder_version=\u00a0\u00bb3.19.18&Prime; background_size=\u00a0\u00bbinitial\u00a0\u00bb module_class=\u00a0\u00bbsub-banner\u00a0\u00bb next_background_color=\u00a0\u00bb#000000&Prime; global_module=\u00a0\u00bb499&Prime;][et_pb_fullwidth_image admin_label=\u00a0\u00bbglobal sub-banner &#8211; update\u00a0\u00bb global_parent=\u00a0\u00bb499&Prime; _builder_version=\u00a0\u00bb3.19.18&Prime; background_image=\u00a0\u00bbhttp:\/\/nakonhakaucc.ca\/fr\/wp-content\/uploads\/sites\/2\/2019\/09\/sunrise.jpg\u00a0\u00bb [&hellip;]<\/p>\n","protected":false},"author":5,"featured_media":0,"parent":165,"menu_order":2,"comment_status":"closed","ping_status":"closed","template":"","meta":{"_acf_changed":false,"_et_pb_use_builder":"on","_et_pb_old_content":"","_et_gb_content_width":"","_exactmetrics_skip_tracking":false,"_exactmetrics_sitenote_active":false,"_exactmetrics_sitenote_note":"","_exactmetrics_sitenote_category":0,"_price":"","_stock":"","_tribe_ticket_header":"","_tribe_default_ticket_provider":"","_tribe_ticket_capacity":"0","_ticket_start_date":"","_ticket_end_date":"","_tribe_ticket_show_description":"","_tribe_ticket_show_not_going":false,"_tribe_ticket_use_global_stock":"","_tribe_ticket_global_stock_level":"","_global_stock_mode":"","_global_stock_cap":"","_tribe_rsvp_for_event":"","_tribe_ticket_going_count":"","_tribe_ticket_not_going_count":"","_tribe_tickets_list":"[]","_tribe_ticket_has_attendee_info_fields":false,"footnotes":"","_tec_slr_enabled":"","_tec_slr_layout":""},"class_list":["post-3685","page","type-page","status-publish","hentry"],"acf":[],"yoast_head":"<!-- This site is optimized with the Yoast SEO plugin v27.4 - https:\/\/yoast.com\/product\/yoast-seo-wordpress\/ -->\n<title>Ressources pour les cultes - Conseil r\u00e9gional Nakonha:ka<\/title>\n<meta name=\"robots\" content=\"index, follow, max-snippet:-1, max-image-preview:large, max-video-preview:-1\" \/>\n<link rel=\"canonical\" href=\"https:\/\/nakonhakaucc.ca\/fr\/ressources\/ressources-pour-les-cultes\/\" \/>\n<meta property=\"og:locale\" content=\"fr_FR\" \/>\n<meta property=\"og:type\" content=\"article\" \/>\n<meta property=\"og:title\" content=\"Ressources pour les cultes - Conseil r\u00e9gional Nakonha:ka\" \/>\n<meta property=\"og:description\" content=\"[et_pb_section bb_built=\u00a0\u00bb1&Prime; fullwidth=\u00a0\u00bbon\u00a0\u00bb specialty=\u00a0\u00bboff\u00a0\u00bb _builder_version=\u00a0\u00bb3.19.18&Prime; background_size=\u00a0\u00bbinitial\u00a0\u00bb module_class=\u00a0\u00bbsub-banner\u00a0\u00bb next_background_color=\u00a0\u00bb#000000&Prime; global_module=\u00a0\u00bb499&Prime;][et_pb_fullwidth_image admin_label=\u00a0\u00bbglobal sub-banner &#8211; update\u00a0\u00bb global_parent=\u00a0\u00bb499&Prime; _builder_version=\u00a0\u00bb3.19.18&Prime; background_image=\u00a0\u00bbhttp:\/\/nakonhakaucc.ca\/fr\/wp-content\/uploads\/sites\/2\/2019\/09\/sunrise.jpg\u00a0\u00bb [&hellip;]\" \/>\n<meta property=\"og:url\" content=\"https:\/\/nakonhakaucc.ca\/fr\/ressources\/ressources-pour-les-cultes\/\" \/>\n<meta property=\"og:site_name\" content=\"Conseil r\u00e9gional Nakonha:ka\" \/>\n<meta property=\"article:modified_time\" content=\"2021-03-29T18:53:27+00:00\" \/>\n<meta name=\"twitter:card\" content=\"summary_large_image\" \/>\n<meta name=\"twitter:label1\" content=\"Dur\u00e9e de lecture estim\u00e9e\" \/>\n\t<meta name=\"twitter:data1\" content=\"3 minutes\" \/>\n<script type=\"application\/ld+json\" class=\"yoast-schema-graph\">{\"@context\":\"https:\\\/\\\/schema.org\",\"@graph\":[{\"@type\":\"WebPage\",\"@id\":\"https:\\\/\\\/nakonhakaucc.ca\\\/fr\\\/ressources\\\/ressources-pour-les-cultes\\\/\",\"url\":\"https:\\\/\\\/nakonhakaucc.ca\\\/fr\\\/ressources\\\/ressources-pour-les-cultes\\\/\",\"name\":\"Ressources pour les cultes - Conseil r\u00e9gional Nakonha:ka\",\"isPartOf\":{\"@id\":\"https:\\\/\\\/nakonhakaucc.ca\\\/fr\\\/#website\"},\"datePublished\":\"2021-03-29T18:21:16+00:00\",\"dateModified\":\"2021-03-29T18:53:27+00:00\",\"breadcrumb\":{\"@id\":\"https:\\\/\\\/nakonhakaucc.ca\\\/fr\\\/ressources\\\/ressources-pour-les-cultes\\\/#breadcrumb\"},\"inLanguage\":\"fr-FR\",\"potentialAction\":[{\"@type\":\"ReadAction\",\"target\":[\"https:\\\/\\\/nakonhakaucc.ca\\\/fr\\\/ressources\\\/ressources-pour-les-cultes\\\/\"]}]},{\"@type\":\"BreadcrumbList\",\"@id\":\"https:\\\/\\\/nakonhakaucc.ca\\\/fr\\\/ressources\\\/ressources-pour-les-cultes\\\/#breadcrumb\",\"itemListElement\":[{\"@type\":\"ListItem\",\"position\":1,\"name\":\"Accueil\",\"item\":\"https:\\\/\\\/nakonhakaucc.ca\\\/fr\\\/\"},{\"@type\":\"ListItem\",\"position\":2,\"name\":\"Ressources\",\"item\":\"https:\\\/\\\/nakonhakaucc.ca\\\/fr\\\/ressources\\\/\"},{\"@type\":\"ListItem\",\"position\":3,\"name\":\"Ressources pour les cultes\"}]},{\"@type\":\"WebSite\",\"@id\":\"https:\\\/\\\/nakonhakaucc.ca\\\/fr\\\/#website\",\"url\":\"https:\\\/\\\/nakonhakaucc.ca\\\/fr\\\/\",\"name\":\"Conseil r\u00e9gional Nakonha:ka\",\"description\":\"site web Nakonha:ka (r\u00e9gion 13 de l&#039;\u00c9glise Unie du Canada)\",\"potentialAction\":[{\"@type\":\"SearchAction\",\"target\":{\"@type\":\"EntryPoint\",\"urlTemplate\":\"https:\\\/\\\/nakonhakaucc.ca\\\/fr\\\/?s={search_term_string}\"},\"query-input\":{\"@type\":\"PropertyValueSpecification\",\"valueRequired\":true,\"valueName\":\"search_term_string\"}}],\"inLanguage\":\"fr-FR\"}]}<\/script>\n<!-- \/ Yoast SEO plugin. -->","yoast_head_json":{"title":"Ressources pour les cultes - Conseil r\u00e9gional Nakonha:ka","robots":{"index":"index","follow":"follow","max-snippet":"max-snippet:-1","max-image-preview":"max-image-preview:large","max-video-preview":"max-video-preview:-1"},"canonical":"https:\/\/nakonhakaucc.ca\/fr\/ressources\/ressources-pour-les-cultes\/","og_locale":"fr_FR","og_type":"article","og_title":"Ressources pour les cultes - Conseil r\u00e9gional Nakonha:ka","og_description":"[et_pb_section bb_built=\u00a0\u00bb1&Prime; fullwidth=\u00a0\u00bbon\u00a0\u00bb specialty=\u00a0\u00bboff\u00a0\u00bb _builder_version=\u00a0\u00bb3.19.18&Prime; background_size=\u00a0\u00bbinitial\u00a0\u00bb module_class=\u00a0\u00bbsub-banner\u00a0\u00bb next_background_color=\u00a0\u00bb#000000&Prime; global_module=\u00a0\u00bb499&Prime;][et_pb_fullwidth_image admin_label=\u00a0\u00bbglobal sub-banner &#8211; update\u00a0\u00bb global_parent=\u00a0\u00bb499&Prime; _builder_version=\u00a0\u00bb3.19.18&Prime; background_image=\u00a0\u00bbhttp:\/\/nakonhakaucc.ca\/fr\/wp-content\/uploads\/sites\/2\/2019\/09\/sunrise.jpg\u00a0\u00bb [&hellip;]","og_url":"https:\/\/nakonhakaucc.ca\/fr\/ressources\/ressources-pour-les-cultes\/","og_site_name":"Conseil r\u00e9gional Nakonha:ka","article_modified_time":"2021-03-29T18:53:27+00:00","twitter_card":"summary_large_image","twitter_misc":{"Dur\u00e9e de lecture estim\u00e9e":"3 minutes"},"schema":{"@context":"https:\/\/schema.org","@graph":[{"@type":"WebPage","@id":"https:\/\/nakonhakaucc.ca\/fr\/ressources\/ressources-pour-les-cultes\/","url":"https:\/\/nakonhakaucc.ca\/fr\/ressources\/ressources-pour-les-cultes\/","name":"Ressources pour les cultes - Conseil r\u00e9gional Nakonha:ka","isPartOf":{"@id":"https:\/\/nakonhakaucc.ca\/fr\/#website"},"datePublished":"2021-03-29T18:21:16+00:00","dateModified":"2021-03-29T18:53:27+00:00","breadcrumb":{"@id":"https:\/\/nakonhakaucc.ca\/fr\/ressources\/ressources-pour-les-cultes\/#breadcrumb"},"inLanguage":"fr-FR","potentialAction":[{"@type":"ReadAction","target":["https:\/\/nakonhakaucc.ca\/fr\/ressources\/ressources-pour-les-cultes\/"]}]},{"@type":"BreadcrumbList","@id":"https:\/\/nakonhakaucc.ca\/fr\/ressources\/ressources-pour-les-cultes\/#breadcrumb","itemListElement":[{"@type":"ListItem","position":1,"name":"Accueil","item":"https:\/\/nakonhakaucc.ca\/fr\/"},{"@type":"ListItem","position":2,"name":"Ressources","item":"https:\/\/nakonhakaucc.ca\/fr\/ressources\/"},{"@type":"ListItem","position":3,"name":"Ressources pour les cultes"}]},{"@type":"WebSite","@id":"https:\/\/nakonhakaucc.ca\/fr\/#website","url":"https:\/\/nakonhakaucc.ca\/fr\/","name":"Conseil r\u00e9gional Nakonha:ka","description":"site web Nakonha:ka (r\u00e9gion 13 de l&#039;\u00c9glise Unie du Canada)","potentialAction":[{"@type":"SearchAction","target":{"@type":"EntryPoint","urlTemplate":"https:\/\/nakonhakaucc.ca\/fr\/?s={search_term_string}"},"query-input":{"@type":"PropertyValueSpecification","valueRequired":true,"valueName":"search_term_string"}}],"inLanguage":"fr-FR"}]}},"ticketed":false,"_links":{"self":[{"href":"https:\/\/nakonhakaucc.ca\/fr\/wp-json\/wp\/v2\/pages\/3685","targetHints":{"allow":["GET"]}}],"collection":[{"href":"https:\/\/nakonhakaucc.ca\/fr\/wp-json\/wp\/v2\/pages"}],"about":[{"href":"https:\/\/nakonhakaucc.ca\/fr\/wp-json\/wp\/v2\/types\/page"}],"author":[{"embeddable":true,"href":"https:\/\/nakonhakaucc.ca\/fr\/wp-json\/wp\/v2\/users\/5"}],"replies":[{"embeddable":true,"href":"https:\/\/nakonhakaucc.ca\/fr\/wp-json\/wp\/v2\/comments?post=3685"}],"version-history":[{"count":10,"href":"https:\/\/nakonhakaucc.ca\/fr\/wp-json\/wp\/v2\/pages\/3685\/revisions"}],"predecessor-version":[{"id":3699,"href":"https:\/\/nakonhakaucc.ca\/fr\/wp-json\/wp\/v2\/pages\/3685\/revisions\/3699"}],"up":[{"embeddable":true,"href":"https:\/\/nakonhakaucc.ca\/fr\/wp-json\/wp\/v2\/pages\/165"}],"wp:attachment":[{"href":"https:\/\/nakonhakaucc.ca\/fr\/wp-json\/wp\/v2\/media?parent=3685"}],"curies":[{"name":"wp","href":"https:\/\/api.w.org\/{rel}","templated":true}]}}