{"id":3754,"date":"2021-05-05T08:19:25","date_gmt":"2021-05-05T12:19:25","guid":{"rendered":"https:\/\/nakonhakaucc.ca\/fr\/?page_id=3754"},"modified":"2025-01-10T10:22:50","modified_gmt":"2025-01-10T15:22:50","slug":"daniel-hayward","status":"publish","type":"page","link":"https:\/\/nakonhakaucc.ca\/fr\/a-propos\/personnel\/daniel-hayward\/","title":{"rendered":"Pasteur Daniel Hayward"},"content":{"rendered":"<p>[et_pb_section fb_built=\u00a0\u00bb1&Prime; fullwidth=\u00a0\u00bbon\u00a0\u00bb module_class=\u00a0\u00bbsub-banner\u00a0\u00bb _builder_version=\u00a0\u00bb3.19.18&Prime; background_size=\u00a0\u00bbinitial\u00a0\u00bb global_module=\u00a0\u00bb499&Prime; global_colors_info=\u00a0\u00bb{}\u00a0\u00bb][et_pb_fullwidth_image admin_label=\u00a0\u00bbglobal sub-banner &#8211; update\u00a0\u00bb _builder_version=\u00a0\u00bb4.16&Prime; background_image=\u00a0\u00bbhttps:\/\/nakonhakaucc.ca\/fr\/wp-content\/uploads\/sites\/2\/2019\/09\/sunrise.jpg\u00a0\u00bb background_position=\u00a0\u00bbtop_center\u00a0\u00bb global_colors_info=\u00a0\u00bb{}\u00a0\u00bb][\/et_pb_fullwidth_image][\/et_pb_section][et_pb_section fb_built=\u00a0\u00bb1&Prime; _builder_version=\u00a0\u00bb4.16&Prime; global_colors_info=\u00a0\u00bb{}\u00a0\u00bb][et_pb_row column_structure=\u00a0\u00bb3_4,1_4&Prime; _builder_version=\u00a0\u00bb4.16&Prime; background_size=\u00a0\u00bbinitial\u00a0\u00bb background_position=\u00a0\u00bbtop_left\u00a0\u00bb background_repeat=\u00a0\u00bbrepeat\u00a0\u00bb global_colors_info=\u00a0\u00bb{}\u00a0\u00bb][et_pb_column type=\u00a0\u00bb3_4&Prime; _builder_version=\u00a0\u00bb4.16&Prime; custom_padding=\u00a0\u00bb|||\u00a0\u00bb global_colors_info=\u00a0\u00bb{}\u00a0\u00bb custom_padding__hover=\u00a0\u00bb|||\u00a0\u00bb][et_pb_text admin_label=\u00a0\u00bbPasteur Daniel Hayward\u00a0\u00bb _builder_version=\u00a0\u00bb4.27.4&Prime; global_colors_info=\u00a0\u00bb{}\u00a0\u00bb]<\/p>\n<h1>Pasteur Daniel Hayward<\/h1>\n<h3>Responsable des relations pastorales<\/h3>\n<p><strong>T\u00e9l\u00e9phone :<\/strong> (514) 819-2925<br \/><strong>Courriel :<\/strong> <a href=\"&#109;&#x61;&#x69;&#108;&#x74;&#x6f;:&#x44;&#x48;a&#121;&#x77;a&#114;&#x64;&#64;&#117;&#x6e;i&#116;&#x65;d&#45;&#x63;&#x68;&#117;&#x72;&#x63;&#104;&#x2e;&#x63;a\">&#x44;&#72;&#x61;&#x79;w&#x61;&#114;d&#x40;&#117;n&#x69;&#116;&#x65;&#x64;-&#x63;&#104;u&#x72;&#99;h&#x2e;&#99;&#x61;<\/a><\/p>\n<p><img loading=\"lazy\" decoding=\"async\" class=\"alignleft wp-image-3749 size-medium\" src=\"https:\/\/nakonhakaucc.ca\/fr\/wp-content\/uploads\/sites\/2\/2021\/05\/DanHayward-01-e1620215411900-300x300.jpg\" alt=\"Pasteur Daniel Hayward\" width=\"300\" height=\"300\" srcset=\"https:\/\/nakonhakaucc.ca\/fr\/wp-content\/uploads\/sites\/2\/2021\/05\/DanHayward-01-e1620215411900-300x300.jpg 300w, https:\/\/nakonhakaucc.ca\/fr\/wp-content\/uploads\/sites\/2\/2021\/05\/DanHayward-01-e1620215411900-150x150.jpg 150w, https:\/\/nakonhakaucc.ca\/fr\/wp-content\/uploads\/sites\/2\/2021\/05\/DanHayward-01-e1620215411900-768x768.jpg 768w, https:\/\/nakonhakaucc.ca\/fr\/wp-content\/uploads\/sites\/2\/2021\/05\/DanHayward-01-e1620215411900.jpg 900w\" sizes=\"(max-width: 300px) 100vw, 300px\" \/>La t\u00e2che de Dan est d\u2019aider au service, au soutien et \u00e0 la supervision du Conseil r\u00e9gional Nakonha:ka de m\u00eame que d\u2019apporter son appui aux relations pastorales des communaut\u00e9s de foi, en prodiguant encouragement et aide au personnel minist\u00e9riel en vue d\u2019une pratique du minist\u00e8re v\u00e9cue dans la sant\u00e9, la joie et marqu\u00e9e au sceau de l\u2019excellence.<\/p>\n<p><em>Dan Hayward a d\u2019abord \u00e9t\u00e9 candidat au minist\u00e8re en provenance d\u2019Ottawa puis ordonn\u00e9 par le Synode Montr\u00e9al et Ottawa, en 2009. Il a alors \u00e9t\u00e9 plac\u00e9 dans le Consistoire Seaway Valley o\u00f9 son minist\u00e8re l\u2019a conduit \u00e0 superviser la fermeture d\u2019un lieu de culte lors de la fusion de deux charges pastorales et \u00e0 soutenir les communaut\u00e9s de foi dans la mise en place des modalit\u00e9s de partage du personnel minist\u00e9riel. Il a particip\u00e9 aux entrevues annuelles du personnel c\u00e9l\u00e9brant la\u00efque agr\u00e9e. Il a assur\u00e9 la pr\u00e9sidence de divers comit\u00e9s dont les archives du Consistoire Seaway Valley, le comit\u00e9 Vision et Transformation et le comit\u00e9 de formation des candidats et des candidates, puis en 2011-2012 la pr\u00e9sidence du consistoire m\u00eame, ce qui l\u2019a conduit \u00e0 si\u00e9ger \u00e0 l\u2019ex\u00e9cutif du synode lors des discussions \u00e0 propos de la mise en place d\u2019une politique concernant les c\u00e9l\u00e9brantes et c\u00e9l\u00e9brants la\u00efques des sacrements. Il poss\u00e8de aussi de l\u2019exp\u00e9rience dans les d\u00e9marches d\u2019examen du personnel minist\u00e9riel comme celui d\u2019une charge pastorale. Son minist\u00e8re au palier local a aussi int\u00e9gr\u00e9 la supervision d\u2019une personne candidate au minist\u00e8re, celle d\u2019une charge pastorale, le soutien aux communaut\u00e9s de foi et la participation \u00e0 un comit\u00e9 de recherche.<\/em><\/p>\n<p><em>Dan a si\u00e9g\u00e9 \u00e0 l\u2019ex\u00e9cutif du Conseil g\u00e9n\u00e9ral de 2015-2018, et il a \u00e9t\u00e9 d\u00e9l\u00e9gu\u00e9 aux 41e, 42e et 43e assembl\u00e9es du Conseil g\u00e9n\u00e9ral. En 2012, il est devenu membre du Comit\u00e9 th\u00e9ologie et relations interconfessionnelles et interreligieuses, dont il assure la pr\u00e9sidence depuis 2015. Au sein de ce comit\u00e9, il s\u2019est pench\u00e9 sur des enjeux nationaux tels le rapport du dialogue entre l\u2019\u00c9glise anglicane et l\u2019\u00c9glise Unie sur les minist\u00e8res \u0153cum\u00e9niques conjoints, les modalit\u00e9s d\u2019op\u00e9rationnalisation des d\u00e9cisions du Conseil g\u00e9n\u00e9ral \u00e0 propos de l\u2019autorisation d\u2019administration des sacrements; il a particip\u00e9 au groupe de travail sur les th\u00e9ologies des handicaps, comme membre de la d\u00e9l\u00e9gation du Conseil g\u00e9n\u00e9ral en Chine ainsi que du comit\u00e9 de n\u00e9gociation en vue de la pleine communion avec la United Church of Christ (\u00c9tats-Unis).<\/em><\/p>\n<p><em>La profondeur de son engagement envers l\u2019\u00c9glise Unie du Canada, selon l\u2019expression propre \u00e0 celle-ci, est attest\u00e9e par ses ann\u00e9es de service au sein de nos instances de gouvernance et par son travail th\u00e9ologique, \u0153cum\u00e9nique et interreligieux.<\/em><\/p>\n<p>&nbsp;<\/p>\n<p>[\/et_pb_text][\/et_pb_column][et_pb_column type=\u00a0\u00bb1_4&Prime; _builder_version=\u00a0\u00bb4.16&Prime; custom_padding=\u00a0\u00bb|||\u00a0\u00bb global_colors_info=\u00a0\u00bb{}\u00a0\u00bb custom_padding__hover=\u00a0\u00bb|||\u00a0\u00bb][et_pb_text admin_label=\u00a0\u00bbAll Staff List\u00a0\u00bb _builder_version=\u00a0\u00bb4.27.4&Prime; hover_enabled=\u00a0\u00bb0&Prime; global_module=\u00a0\u00bb627&Prime; saved_tabs=\u00a0\u00bball\u00a0\u00bb global_colors_info=\u00a0\u00bb{}\u00a0\u00bb sticky_enabled=\u00a0\u00bb0&Prime;]<\/p>\n<p>&lt; <a href=\"https:\/\/nakonhakaucc.ca\/fr\/a-propos\/personnel\/\">Liste de personnel<\/a><\/p>\n<h3>Personnel<\/h3>\n<ul>\n<li style=\"list-style-type: none;\">\n<ul>\n<li><a href=\"https:\/\/nakonhakaucc.ca\/fr\/a-propos\/personnel\/pasteur-eric-hebert-daly\/\">Pasteur \u00c9ric H\u00e9bert-Daly<\/a><\/li>\n<li><a href=\"https:\/\/nakonhakaucc.ca\/fr\/a-propos\/personnel\/joel-miller\">Joel Miller<\/a><\/li>\n<li><a href=\"https:\/\/nakonhakaucc.ca\/fr\/a-propos\/personnel\/daniel-hayward\/\">Pasteur Daniel Hayward<\/a><\/li>\n<li><a href=\"https:\/\/nakonhakaucc.ca\/fr\/a-propos\/personnel\/Shanna-Bernier\">Shanna Bernier<\/a><\/li>\n<li><a href=\"https:\/\/nakonhakaucc.ca\/fr\/a-propos\/personnel\/Brian-Ruse\">Brian Ruse<\/a><\/li>\n<li><a href=\"https:\/\/nakonhakaucc.ca\/fr\/a-propos\/personnel\/aviyah-abrams\/\">Aviyah Abrams<\/a><\/li>\n<li><a href=\"https:\/\/nakonhakaucc.ca\/fr\/a-propos\/personnel\/esther-guillen\/\" title=\"Dr. Esther Guill\u00e9n\">Dr. Esther <span data-teams=\"true\">Guill\u00e9n<\/span><\/a><\/li>\n<li><a href=\"https:\/\/nakonhakaucc.ca\/fr\/a-propos\/personnel\/tori-mullin\">Pasteure Tori Mullin<\/a><\/li>\n<li><a href=\"https:\/\/nakonhakaucc.ca\/fr\/a-propos\/personnel\/Sara-DeMelo-Zare\">Sara DeMelo-Zare<\/a><\/li>\n<li><a href=\"https:\/\/nakonhakaucc.ca\/fr\/a-propos\/personnel\/roger-janes\">Roger Janes<\/a><\/li>\n<li><a href=\"https:\/\/nakonhakaucc.ca\/fr\/a-propos\/personnel\/martha-pedoniquotte\/\">Martha Pedoniquotte<\/a><\/li>\n<li><a href=\"https:\/\/nakonhakaucc.ca\/fr\/a-propos\/personnel\/tim-hackborn\">Tim Hackborn<\/a><\/li>\n<li><a href=\"https:\/\/nakonhakaucc.ca\/fr\/a-propos\/personnel\/pasteure-caroline-penhale\/\">Pasteure Caroline Penhale<\/a><\/li>\n<\/ul>\n<\/li>\n<\/ul>\n<p>&nbsp;<\/p>\n<p>[\/et_pb_text][\/et_pb_column][\/et_pb_row][\/et_pb_section][et_pb_section fb_built=\u00a0\u00bb1&Prime; admin_label=\u00a0\u00bbCall To Action Box\u00a0\u00bb module_class=\u00a0\u00bbsub-call-to-action\u00a0\u00bb _builder_version=\u00a0\u00bb3.19.18&Prime; background_image=\u00a0\u00bbhttps:\/\/ucc-regions-1.apluspc.ca\/wp-content\/uploads\/2018\/11\/call-to-action-bg.jpg\u00a0\u00bb custom_css_main_element=\u00a0\u00bbdisplay: none !important;\u00a0\u00bb global_module=\u00a0\u00bb496&Prime; global_colors_info=\u00a0\u00bb{}\u00a0\u00bb][et_pb_row _builder_version=\u00a0\u00bb4.16&Prime; background_size=\u00a0\u00bbinitial\u00a0\u00bb background_position=\u00a0\u00bbtop_left\u00a0\u00bb background_repeat=\u00a0\u00bbrepeat\u00a0\u00bb global_colors_info=\u00a0\u00bb{}\u00a0\u00bb][et_pb_column type=\u00a0\u00bb4_4&Prime; _builder_version=\u00a0\u00bb4.16&Prime; custom_padding=\u00a0\u00bb|||\u00a0\u00bb global_colors_info=\u00a0\u00bb{}\u00a0\u00bb custom_padding__hover=\u00a0\u00bb|||\u00a0\u00bb][et_pb_text admin_label=\u00a0\u00bbGlobal Call to Action Title and Text\u00a0\u00bb _builder_version=\u00a0\u00bb4.16&Prime; global_colors_info=\u00a0\u00bb{}\u00a0\u00bb]<\/p>\n<h3>Call to Action<\/h3>\n<p>Lorem ipsum dolor sit amet, consectetur adipiscing elit. Praesent ultrices dui, accumsan iaculis neque blandit quis. Nam ut dolor tempus, porttitor sem a, hendrerit libero. Ut lacinia congue massa sit amet lacinia. Suspendisse vel efficitur est.<\/p>\n<p>\u00a0<\/p>\n<p>[\/et_pb_text][et_pb_button button_url=\u00a0\u00bb#\u00a0\u00bb button_text=\u00a0\u00bbLearn More\u00a0\u00bb button_alignment=\u00a0\u00bbcenter\u00a0\u00bb admin_label=\u00a0\u00bbGlobal Call to Action Button\u00a0\u00bb module_id=\u00a0\u00bbwhite-button-blue-text\u00a0\u00bb module_class=\u00a0\u00bbsub-cta-button\u00a0\u00bb _builder_version=\u00a0\u00bb4.16&Prime; global_colors_info=\u00a0\u00bb{}\u00a0\u00bb][\/et_pb_button][\/et_pb_column][\/et_pb_row][\/et_pb_section]<\/p>\n","protected":false},"excerpt":{"rendered":"<p>[et_pb_section fb_built=\u00a0\u00bb1&Prime; fullwidth=\u00a0\u00bbon\u00a0\u00bb module_class=\u00a0\u00bbsub-banner\u00a0\u00bb _builder_version=\u00a0\u00bb3.19.18&Prime; background_size=\u00a0\u00bbinitial\u00a0\u00bb global_module=\u00a0\u00bb499&Prime; global_colors_info=\u00a0\u00bb{}\u00a0\u00bb][et_pb_fullwidth_image admin_label=\u00a0\u00bbglobal sub-banner &#8211; update\u00a0\u00bb _builder_version=\u00a0\u00bb4.16&Prime; background_image=\u00a0\u00bbhttps:\/\/nakonhakaucc.ca\/fr\/wp-content\/uploads\/sites\/2\/2019\/09\/sunrise.jpg\u00a0\u00bb background_position=\u00a0\u00bbtop_center\u00a0\u00bb global_colors_info=\u00a0\u00bb{}\u00a0\u00bb][\/et_pb_fullwidth_image][\/et_pb_section][et_pb_section [&hellip;]<\/p>\n","protected":false},"author":5,"featured_media":0,"parent":175,"menu_order":3,"comment_status":"closed","ping_status":"closed","template":"","meta":{"_acf_changed":false,"_et_pb_use_builder":"on","_et_pb_old_content":"","_et_gb_content_width":"","_exactmetrics_skip_tracking":false,"_exactmetrics_sitenote_active":false,"_exactmetrics_sitenote_note":"","_exactmetrics_sitenote_category":0,"_price":"","_stock":"","_tribe_ticket_header":"","_tribe_default_ticket_provider":"","_tribe_ticket_capacity":"0","_ticket_start_date":"","_ticket_end_date":"","_tribe_ticket_show_description":"","_tribe_ticket_show_not_going":false,"_tribe_ticket_use_global_stock":"","_tribe_ticket_global_stock_level":"","_global_stock_mode":"","_global_stock_cap":"","_tribe_rsvp_for_event":"","_tribe_ticket_going_count":"","_tribe_ticket_not_going_count":"","_tribe_tickets_list":"[]","_tribe_ticket_has_attendee_info_fields":false,"footnotes":"","_tec_slr_enabled":"","_tec_slr_layout":""},"class_list":["post-3754","page","type-page","status-publish","hentry"],"acf":[],"yoast_head":"<!-- This site is optimized with the Yoast SEO plugin v27.4 - https:\/\/yoast.com\/product\/yoast-seo-wordpress\/ -->\n<title>Pasteur Daniel Hayward - Conseil r\u00e9gional Nakonha:ka<\/title>\n<meta name=\"robots\" content=\"index, follow, max-snippet:-1, max-image-preview:large, max-video-preview:-1\" \/>\n<link rel=\"canonical\" href=\"https:\/\/nakonhakaucc.ca\/fr\/a-propos\/personnel\/daniel-hayward\/\" \/>\n<meta property=\"og:locale\" content=\"fr_FR\" \/>\n<meta property=\"og:type\" content=\"article\" \/>\n<meta property=\"og:title\" content=\"Pasteur Daniel Hayward - Conseil r\u00e9gional Nakonha:ka\" \/>\n<meta property=\"og:description\" content=\"[et_pb_section fb_built=\u00a0\u00bb1&Prime; fullwidth=\u00a0\u00bbon\u00a0\u00bb module_class=\u00a0\u00bbsub-banner\u00a0\u00bb _builder_version=\u00a0\u00bb3.19.18&Prime; background_size=\u00a0\u00bbinitial\u00a0\u00bb global_module=\u00a0\u00bb499&Prime; global_colors_info=\u00a0\u00bb{}\u00a0\u00bb][et_pb_fullwidth_image admin_label=\u00a0\u00bbglobal sub-banner &#8211; update\u00a0\u00bb _builder_version=\u00a0\u00bb4.16&Prime; background_image=\u00a0\u00bbhttps:\/\/nakonhakaucc.ca\/fr\/wp-content\/uploads\/sites\/2\/2019\/09\/sunrise.jpg\u00a0\u00bb background_position=\u00a0\u00bbtop_center\u00a0\u00bb global_colors_info=\u00a0\u00bb{}\u00a0\u00bb][\/et_pb_fullwidth_image][\/et_pb_section][et_pb_section [&hellip;]\" \/>\n<meta property=\"og:url\" content=\"https:\/\/nakonhakaucc.ca\/fr\/a-propos\/personnel\/daniel-hayward\/\" \/>\n<meta property=\"og:site_name\" content=\"Conseil r\u00e9gional Nakonha:ka\" \/>\n<meta property=\"article:modified_time\" content=\"2025-01-10T15:22:50+00:00\" \/>\n<meta property=\"og:image\" content=\"https:\/\/nakonhakaucc.ca\/fr\/wp-content\/uploads\/sites\/2\/2021\/05\/DanHayward-01-e1620215411900.jpg\" \/>\n\t<meta property=\"og:image:width\" content=\"900\" \/>\n\t<meta property=\"og:image:height\" content=\"900\" \/>\n\t<meta property=\"og:image:type\" content=\"image\/jpeg\" \/>\n<meta name=\"twitter:card\" content=\"summary_large_image\" \/>\n<meta name=\"twitter:label1\" content=\"Dur\u00e9e de lecture estim\u00e9e\" \/>\n\t<meta name=\"twitter:data1\" content=\"3 minutes\" \/>\n<script type=\"application\/ld+json\" class=\"yoast-schema-graph\">{\"@context\":\"https:\\\/\\\/schema.org\",\"@graph\":[{\"@type\":\"WebPage\",\"@id\":\"https:\\\/\\\/nakonhakaucc.ca\\\/fr\\\/a-propos\\\/personnel\\\/daniel-hayward\\\/\",\"url\":\"https:\\\/\\\/nakonhakaucc.ca\\\/fr\\\/a-propos\\\/personnel\\\/daniel-hayward\\\/\",\"name\":\"Pasteur Daniel Hayward - Conseil r\u00e9gional Nakonha:ka\",\"isPartOf\":{\"@id\":\"https:\\\/\\\/nakonhakaucc.ca\\\/fr\\\/#website\"},\"primaryImageOfPage\":{\"@id\":\"https:\\\/\\\/nakonhakaucc.ca\\\/fr\\\/a-propos\\\/personnel\\\/daniel-hayward\\\/#primaryimage\"},\"image\":{\"@id\":\"https:\\\/\\\/nakonhakaucc.ca\\\/fr\\\/a-propos\\\/personnel\\\/daniel-hayward\\\/#primaryimage\"},\"thumbnailUrl\":\"https:\\\/\\\/nakonhakaucc.ca\\\/fr\\\/wp-content\\\/uploads\\\/sites\\\/2\\\/2021\\\/05\\\/DanHayward-01-e1620215411900-300x300.jpg\",\"datePublished\":\"2021-05-05T12:19:25+00:00\",\"dateModified\":\"2025-01-10T15:22:50+00:00\",\"breadcrumb\":{\"@id\":\"https:\\\/\\\/nakonhakaucc.ca\\\/fr\\\/a-propos\\\/personnel\\\/daniel-hayward\\\/#breadcrumb\"},\"inLanguage\":\"fr-FR\",\"potentialAction\":[{\"@type\":\"ReadAction\",\"target\":[\"https:\\\/\\\/nakonhakaucc.ca\\\/fr\\\/a-propos\\\/personnel\\\/daniel-hayward\\\/\"]}]},{\"@type\":\"ImageObject\",\"inLanguage\":\"fr-FR\",\"@id\":\"https:\\\/\\\/nakonhakaucc.ca\\\/fr\\\/a-propos\\\/personnel\\\/daniel-hayward\\\/#primaryimage\",\"url\":\"https:\\\/\\\/nakonhakaucc.ca\\\/fr\\\/wp-content\\\/uploads\\\/sites\\\/2\\\/2021\\\/05\\\/DanHayward-01-e1620215411900.jpg\",\"contentUrl\":\"https:\\\/\\\/nakonhakaucc.ca\\\/fr\\\/wp-content\\\/uploads\\\/sites\\\/2\\\/2021\\\/05\\\/DanHayward-01-e1620215411900.jpg\",\"width\":900,\"height\":900,\"caption\":\"Pasteur Daniel Hayward\"},{\"@type\":\"BreadcrumbList\",\"@id\":\"https:\\\/\\\/nakonhakaucc.ca\\\/fr\\\/a-propos\\\/personnel\\\/daniel-hayward\\\/#breadcrumb\",\"itemListElement\":[{\"@type\":\"ListItem\",\"position\":1,\"name\":\"Accueil\",\"item\":\"https:\\\/\\\/nakonhakaucc.ca\\\/fr\\\/\"},{\"@type\":\"ListItem\",\"position\":2,\"name\":\"\u00c0 propos\",\"item\":\"https:\\\/\\\/nakonhakaucc.ca\\\/fr\\\/a-propos\\\/\"},{\"@type\":\"ListItem\",\"position\":3,\"name\":\"Personnel\",\"item\":\"https:\\\/\\\/nakonhakaucc.ca\\\/fr\\\/a-propos\\\/personnel\\\/\"},{\"@type\":\"ListItem\",\"position\":4,\"name\":\"Pasteur Daniel Hayward\"}]},{\"@type\":\"WebSite\",\"@id\":\"https:\\\/\\\/nakonhakaucc.ca\\\/fr\\\/#website\",\"url\":\"https:\\\/\\\/nakonhakaucc.ca\\\/fr\\\/\",\"name\":\"Conseil r\u00e9gional Nakonha:ka\",\"description\":\"site web Nakonha:ka (r\u00e9gion 13 de l&#039;\u00c9glise Unie du Canada)\",\"potentialAction\":[{\"@type\":\"SearchAction\",\"target\":{\"@type\":\"EntryPoint\",\"urlTemplate\":\"https:\\\/\\\/nakonhakaucc.ca\\\/fr\\\/?s={search_term_string}\"},\"query-input\":{\"@type\":\"PropertyValueSpecification\",\"valueRequired\":true,\"valueName\":\"search_term_string\"}}],\"inLanguage\":\"fr-FR\"}]}<\/script>\n<!-- \/ Yoast SEO plugin. -->","yoast_head_json":{"title":"Pasteur Daniel Hayward - Conseil r\u00e9gional Nakonha:ka","robots":{"index":"index","follow":"follow","max-snippet":"max-snippet:-1","max-image-preview":"max-image-preview:large","max-video-preview":"max-video-preview:-1"},"canonical":"https:\/\/nakonhakaucc.ca\/fr\/a-propos\/personnel\/daniel-hayward\/","og_locale":"fr_FR","og_type":"article","og_title":"Pasteur Daniel Hayward - Conseil r\u00e9gional Nakonha:ka","og_description":"[et_pb_section fb_built=\u00a0\u00bb1&Prime; fullwidth=\u00a0\u00bbon\u00a0\u00bb module_class=\u00a0\u00bbsub-banner\u00a0\u00bb _builder_version=\u00a0\u00bb3.19.18&Prime; background_size=\u00a0\u00bbinitial\u00a0\u00bb global_module=\u00a0\u00bb499&Prime; global_colors_info=\u00a0\u00bb{}\u00a0\u00bb][et_pb_fullwidth_image admin_label=\u00a0\u00bbglobal sub-banner &#8211; update\u00a0\u00bb _builder_version=\u00a0\u00bb4.16&Prime; background_image=\u00a0\u00bbhttps:\/\/nakonhakaucc.ca\/fr\/wp-content\/uploads\/sites\/2\/2019\/09\/sunrise.jpg\u00a0\u00bb background_position=\u00a0\u00bbtop_center\u00a0\u00bb global_colors_info=\u00a0\u00bb{}\u00a0\u00bb][\/et_pb_fullwidth_image][\/et_pb_section][et_pb_section [&hellip;]","og_url":"https:\/\/nakonhakaucc.ca\/fr\/a-propos\/personnel\/daniel-hayward\/","og_site_name":"Conseil r\u00e9gional Nakonha:ka","article_modified_time":"2025-01-10T15:22:50+00:00","og_image":[{"width":900,"height":900,"url":"https:\/\/nakonhakaucc.ca\/fr\/wp-content\/uploads\/sites\/2\/2021\/05\/DanHayward-01-e1620215411900.jpg","type":"image\/jpeg"}],"twitter_card":"summary_large_image","twitter_misc":{"Dur\u00e9e de lecture estim\u00e9e":"3 minutes"},"schema":{"@context":"https:\/\/schema.org","@graph":[{"@type":"WebPage","@id":"https:\/\/nakonhakaucc.ca\/fr\/a-propos\/personnel\/daniel-hayward\/","url":"https:\/\/nakonhakaucc.ca\/fr\/a-propos\/personnel\/daniel-hayward\/","name":"Pasteur Daniel Hayward - Conseil r\u00e9gional Nakonha:ka","isPartOf":{"@id":"https:\/\/nakonhakaucc.ca\/fr\/#website"},"primaryImageOfPage":{"@id":"https:\/\/nakonhakaucc.ca\/fr\/a-propos\/personnel\/daniel-hayward\/#primaryimage"},"image":{"@id":"https:\/\/nakonhakaucc.ca\/fr\/a-propos\/personnel\/daniel-hayward\/#primaryimage"},"thumbnailUrl":"https:\/\/nakonhakaucc.ca\/fr\/wp-content\/uploads\/sites\/2\/2021\/05\/DanHayward-01-e1620215411900-300x300.jpg","datePublished":"2021-05-05T12:19:25+00:00","dateModified":"2025-01-10T15:22:50+00:00","breadcrumb":{"@id":"https:\/\/nakonhakaucc.ca\/fr\/a-propos\/personnel\/daniel-hayward\/#breadcrumb"},"inLanguage":"fr-FR","potentialAction":[{"@type":"ReadAction","target":["https:\/\/nakonhakaucc.ca\/fr\/a-propos\/personnel\/daniel-hayward\/"]}]},{"@type":"ImageObject","inLanguage":"fr-FR","@id":"https:\/\/nakonhakaucc.ca\/fr\/a-propos\/personnel\/daniel-hayward\/#primaryimage","url":"https:\/\/nakonhakaucc.ca\/fr\/wp-content\/uploads\/sites\/2\/2021\/05\/DanHayward-01-e1620215411900.jpg","contentUrl":"https:\/\/nakonhakaucc.ca\/fr\/wp-content\/uploads\/sites\/2\/2021\/05\/DanHayward-01-e1620215411900.jpg","width":900,"height":900,"caption":"Pasteur Daniel Hayward"},{"@type":"BreadcrumbList","@id":"https:\/\/nakonhakaucc.ca\/fr\/a-propos\/personnel\/daniel-hayward\/#breadcrumb","itemListElement":[{"@type":"ListItem","position":1,"name":"Accueil","item":"https:\/\/nakonhakaucc.ca\/fr\/"},{"@type":"ListItem","position":2,"name":"\u00c0 propos","item":"https:\/\/nakonhakaucc.ca\/fr\/a-propos\/"},{"@type":"ListItem","position":3,"name":"Personnel","item":"https:\/\/nakonhakaucc.ca\/fr\/a-propos\/personnel\/"},{"@type":"ListItem","position":4,"name":"Pasteur Daniel Hayward"}]},{"@type":"WebSite","@id":"https:\/\/nakonhakaucc.ca\/fr\/#website","url":"https:\/\/nakonhakaucc.ca\/fr\/","name":"Conseil r\u00e9gional Nakonha:ka","description":"site web Nakonha:ka (r\u00e9gion 13 de l&#039;\u00c9glise Unie du Canada)","potentialAction":[{"@type":"SearchAction","target":{"@type":"EntryPoint","urlTemplate":"https:\/\/nakonhakaucc.ca\/fr\/?s={search_term_string}"},"query-input":{"@type":"PropertyValueSpecification","valueRequired":true,"valueName":"search_term_string"}}],"inLanguage":"fr-FR"}]}},"ticketed":false,"_links":{"self":[{"href":"https:\/\/nakonhakaucc.ca\/fr\/wp-json\/wp\/v2\/pages\/3754","targetHints":{"allow":["GET"]}}],"collection":[{"href":"https:\/\/nakonhakaucc.ca\/fr\/wp-json\/wp\/v2\/pages"}],"about":[{"href":"https:\/\/nakonhakaucc.ca\/fr\/wp-json\/wp\/v2\/types\/page"}],"author":[{"embeddable":true,"href":"https:\/\/nakonhakaucc.ca\/fr\/wp-json\/wp\/v2\/users\/5"}],"replies":[{"embeddable":true,"href":"https:\/\/nakonhakaucc.ca\/fr\/wp-json\/wp\/v2\/comments?post=3754"}],"version-history":[{"count":6,"href":"https:\/\/nakonhakaucc.ca\/fr\/wp-json\/wp\/v2\/pages\/3754\/revisions"}],"predecessor-version":[{"id":11237,"href":"https:\/\/nakonhakaucc.ca\/fr\/wp-json\/wp\/v2\/pages\/3754\/revisions\/11237"}],"up":[{"embeddable":true,"href":"https:\/\/nakonhakaucc.ca\/fr\/wp-json\/wp\/v2\/pages\/175"}],"wp:attachment":[{"href":"https:\/\/nakonhakaucc.ca\/fr\/wp-json\/wp\/v2\/media?parent=3754"}],"curies":[{"name":"wp","href":"https:\/\/api.w.org\/{rel}","templated":true}]}}