{"id":5296,"date":"2023-01-11T11:56:56","date_gmt":"2023-01-11T16:56:56","guid":{"rendered":"https:\/\/nakonhakaucc.ca\/fr\/?page_id=5296"},"modified":"2025-10-20T11:25:17","modified_gmt":"2025-10-20T15:25:17","slug":"pasteur-eric-hebert-daly","status":"publish","type":"page","link":"https:\/\/nakonhakaucc.ca\/fr\/a-propos\/personnel\/pasteur-eric-hebert-daly\/","title":{"rendered":"Pasteur \u00c9ric H\u00e9bert-Daly"},"content":{"rendered":"<p>[et_pb_section fb_built=\u00a0\u00bb1&Prime; fullwidth=\u00a0\u00bbon\u00a0\u00bb module_class=\u00a0\u00bbsub-banner\u00a0\u00bb _builder_version=\u00a0\u00bb3.19.18&Prime; background_size=\u00a0\u00bbinitial\u00a0\u00bb global_module=\u00a0\u00bb499&Prime; global_colors_info=\u00a0\u00bb{}\u00a0\u00bb][et_pb_fullwidth_image admin_label=\u00a0\u00bbglobal sub-banner &#8211; update\u00a0\u00bb _builder_version=\u00a0\u00bb4.16&Prime; background_image=\u00a0\u00bbhttps:\/\/nakonhakaucc.ca\/fr\/wp-content\/uploads\/sites\/2\/2019\/09\/sunrise.jpg\u00a0\u00bb background_position=\u00a0\u00bbtop_center\u00a0\u00bb global_colors_info=\u00a0\u00bb{}\u00a0\u00bb][\/et_pb_fullwidth_image][\/et_pb_section][et_pb_section fb_built=\u00a0\u00bb1&Prime; _builder_version=\u00a0\u00bb4.16&Prime; global_colors_info=\u00a0\u00bb{}\u00a0\u00bb][et_pb_row column_structure=\u00a0\u00bb3_4,1_4&Prime; _builder_version=\u00a0\u00bb4.16&Prime; background_size=\u00a0\u00bbinitial\u00a0\u00bb background_position=\u00a0\u00bbtop_left\u00a0\u00bb background_repeat=\u00a0\u00bbrepeat\u00a0\u00bb global_colors_info=\u00a0\u00bb{}\u00a0\u00bb][et_pb_column type=\u00a0\u00bb3_4&Prime; _builder_version=\u00a0\u00bb4.16&Prime; custom_padding=\u00a0\u00bb|||\u00a0\u00bb global_colors_info=\u00a0\u00bb{}\u00a0\u00bb custom_padding__hover=\u00a0\u00bb|||\u00a0\u00bb][et_pb_text admin_label=\u00a0\u00bbPasteur \u00c9ric H\u00e9bert-Daly\u00a0\u00bb _builder_version=\u00a0\u00bb4.27.4&Prime; hover_enabled=\u00a0\u00bb0&Prime; global_colors_info=\u00a0\u00bb{}\u00a0\u00bb sticky_enabled=\u00a0\u00bb0&Prime;]<\/p>\n<h1>Pasteur \u00c9ric H\u00e9bert-Daly<\/h1>\n<h3>Ministre ex\u00e9cutif<\/h3>\n<p><strong>T\u00e9l\u00e9phone :<\/strong> (343) 655-2906<br \/><strong>Courriel :<\/strong> <a href=\"&#x6d;&#97;&#105;l&#x74;&#x6f;&#58;E&#x48;&#x65;&#98;e&#x72;&#x74;&#68;a&#x6c;&#x79;&#64;u&#x6e;&#x69;&#116;e&#x64;&#x2d;&#99;&#104;u&#x72;&#x63;&#104;&#46;&#x63;&#x61;\">\u00c9ric H\u00e9bert-Daly<\/a><\/p>\n<p><img loading=\"lazy\" decoding=\"async\" class=\"wp-image-5292 size-medium alignleft\" src=\"https:\/\/nakonhakaucc.ca\/fr\/wp-content\/uploads\/sites\/2\/2023\/01\/Eric-Hebert-Daly-sur-la-rue-e1673455433175-300x300.jpg\" alt=\"\" width=\"300\" height=\"300\" \/><\/p>\n<p>Ayant recu son ordination en 2020, \u00c9ric occupe depuis janvier 2023 le poste de ministre ex\u00e9cutif r\u00e9gional pour les trois conseils r\u00e9gionaux qui couvrent tout l&rsquo;est de l&rsquo;Ontario et du Qu\u00e9bec. Il a \u00e9t\u00e9 responsable des minist\u00e8res en fran\u00e7ais au bureau du Conseil g\u00e9n\u00e9ral de l&rsquo;\u00c9glise Unie de 2018 \u00e0 2022.<\/p>\n<p>Avant de travailler pour l&rsquo;\u00c9glise Unie du Canada, \u00c9ric a occup\u00e9 pendant neuf ans le poste de directeur ex\u00e9cutif national de la Soci\u00e9t\u00e9 pour la nature et les parcs du Canada, et a occup\u00e9 plusieurs fonctions au sein du Nouveau Parti d\u00e9mocratique du Canada, dont quatre ans en tant que directeur national (secr\u00e9taire f\u00e9d\u00e9ral) sous la direction de Jack Layton.<\/p>\n<p>\u00c9ric vit \u00e0 Ottawa et se passionne pour le cyclisme, le cin\u00e9ma, le th\u00e9\u00e2tre et l&rsquo;avenir de l&rsquo;\u00c9glise.<\/p>\n<p>&nbsp;<\/p>\n<p>[\/et_pb_text][\/et_pb_column][et_pb_column type=\u00a0\u00bb1_4&Prime; _builder_version=\u00a0\u00bb4.16&Prime; custom_padding=\u00a0\u00bb|||\u00a0\u00bb global_colors_info=\u00a0\u00bb{}\u00a0\u00bb custom_padding__hover=\u00a0\u00bb|||\u00a0\u00bb][et_pb_text admin_label=\u00a0\u00bbAll Staff List\u00a0\u00bb _builder_version=\u00a0\u00bb4.27.4&Prime; global_module=\u00a0\u00bb627&Prime; saved_tabs=\u00a0\u00bball\u00a0\u00bb global_colors_info=\u00a0\u00bb{}\u00a0\u00bb]<\/p>\n<p>&lt; <a href=\"https:\/\/nakonhakaucc.ca\/fr\/a-propos\/personnel\/\">Liste du personnel<\/a><\/p>\n<h3>Personnel<\/h3>\n<ul>\n<li style=\"list-style-type: none;\">\n<ul>\n<li><a href=\"https:\/\/nakonhakaucc.ca\/fr\/a-propos\/personnel\/pasteur-eric-hebert-daly\/\">Pasteur \u00c9ric H\u00e9bert-Daly<\/a><\/li>\n<li><a href=\"https:\/\/nakonhakaucc.ca\/fr\/a-propos\/personnel\/joel-miller\">Joel Miller<\/a><\/li>\n<li><a href=\"https:\/\/nakonhakaucc.ca\/fr\/a-propos\/personnel\/daniel-hayward\/\">Pasteur Daniel Hayward<\/a><\/li>\n<li><a href=\"https:\/\/nakonhakaucc.ca\/fr\/a-propos\/personnel\/Shanna-Bernier\">Shanna Bernier<\/a><\/li>\n<li><a href=\"https:\/\/nakonhakaucc.ca\/fr\/a-propos\/personnel\/Brian-Ruse\">Brian Ruse<\/a><\/li>\n<li><a href=\"https:\/\/nakonhakaucc.ca\/fr\/a-propos\/personnel\/aviyah-abrams\/\">Aviyah Abrams<\/a><\/li>\n<li><a title=\"Dr. Esther Guill\u00e9n\" href=\"https:\/\/nakonhakaucc.ca\/fr\/a-propos\/personnel\/dr-esther-guillen\/\">Dr. Esther <span data-teams=\"true\">Guill\u00e9n<\/span><\/a><\/li>\n<li><a href=\"https:\/\/nakonhakaucc.ca\/fr\/a-propos\/personnel\/tori-mullin\">Pasteure Tori Mullin<\/a><\/li>\n<li><a href=\"https:\/\/nakonhakaucc.ca\/fr\/a-propos\/personnel\/Sara-DeMelo-Zare\">Sara DeMelo-Zare<\/a><\/li>\n<li><a href=\"https:\/\/nakonhakaucc.ca\/fr\/a-propos\/personnel\/roger-janes\">Roger Janes<\/a><\/li>\n<li><a href=\"https:\/\/nakonhakaucc.ca\/fr\/a-propos\/personnel\/martha-pedoniquotte\/\">Martha Pedoniquotte<\/a><\/li>\n<li><a href=\"https:\/\/nakonhakaucc.ca\/fr\/a-propos\/personnel\/tim-hackborn\">Tim Hackborn<\/a><\/li>\n<li><a href=\"https:\/\/nakonhakaucc.ca\/fr\/a-propos\/personnel\/pasteure-caroline-penhale\/\">Pasteure Caroline Penhale<\/a><\/li>\n<\/ul>\n<\/li>\n<\/ul>\n<p>&nbsp;<\/p>\n<p>[\/et_pb_text][\/et_pb_column][\/et_pb_row][\/et_pb_section][et_pb_section fb_built=\u00a0\u00bb1&Prime; admin_label=\u00a0\u00bbCall To Action Box\u00a0\u00bb module_class=\u00a0\u00bbsub-call-to-action\u00a0\u00bb _builder_version=\u00a0\u00bb3.19.18&Prime; background_image=\u00a0\u00bbhttps:\/\/ucc-regions-1.apluspc.ca\/wp-content\/uploads\/2018\/11\/call-to-action-bg.jpg\u00a0\u00bb custom_css_main_element=\u00a0\u00bbdisplay: none !important;\u00a0\u00bb global_module=\u00a0\u00bb496&Prime; collapsed=\u00a0\u00bbon\u00a0\u00bb global_colors_info=\u00a0\u00bb{}\u00a0\u00bb][et_pb_row _builder_version=\u00a0\u00bb4.16&Prime; background_size=\u00a0\u00bbinitial\u00a0\u00bb background_position=\u00a0\u00bbtop_left\u00a0\u00bb background_repeat=\u00a0\u00bbrepeat\u00a0\u00bb global_colors_info=\u00a0\u00bb{}\u00a0\u00bb][et_pb_column type=\u00a0\u00bb4_4&Prime; _builder_version=\u00a0\u00bb4.16&Prime; custom_padding=\u00a0\u00bb|||\u00a0\u00bb global_colors_info=\u00a0\u00bb{}\u00a0\u00bb custom_padding__hover=\u00a0\u00bb|||\u00a0\u00bb][et_pb_text admin_label=\u00a0\u00bbGlobal Call to Action Title and Text\u00a0\u00bb _builder_version=\u00a0\u00bb4.16&Prime; global_colors_info=\u00a0\u00bb{}\u00a0\u00bb]<\/p>\n<h3>Call to Action<\/h3>\n<p>Lorem ipsum dolor sit amet, consectetur adipiscing elit. Praesent ultrices dui, accumsan iaculis neque blandit quis. Nam ut dolor tempus, porttitor sem a, hendrerit libero. Ut lacinia congue massa sit amet lacinia. Suspendisse vel efficitur est.<\/p>\n<p>\u00a0<\/p>\n<p>[\/et_pb_text][et_pb_button button_url=\u00a0\u00bb#\u00a0\u00bb button_text=\u00a0\u00bbLearn More\u00a0\u00bb button_alignment=\u00a0\u00bbcenter\u00a0\u00bb admin_label=\u00a0\u00bbGlobal Call to Action Button\u00a0\u00bb module_id=\u00a0\u00bbwhite-button-blue-text\u00a0\u00bb module_class=\u00a0\u00bbsub-cta-button\u00a0\u00bb _builder_version=\u00a0\u00bb4.16&Prime; global_colors_info=\u00a0\u00bb{}\u00a0\u00bb][\/et_pb_button][\/et_pb_column][\/et_pb_row][\/et_pb_section]<\/p>\n","protected":false},"excerpt":{"rendered":"<p>[et_pb_section fb_built=\u00a0\u00bb1&Prime; fullwidth=\u00a0\u00bbon\u00a0\u00bb module_class=\u00a0\u00bbsub-banner\u00a0\u00bb _builder_version=\u00a0\u00bb3.19.18&Prime; background_size=\u00a0\u00bbinitial\u00a0\u00bb global_module=\u00a0\u00bb499&Prime; global_colors_info=\u00a0\u00bb{}\u00a0\u00bb][et_pb_fullwidth_image admin_label=\u00a0\u00bbglobal sub-banner &#8211; update\u00a0\u00bb _builder_version=\u00a0\u00bb4.16&Prime; background_image=\u00a0\u00bbhttps:\/\/nakonhakaucc.ca\/fr\/wp-content\/uploads\/sites\/2\/2019\/09\/sunrise.jpg\u00a0\u00bb background_position=\u00a0\u00bbtop_center\u00a0\u00bb global_colors_info=\u00a0\u00bb{}\u00a0\u00bb][\/et_pb_fullwidth_image][\/et_pb_section][et_pb_section [&hellip;]<\/p>\n","protected":false},"author":5,"featured_media":0,"parent":175,"menu_order":3,"comment_status":"closed","ping_status":"closed","template":"","meta":{"_acf_changed":false,"_et_pb_use_builder":"on","_et_pb_old_content":"","_et_gb_content_width":"","_exactmetrics_skip_tracking":false,"_exactmetrics_sitenote_active":false,"_exactmetrics_sitenote_note":"","_exactmetrics_sitenote_category":0,"_price":"","_stock":"","_tribe_ticket_header":"","_tribe_default_ticket_provider":"","_tribe_ticket_capacity":"0","_ticket_start_date":"","_ticket_end_date":"","_tribe_ticket_show_description":"","_tribe_ticket_show_not_going":false,"_tribe_ticket_use_global_stock":"","_tribe_ticket_global_stock_level":"","_global_stock_mode":"","_global_stock_cap":"","_tribe_rsvp_for_event":"","_tribe_ticket_going_count":"","_tribe_ticket_not_going_count":"","_tribe_tickets_list":"[]","_tribe_ticket_has_attendee_info_fields":false,"footnotes":"","_tec_slr_enabled":"","_tec_slr_layout":""},"class_list":["post-5296","page","type-page","status-publish","hentry"],"acf":[],"yoast_head":"<!-- This site is optimized with the Yoast SEO plugin v27.4 - https:\/\/yoast.com\/product\/yoast-seo-wordpress\/ -->\n<title>Pasteur \u00c9ric H\u00e9bert-Daly - Conseil r\u00e9gional Nakonha:ka<\/title>\n<meta name=\"robots\" content=\"index, follow, max-snippet:-1, max-image-preview:large, max-video-preview:-1\" \/>\n<link rel=\"canonical\" href=\"https:\/\/nakonhakaucc.ca\/fr\/a-propos\/personnel\/pasteur-eric-hebert-daly\/\" \/>\n<meta property=\"og:locale\" content=\"fr_FR\" \/>\n<meta property=\"og:type\" content=\"article\" \/>\n<meta property=\"og:title\" content=\"Pasteur \u00c9ric H\u00e9bert-Daly - Conseil r\u00e9gional Nakonha:ka\" \/>\n<meta property=\"og:description\" content=\"[et_pb_section fb_built=\u00a0\u00bb1&Prime; fullwidth=\u00a0\u00bbon\u00a0\u00bb module_class=\u00a0\u00bbsub-banner\u00a0\u00bb _builder_version=\u00a0\u00bb3.19.18&Prime; background_size=\u00a0\u00bbinitial\u00a0\u00bb global_module=\u00a0\u00bb499&Prime; global_colors_info=\u00a0\u00bb{}\u00a0\u00bb][et_pb_fullwidth_image admin_label=\u00a0\u00bbglobal sub-banner &#8211; update\u00a0\u00bb _builder_version=\u00a0\u00bb4.16&Prime; background_image=\u00a0\u00bbhttps:\/\/nakonhakaucc.ca\/fr\/wp-content\/uploads\/sites\/2\/2019\/09\/sunrise.jpg\u00a0\u00bb background_position=\u00a0\u00bbtop_center\u00a0\u00bb global_colors_info=\u00a0\u00bb{}\u00a0\u00bb][\/et_pb_fullwidth_image][\/et_pb_section][et_pb_section [&hellip;]\" \/>\n<meta property=\"og:url\" content=\"https:\/\/nakonhakaucc.ca\/fr\/a-propos\/personnel\/pasteur-eric-hebert-daly\/\" \/>\n<meta property=\"og:site_name\" content=\"Conseil r\u00e9gional Nakonha:ka\" \/>\n<meta property=\"article:modified_time\" content=\"2025-10-20T15:25:17+00:00\" \/>\n<meta property=\"og:image\" content=\"https:\/\/nakonhakaucc.ca\/fr\/wp-content\/uploads\/sites\/2\/2023\/01\/Eric-Hebert-Daly-sur-la-rue-e1673455433175.jpg\" \/>\n\t<meta property=\"og:image:width\" content=\"512\" \/>\n\t<meta property=\"og:image:height\" content=\"512\" \/>\n\t<meta property=\"og:image:type\" content=\"image\/jpeg\" \/>\n<meta name=\"twitter:card\" content=\"summary_large_image\" \/>\n<meta name=\"twitter:label1\" content=\"Dur\u00e9e de lecture estim\u00e9e\" \/>\n\t<meta name=\"twitter:data1\" content=\"2 minutes\" \/>\n<script type=\"application\/ld+json\" class=\"yoast-schema-graph\">{\"@context\":\"https:\\\/\\\/schema.org\",\"@graph\":[{\"@type\":\"WebPage\",\"@id\":\"https:\\\/\\\/nakonhakaucc.ca\\\/fr\\\/a-propos\\\/personnel\\\/pasteur-eric-hebert-daly\\\/\",\"url\":\"https:\\\/\\\/nakonhakaucc.ca\\\/fr\\\/a-propos\\\/personnel\\\/pasteur-eric-hebert-daly\\\/\",\"name\":\"Pasteur \u00c9ric H\u00e9bert-Daly - Conseil r\u00e9gional Nakonha:ka\",\"isPartOf\":{\"@id\":\"https:\\\/\\\/nakonhakaucc.ca\\\/fr\\\/#website\"},\"primaryImageOfPage\":{\"@id\":\"https:\\\/\\\/nakonhakaucc.ca\\\/fr\\\/a-propos\\\/personnel\\\/pasteur-eric-hebert-daly\\\/#primaryimage\"},\"image\":{\"@id\":\"https:\\\/\\\/nakonhakaucc.ca\\\/fr\\\/a-propos\\\/personnel\\\/pasteur-eric-hebert-daly\\\/#primaryimage\"},\"thumbnailUrl\":\"https:\\\/\\\/nakonhakaucc.ca\\\/fr\\\/wp-content\\\/uploads\\\/sites\\\/2\\\/2023\\\/01\\\/Eric-Hebert-Daly-sur-la-rue-e1673455433175-300x300.jpg\",\"datePublished\":\"2023-01-11T16:56:56+00:00\",\"dateModified\":\"2025-10-20T15:25:17+00:00\",\"breadcrumb\":{\"@id\":\"https:\\\/\\\/nakonhakaucc.ca\\\/fr\\\/a-propos\\\/personnel\\\/pasteur-eric-hebert-daly\\\/#breadcrumb\"},\"inLanguage\":\"fr-FR\",\"potentialAction\":[{\"@type\":\"ReadAction\",\"target\":[\"https:\\\/\\\/nakonhakaucc.ca\\\/fr\\\/a-propos\\\/personnel\\\/pasteur-eric-hebert-daly\\\/\"]}]},{\"@type\":\"ImageObject\",\"inLanguage\":\"fr-FR\",\"@id\":\"https:\\\/\\\/nakonhakaucc.ca\\\/fr\\\/a-propos\\\/personnel\\\/pasteur-eric-hebert-daly\\\/#primaryimage\",\"url\":\"https:\\\/\\\/nakonhakaucc.ca\\\/fr\\\/wp-content\\\/uploads\\\/sites\\\/2\\\/2023\\\/01\\\/Eric-Hebert-Daly-sur-la-rue-e1673455433175.jpg\",\"contentUrl\":\"https:\\\/\\\/nakonhakaucc.ca\\\/fr\\\/wp-content\\\/uploads\\\/sites\\\/2\\\/2023\\\/01\\\/Eric-Hebert-Daly-sur-la-rue-e1673455433175.jpg\",\"width\":512,\"height\":512},{\"@type\":\"BreadcrumbList\",\"@id\":\"https:\\\/\\\/nakonhakaucc.ca\\\/fr\\\/a-propos\\\/personnel\\\/pasteur-eric-hebert-daly\\\/#breadcrumb\",\"itemListElement\":[{\"@type\":\"ListItem\",\"position\":1,\"name\":\"Accueil\",\"item\":\"https:\\\/\\\/nakonhakaucc.ca\\\/fr\\\/\"},{\"@type\":\"ListItem\",\"position\":2,\"name\":\"\u00c0 propos\",\"item\":\"https:\\\/\\\/nakonhakaucc.ca\\\/fr\\\/a-propos\\\/\"},{\"@type\":\"ListItem\",\"position\":3,\"name\":\"Personnel\",\"item\":\"https:\\\/\\\/nakonhakaucc.ca\\\/fr\\\/a-propos\\\/personnel\\\/\"},{\"@type\":\"ListItem\",\"position\":4,\"name\":\"Pasteur \u00c9ric H\u00e9bert-Daly\"}]},{\"@type\":\"WebSite\",\"@id\":\"https:\\\/\\\/nakonhakaucc.ca\\\/fr\\\/#website\",\"url\":\"https:\\\/\\\/nakonhakaucc.ca\\\/fr\\\/\",\"name\":\"Conseil r\u00e9gional Nakonha:ka\",\"description\":\"site web Nakonha:ka (r\u00e9gion 13 de l&#039;\u00c9glise Unie du Canada)\",\"potentialAction\":[{\"@type\":\"SearchAction\",\"target\":{\"@type\":\"EntryPoint\",\"urlTemplate\":\"https:\\\/\\\/nakonhakaucc.ca\\\/fr\\\/?s={search_term_string}\"},\"query-input\":{\"@type\":\"PropertyValueSpecification\",\"valueRequired\":true,\"valueName\":\"search_term_string\"}}],\"inLanguage\":\"fr-FR\"}]}<\/script>\n<!-- \/ Yoast SEO plugin. -->","yoast_head_json":{"title":"Pasteur \u00c9ric H\u00e9bert-Daly - Conseil r\u00e9gional Nakonha:ka","robots":{"index":"index","follow":"follow","max-snippet":"max-snippet:-1","max-image-preview":"max-image-preview:large","max-video-preview":"max-video-preview:-1"},"canonical":"https:\/\/nakonhakaucc.ca\/fr\/a-propos\/personnel\/pasteur-eric-hebert-daly\/","og_locale":"fr_FR","og_type":"article","og_title":"Pasteur \u00c9ric H\u00e9bert-Daly - Conseil r\u00e9gional Nakonha:ka","og_description":"[et_pb_section fb_built=\u00a0\u00bb1&Prime; fullwidth=\u00a0\u00bbon\u00a0\u00bb module_class=\u00a0\u00bbsub-banner\u00a0\u00bb _builder_version=\u00a0\u00bb3.19.18&Prime; background_size=\u00a0\u00bbinitial\u00a0\u00bb global_module=\u00a0\u00bb499&Prime; global_colors_info=\u00a0\u00bb{}\u00a0\u00bb][et_pb_fullwidth_image admin_label=\u00a0\u00bbglobal sub-banner &#8211; update\u00a0\u00bb _builder_version=\u00a0\u00bb4.16&Prime; background_image=\u00a0\u00bbhttps:\/\/nakonhakaucc.ca\/fr\/wp-content\/uploads\/sites\/2\/2019\/09\/sunrise.jpg\u00a0\u00bb background_position=\u00a0\u00bbtop_center\u00a0\u00bb global_colors_info=\u00a0\u00bb{}\u00a0\u00bb][\/et_pb_fullwidth_image][\/et_pb_section][et_pb_section [&hellip;]","og_url":"https:\/\/nakonhakaucc.ca\/fr\/a-propos\/personnel\/pasteur-eric-hebert-daly\/","og_site_name":"Conseil r\u00e9gional Nakonha:ka","article_modified_time":"2025-10-20T15:25:17+00:00","og_image":[{"width":512,"height":512,"url":"https:\/\/nakonhakaucc.ca\/fr\/wp-content\/uploads\/sites\/2\/2023\/01\/Eric-Hebert-Daly-sur-la-rue-e1673455433175.jpg","type":"image\/jpeg"}],"twitter_card":"summary_large_image","twitter_misc":{"Dur\u00e9e de lecture estim\u00e9e":"2 minutes"},"schema":{"@context":"https:\/\/schema.org","@graph":[{"@type":"WebPage","@id":"https:\/\/nakonhakaucc.ca\/fr\/a-propos\/personnel\/pasteur-eric-hebert-daly\/","url":"https:\/\/nakonhakaucc.ca\/fr\/a-propos\/personnel\/pasteur-eric-hebert-daly\/","name":"Pasteur \u00c9ric H\u00e9bert-Daly - Conseil r\u00e9gional Nakonha:ka","isPartOf":{"@id":"https:\/\/nakonhakaucc.ca\/fr\/#website"},"primaryImageOfPage":{"@id":"https:\/\/nakonhakaucc.ca\/fr\/a-propos\/personnel\/pasteur-eric-hebert-daly\/#primaryimage"},"image":{"@id":"https:\/\/nakonhakaucc.ca\/fr\/a-propos\/personnel\/pasteur-eric-hebert-daly\/#primaryimage"},"thumbnailUrl":"https:\/\/nakonhakaucc.ca\/fr\/wp-content\/uploads\/sites\/2\/2023\/01\/Eric-Hebert-Daly-sur-la-rue-e1673455433175-300x300.jpg","datePublished":"2023-01-11T16:56:56+00:00","dateModified":"2025-10-20T15:25:17+00:00","breadcrumb":{"@id":"https:\/\/nakonhakaucc.ca\/fr\/a-propos\/personnel\/pasteur-eric-hebert-daly\/#breadcrumb"},"inLanguage":"fr-FR","potentialAction":[{"@type":"ReadAction","target":["https:\/\/nakonhakaucc.ca\/fr\/a-propos\/personnel\/pasteur-eric-hebert-daly\/"]}]},{"@type":"ImageObject","inLanguage":"fr-FR","@id":"https:\/\/nakonhakaucc.ca\/fr\/a-propos\/personnel\/pasteur-eric-hebert-daly\/#primaryimage","url":"https:\/\/nakonhakaucc.ca\/fr\/wp-content\/uploads\/sites\/2\/2023\/01\/Eric-Hebert-Daly-sur-la-rue-e1673455433175.jpg","contentUrl":"https:\/\/nakonhakaucc.ca\/fr\/wp-content\/uploads\/sites\/2\/2023\/01\/Eric-Hebert-Daly-sur-la-rue-e1673455433175.jpg","width":512,"height":512},{"@type":"BreadcrumbList","@id":"https:\/\/nakonhakaucc.ca\/fr\/a-propos\/personnel\/pasteur-eric-hebert-daly\/#breadcrumb","itemListElement":[{"@type":"ListItem","position":1,"name":"Accueil","item":"https:\/\/nakonhakaucc.ca\/fr\/"},{"@type":"ListItem","position":2,"name":"\u00c0 propos","item":"https:\/\/nakonhakaucc.ca\/fr\/a-propos\/"},{"@type":"ListItem","position":3,"name":"Personnel","item":"https:\/\/nakonhakaucc.ca\/fr\/a-propos\/personnel\/"},{"@type":"ListItem","position":4,"name":"Pasteur \u00c9ric H\u00e9bert-Daly"}]},{"@type":"WebSite","@id":"https:\/\/nakonhakaucc.ca\/fr\/#website","url":"https:\/\/nakonhakaucc.ca\/fr\/","name":"Conseil r\u00e9gional Nakonha:ka","description":"site web Nakonha:ka (r\u00e9gion 13 de l&#039;\u00c9glise Unie du Canada)","potentialAction":[{"@type":"SearchAction","target":{"@type":"EntryPoint","urlTemplate":"https:\/\/nakonhakaucc.ca\/fr\/?s={search_term_string}"},"query-input":{"@type":"PropertyValueSpecification","valueRequired":true,"valueName":"search_term_string"}}],"inLanguage":"fr-FR"}]}},"ticketed":false,"_links":{"self":[{"href":"https:\/\/nakonhakaucc.ca\/fr\/wp-json\/wp\/v2\/pages\/5296","targetHints":{"allow":["GET"]}}],"collection":[{"href":"https:\/\/nakonhakaucc.ca\/fr\/wp-json\/wp\/v2\/pages"}],"about":[{"href":"https:\/\/nakonhakaucc.ca\/fr\/wp-json\/wp\/v2\/types\/page"}],"author":[{"embeddable":true,"href":"https:\/\/nakonhakaucc.ca\/fr\/wp-json\/wp\/v2\/users\/5"}],"replies":[{"embeddable":true,"href":"https:\/\/nakonhakaucc.ca\/fr\/wp-json\/wp\/v2\/comments?post=5296"}],"version-history":[{"count":7,"href":"https:\/\/nakonhakaucc.ca\/fr\/wp-json\/wp\/v2\/pages\/5296\/revisions"}],"predecessor-version":[{"id":13145,"href":"https:\/\/nakonhakaucc.ca\/fr\/wp-json\/wp\/v2\/pages\/5296\/revisions\/13145"}],"up":[{"embeddable":true,"href":"https:\/\/nakonhakaucc.ca\/fr\/wp-json\/wp\/v2\/pages\/175"}],"wp:attachment":[{"href":"https:\/\/nakonhakaucc.ca\/fr\/wp-json\/wp\/v2\/media?parent=5296"}],"curies":[{"name":"wp","href":"https:\/\/api.w.org\/{rel}","templated":true}]}}