{"id":7129,"date":"2024-02-05T12:02:59","date_gmt":"2024-02-05T17:02:59","guid":{"rendered":"https:\/\/nakonhakaucc.ca\/fr\/?page_id=7129"},"modified":"2024-12-23T14:25:08","modified_gmt":"2024-12-23T19:25:08","slug":"tori-mullin","status":"publish","type":"page","link":"https:\/\/nakonhakaucc.ca\/fr\/a-propos\/personnel\/tori-mullin\/","title":{"rendered":"Tori Mullin"},"content":{"rendered":"<p>[et_pb_section fb_built=\u00a0\u00bb1&Prime; fullwidth=\u00a0\u00bbon\u00a0\u00bb module_class=\u00a0\u00bbsub-banner\u00a0\u00bb _builder_version=\u00a0\u00bb3.19.18&Prime; background_size=\u00a0\u00bbinitial\u00a0\u00bb global_module=\u00a0\u00bb499&Prime; global_colors_info=\u00a0\u00bb{}\u00a0\u00bb][et_pb_fullwidth_image admin_label=\u00a0\u00bbglobal sub-banner &#8211; update\u00a0\u00bb _builder_version=\u00a0\u00bb4.16&Prime; background_image=\u00a0\u00bbhttps:\/\/nakonhakaucc.ca\/fr\/wp-content\/uploads\/sites\/2\/2019\/09\/sunrise.jpg\u00a0\u00bb background_position=\u00a0\u00bbtop_center\u00a0\u00bb global_colors_info=\u00a0\u00bb{}\u00a0\u00bb][\/et_pb_fullwidth_image][\/et_pb_section][et_pb_section fb_built=\u00a0\u00bb1&Prime; _builder_version=\u00a0\u00bb4.16&Prime; global_colors_info=\u00a0\u00bb{}\u00a0\u00bb][et_pb_row column_structure=\u00a0\u00bb3_4,1_4&Prime; _builder_version=\u00a0\u00bb4.16&Prime; background_size=\u00a0\u00bbinitial\u00a0\u00bb background_position=\u00a0\u00bbtop_left\u00a0\u00bb background_repeat=\u00a0\u00bbrepeat\u00a0\u00bb global_colors_info=\u00a0\u00bb{}\u00a0\u00bb][et_pb_column type=\u00a0\u00bb3_4&Prime; _builder_version=\u00a0\u00bb4.16&Prime; custom_padding=\u00a0\u00bb|||\u00a0\u00bb global_colors_info=\u00a0\u00bb{}\u00a0\u00bb custom_padding__hover=\u00a0\u00bb|||\u00a0\u00bb][et_pb_text admin_label=\u00a0\u00bbTori Mullin\u00a0\u00bb _builder_version=\u00a0\u00bb4.27.4&Prime; hover_enabled=\u00a0\u00bb0&Prime; global_colors_info=\u00a0\u00bb{}\u00a0\u00bb sticky_enabled=\u00a0\u00bb0&Prime;]<\/p>\n<h1>Tori Mullin, pasteure<\/h1>\n<h3>Animateur de croissance pour EOORC\/ECORC\/CrNRC<\/h3>\n<p>&nbsp;<\/p>\n<p><strong>Cliquez <a href=\"https:&#x2f;&#x2f;&#x6f;&#x75;&#116;&#108;ook&#x2e;&#x6f;&#x66;&#x66;&#105;&#99;e36&#x35;&#x2e;&#x63;&#x6f;&#109;&#47;&#111;wa&#x2f;&#x63;&#x61;&#x6c;&#101;&#110;&#100;ar&#x2f;&#x47;&#x72;&#x6f;&#119;&#116;&#104;An&#x69;&#x6d;&#x61;&#x74;&#111;&#114;&#84;or&#x69;&#x4d;&#x75;&#x6c;&#108;&#105;&#110;&#64;u&#x6e;&#x69;&#x74;&#x65;&#100;&#45;&#99;hu&#x72;&#x63;&#x68;&#x2e;&#99;&#97;\/bookings\/\">ici<\/a> pour programmer un appel\u00a0<\/strong><br \/><strong>Courriel :<\/strong> <a href=\"m&#97;&#105;&#x6c;&#x74;o:&#84;&#77;&#x75;&#x6c;li&#110;&#64;&#x75;&#x6e;it&#101;&#x64;&#x2d;&#x63;h&#117;&#114;&#x63;&#x68;&#x2e;c&#97;\">Tori Mullin, pasteure<\/a><\/p>\n<p><img loading=\"lazy\" decoding=\"async\" class=\"wp-image-7132 size-medium alignleft\" src=\"https:\/\/nakonhakaucc.ca\/fr\/wp-content\/uploads\/sites\/2\/2024\/02\/2024-RevToriMullin-CC-300x300.jpg\" alt=\"Tori Mullin\" width=\"300\" height=\"300\" \/>Tori (ielle) est l&rsquo;animateur de croissance pour les conseils r\u00e9gionaux de l&rsquo;Est de l&rsquo;Ontario Outaouais, Nakonha:ka, et Centre-Est de l&rsquo;Ontario). Son travail consiste \u00e0 renforcer l&rsquo;invitation \u00e0 l&rsquo;\u00c9glise Unie, \u00e0 renouveler les communaut\u00e9s de foi et \u00e0 aider \u00e0 cr\u00e9er de nouveaux minist\u00e8res.<\/p>\n<p>&nbsp;<\/p>\n<p>[\/et_pb_text][\/et_pb_column][et_pb_column type=\u00a0\u00bb1_4&Prime; _builder_version=\u00a0\u00bb4.16&Prime; custom_padding=\u00a0\u00bb|||\u00a0\u00bb global_colors_info=\u00a0\u00bb{}\u00a0\u00bb custom_padding__hover=\u00a0\u00bb|||\u00a0\u00bb][et_pb_text admin_label=\u00a0\u00bbAll Staff List\u00a0\u00bb _builder_version=\u00a0\u00bb4.27.4&Prime; global_module=\u00a0\u00bb627&Prime; saved_tabs=\u00a0\u00bball\u00a0\u00bb global_colors_info=\u00a0\u00bb{}\u00a0\u00bb]<\/p>\n<p>&lt; <a href=\"https:\/\/nakonhakaucc.ca\/fr\/a-propos\/personnel\/\">Liste de personnel<\/a><\/p>\n<h3>Personnel<\/h3>\n<ul>\n<li style=\"list-style-type: none;\">\n<ul>\n<li><a href=\"https:\/\/nakonhakaucc.ca\/fr\/a-propos\/personnel\/pasteur-eric-hebert-daly\/\">Pasteur \u00c9ric H\u00e9bert-Daly<\/a><\/li>\n<li><a href=\"https:\/\/nakonhakaucc.ca\/fr\/a-propos\/personnel\/joel-miller\">Joel Miller<\/a><\/li>\n<li><a href=\"https:\/\/nakonhakaucc.ca\/fr\/a-propos\/personnel\/daniel-hayward\/\">Pasteur Daniel Hayward<\/a><\/li>\n<li><a href=\"https:\/\/nakonhakaucc.ca\/fr\/a-propos\/personnel\/Shanna-Bernier\">Shanna Bernier<\/a><\/li>\n<li><a href=\"https:\/\/nakonhakaucc.ca\/fr\/a-propos\/personnel\/Brian-Ruse\">Brian Ruse<\/a><\/li>\n<li><a href=\"https:\/\/nakonhakaucc.ca\/fr\/a-propos\/personnel\/aviyah-abrams\/\">Aviyah Abrams<\/a><\/li>\n<li><a href=\"https:\/\/nakonhakaucc.ca\/fr\/a-propos\/personnel\/tori-mullin\">Pasteure Tori Mullin<\/a><\/li>\n<li><a href=\"https:\/\/nakonhakaucc.ca\/fr\/a-propos\/personnel\/Sara-DeMelo-Zare\">Sara DeMelo-Zare<\/a><\/li>\n<li><a href=\"https:\/\/nakonhakaucc.ca\/fr\/a-propos\/personnel\/roger-janes\">Roger Janes<\/a><\/li>\n<li><a href=\"https:\/\/nakonhakaucc.ca\/fr\/a-propos\/personnel\/martha-pedoniquotte\/\">Martha Pedoniquotte<\/a><\/li>\n<li><a href=\"https:\/\/nakonhakaucc.ca\/fr\/a-propos\/personnel\/tim-hackborn\">Tim Hackborn<\/a><\/li>\n<li><a href=\"https:\/\/nakonhakaucc.ca\/fr\/a-propos\/personnel\/pasteure-caroline-penhale\/\">Pasteure Caroline Penhale<\/a><\/li>\n<\/ul>\n<\/li>\n<\/ul>\n<p>&nbsp;<\/p>\n<p>[\/et_pb_text][\/et_pb_column][\/et_pb_row][\/et_pb_section][et_pb_section fb_built=\u00a0\u00bb1&Prime; admin_label=\u00a0\u00bbCall To Action Box\u00a0\u00bb module_class=\u00a0\u00bbsub-call-to-action\u00a0\u00bb _builder_version=\u00a0\u00bb3.19.18&Prime; background_image=\u00a0\u00bbhttps:\/\/ucc-regions-1.apluspc.ca\/wp-content\/uploads\/2018\/11\/call-to-action-bg.jpg\u00a0\u00bb custom_css_main_element=\u00a0\u00bbdisplay: none !important;\u00a0\u00bb global_module=\u00a0\u00bb496&Prime; global_colors_info=\u00a0\u00bb{}\u00a0\u00bb][et_pb_row _builder_version=\u00a0\u00bb4.16&Prime; background_size=\u00a0\u00bbinitial\u00a0\u00bb background_position=\u00a0\u00bbtop_left\u00a0\u00bb background_repeat=\u00a0\u00bbrepeat\u00a0\u00bb global_colors_info=\u00a0\u00bb{}\u00a0\u00bb][et_pb_column type=\u00a0\u00bb4_4&Prime; _builder_version=\u00a0\u00bb4.16&Prime; custom_padding=\u00a0\u00bb|||\u00a0\u00bb global_colors_info=\u00a0\u00bb{}\u00a0\u00bb custom_padding__hover=\u00a0\u00bb|||\u00a0\u00bb][et_pb_text admin_label=\u00a0\u00bbGlobal Call to Action Title and Text\u00a0\u00bb _builder_version=\u00a0\u00bb4.16&Prime; global_colors_info=\u00a0\u00bb{}\u00a0\u00bb]<\/p>\n<h3>Call to Action<\/h3>\n<p>Lorem ipsum dolor sit amet, consectetur adipiscing elit. Praesent ultrices dui, accumsan iaculis neque blandit quis. Nam ut dolor tempus, porttitor sem a, hendrerit libero. Ut lacinia congue massa sit amet lacinia. Suspendisse vel efficitur est.<\/p>\n<p>\u00a0<\/p>\n<p>[\/et_pb_text][et_pb_button button_url=\u00a0\u00bb#\u00a0\u00bb button_text=\u00a0\u00bbLearn More\u00a0\u00bb button_alignment=\u00a0\u00bbcenter\u00a0\u00bb admin_label=\u00a0\u00bbGlobal Call to Action Button\u00a0\u00bb module_id=\u00a0\u00bbwhite-button-blue-text\u00a0\u00bb module_class=\u00a0\u00bbsub-cta-button\u00a0\u00bb _builder_version=\u00a0\u00bb4.16&Prime; global_colors_info=\u00a0\u00bb{}\u00a0\u00bb][\/et_pb_button][\/et_pb_column][\/et_pb_row][\/et_pb_section]<\/p>\n","protected":false},"excerpt":{"rendered":"<p>[et_pb_section fb_built=\u00a0\u00bb1&Prime; fullwidth=\u00a0\u00bbon\u00a0\u00bb module_class=\u00a0\u00bbsub-banner\u00a0\u00bb _builder_version=\u00a0\u00bb3.19.18&Prime; background_size=\u00a0\u00bbinitial\u00a0\u00bb global_module=\u00a0\u00bb499&Prime; global_colors_info=\u00a0\u00bb{}\u00a0\u00bb][et_pb_fullwidth_image admin_label=\u00a0\u00bbglobal sub-banner &#8211; update\u00a0\u00bb _builder_version=\u00a0\u00bb4.16&Prime; background_image=\u00a0\u00bbhttps:\/\/nakonhakaucc.ca\/fr\/wp-content\/uploads\/sites\/2\/2019\/09\/sunrise.jpg\u00a0\u00bb background_position=\u00a0\u00bbtop_center\u00a0\u00bb global_colors_info=\u00a0\u00bb{}\u00a0\u00bb][\/et_pb_fullwidth_image][\/et_pb_section][et_pb_section [&hellip;]<\/p>\n","protected":false},"author":5,"featured_media":0,"parent":175,"menu_order":3,"comment_status":"closed","ping_status":"closed","template":"","meta":{"_acf_changed":false,"_et_pb_use_builder":"on","_et_pb_old_content":"","_et_gb_content_width":"","_exactmetrics_skip_tracking":false,"_exactmetrics_sitenote_active":false,"_exactmetrics_sitenote_note":"","_exactmetrics_sitenote_category":0,"_price":"","_stock":"","_tribe_ticket_header":"","_tribe_default_ticket_provider":"","_tribe_ticket_capacity":"0","_ticket_start_date":"","_ticket_end_date":"","_tribe_ticket_show_description":"","_tribe_ticket_show_not_going":false,"_tribe_ticket_use_global_stock":"","_tribe_ticket_global_stock_level":"","_global_stock_mode":"","_global_stock_cap":"","_tribe_rsvp_for_event":"","_tribe_ticket_going_count":"","_tribe_ticket_not_going_count":"","_tribe_tickets_list":"[]","_tribe_ticket_has_attendee_info_fields":false,"footnotes":"","_tec_slr_enabled":"","_tec_slr_layout":""},"class_list":["post-7129","page","type-page","status-publish","hentry"],"acf":[],"yoast_head":"<!-- This site is optimized with the Yoast SEO plugin v27.4 - https:\/\/yoast.com\/product\/yoast-seo-wordpress\/ -->\n<title>Tori Mullin - Conseil r\u00e9gional Nakonha:ka<\/title>\n<meta name=\"robots\" content=\"index, follow, max-snippet:-1, max-image-preview:large, max-video-preview:-1\" \/>\n<link rel=\"canonical\" href=\"https:\/\/nakonhakaucc.ca\/fr\/a-propos\/personnel\/tori-mullin\/\" \/>\n<meta property=\"og:locale\" content=\"fr_FR\" \/>\n<meta property=\"og:type\" content=\"article\" \/>\n<meta property=\"og:title\" content=\"Tori Mullin - Conseil r\u00e9gional Nakonha:ka\" \/>\n<meta property=\"og:description\" content=\"[et_pb_section fb_built=\u00a0\u00bb1&Prime; fullwidth=\u00a0\u00bbon\u00a0\u00bb module_class=\u00a0\u00bbsub-banner\u00a0\u00bb _builder_version=\u00a0\u00bb3.19.18&Prime; background_size=\u00a0\u00bbinitial\u00a0\u00bb global_module=\u00a0\u00bb499&Prime; global_colors_info=\u00a0\u00bb{}\u00a0\u00bb][et_pb_fullwidth_image admin_label=\u00a0\u00bbglobal sub-banner &#8211; update\u00a0\u00bb _builder_version=\u00a0\u00bb4.16&Prime; background_image=\u00a0\u00bbhttps:\/\/nakonhakaucc.ca\/fr\/wp-content\/uploads\/sites\/2\/2019\/09\/sunrise.jpg\u00a0\u00bb background_position=\u00a0\u00bbtop_center\u00a0\u00bb global_colors_info=\u00a0\u00bb{}\u00a0\u00bb][\/et_pb_fullwidth_image][\/et_pb_section][et_pb_section [&hellip;]\" \/>\n<meta property=\"og:url\" content=\"https:\/\/nakonhakaucc.ca\/fr\/a-propos\/personnel\/tori-mullin\/\" \/>\n<meta property=\"og:site_name\" content=\"Conseil r\u00e9gional Nakonha:ka\" \/>\n<meta property=\"article:modified_time\" content=\"2024-12-23T19:25:08+00:00\" \/>\n<meta property=\"og:image\" content=\"https:\/\/nakonhakaucc.ca\/fr\/wp-content\/uploads\/sites\/2\/2024\/02\/2024-RevToriMullin-CC.jpg\" \/>\n\t<meta property=\"og:image:width\" content=\"1200\" \/>\n\t<meta property=\"og:image:height\" content=\"1200\" \/>\n\t<meta property=\"og:image:type\" content=\"image\/jpeg\" \/>\n<meta name=\"twitter:card\" content=\"summary_large_image\" \/>\n<meta name=\"twitter:label1\" content=\"Dur\u00e9e de lecture estim\u00e9e\" \/>\n\t<meta name=\"twitter:data1\" content=\"1 minute\" \/>\n<script type=\"application\/ld+json\" class=\"yoast-schema-graph\">{\"@context\":\"https:\\\/\\\/schema.org\",\"@graph\":[{\"@type\":\"WebPage\",\"@id\":\"https:\\\/\\\/nakonhakaucc.ca\\\/fr\\\/a-propos\\\/personnel\\\/tori-mullin\\\/\",\"url\":\"https:\\\/\\\/nakonhakaucc.ca\\\/fr\\\/a-propos\\\/personnel\\\/tori-mullin\\\/\",\"name\":\"Tori Mullin - Conseil r\u00e9gional Nakonha:ka\",\"isPartOf\":{\"@id\":\"https:\\\/\\\/nakonhakaucc.ca\\\/fr\\\/#website\"},\"primaryImageOfPage\":{\"@id\":\"https:\\\/\\\/nakonhakaucc.ca\\\/fr\\\/a-propos\\\/personnel\\\/tori-mullin\\\/#primaryimage\"},\"image\":{\"@id\":\"https:\\\/\\\/nakonhakaucc.ca\\\/fr\\\/a-propos\\\/personnel\\\/tori-mullin\\\/#primaryimage\"},\"thumbnailUrl\":\"https:\\\/\\\/nakonhakaucc.ca\\\/fr\\\/wp-content\\\/uploads\\\/sites\\\/2\\\/2024\\\/02\\\/2024-RevToriMullin-CC-300x300.jpg\",\"datePublished\":\"2024-02-05T17:02:59+00:00\",\"dateModified\":\"2024-12-23T19:25:08+00:00\",\"breadcrumb\":{\"@id\":\"https:\\\/\\\/nakonhakaucc.ca\\\/fr\\\/a-propos\\\/personnel\\\/tori-mullin\\\/#breadcrumb\"},\"inLanguage\":\"fr-FR\",\"potentialAction\":[{\"@type\":\"ReadAction\",\"target\":[\"https:\\\/\\\/nakonhakaucc.ca\\\/fr\\\/a-propos\\\/personnel\\\/tori-mullin\\\/\"]}]},{\"@type\":\"ImageObject\",\"inLanguage\":\"fr-FR\",\"@id\":\"https:\\\/\\\/nakonhakaucc.ca\\\/fr\\\/a-propos\\\/personnel\\\/tori-mullin\\\/#primaryimage\",\"url\":\"https:\\\/\\\/nakonhakaucc.ca\\\/fr\\\/wp-content\\\/uploads\\\/sites\\\/2\\\/2024\\\/02\\\/2024-RevToriMullin-CC.jpg\",\"contentUrl\":\"https:\\\/\\\/nakonhakaucc.ca\\\/fr\\\/wp-content\\\/uploads\\\/sites\\\/2\\\/2024\\\/02\\\/2024-RevToriMullin-CC.jpg\",\"width\":1200,\"height\":1200,\"caption\":\"Tori Mullin\"},{\"@type\":\"BreadcrumbList\",\"@id\":\"https:\\\/\\\/nakonhakaucc.ca\\\/fr\\\/a-propos\\\/personnel\\\/tori-mullin\\\/#breadcrumb\",\"itemListElement\":[{\"@type\":\"ListItem\",\"position\":1,\"name\":\"Accueil\",\"item\":\"https:\\\/\\\/nakonhakaucc.ca\\\/fr\\\/\"},{\"@type\":\"ListItem\",\"position\":2,\"name\":\"\u00c0 propos\",\"item\":\"https:\\\/\\\/nakonhakaucc.ca\\\/fr\\\/a-propos\\\/\"},{\"@type\":\"ListItem\",\"position\":3,\"name\":\"Personnel\",\"item\":\"https:\\\/\\\/nakonhakaucc.ca\\\/fr\\\/a-propos\\\/personnel\\\/\"},{\"@type\":\"ListItem\",\"position\":4,\"name\":\"Tori Mullin\"}]},{\"@type\":\"WebSite\",\"@id\":\"https:\\\/\\\/nakonhakaucc.ca\\\/fr\\\/#website\",\"url\":\"https:\\\/\\\/nakonhakaucc.ca\\\/fr\\\/\",\"name\":\"Conseil r\u00e9gional Nakonha:ka\",\"description\":\"site web Nakonha:ka (r\u00e9gion 13 de l&#039;\u00c9glise Unie du Canada)\",\"potentialAction\":[{\"@type\":\"SearchAction\",\"target\":{\"@type\":\"EntryPoint\",\"urlTemplate\":\"https:\\\/\\\/nakonhakaucc.ca\\\/fr\\\/?s={search_term_string}\"},\"query-input\":{\"@type\":\"PropertyValueSpecification\",\"valueRequired\":true,\"valueName\":\"search_term_string\"}}],\"inLanguage\":\"fr-FR\"}]}<\/script>\n<!-- \/ Yoast SEO plugin. -->","yoast_head_json":{"title":"Tori Mullin - Conseil r\u00e9gional Nakonha:ka","robots":{"index":"index","follow":"follow","max-snippet":"max-snippet:-1","max-image-preview":"max-image-preview:large","max-video-preview":"max-video-preview:-1"},"canonical":"https:\/\/nakonhakaucc.ca\/fr\/a-propos\/personnel\/tori-mullin\/","og_locale":"fr_FR","og_type":"article","og_title":"Tori Mullin - Conseil r\u00e9gional Nakonha:ka","og_description":"[et_pb_section fb_built=\u00a0\u00bb1&Prime; fullwidth=\u00a0\u00bbon\u00a0\u00bb module_class=\u00a0\u00bbsub-banner\u00a0\u00bb _builder_version=\u00a0\u00bb3.19.18&Prime; background_size=\u00a0\u00bbinitial\u00a0\u00bb global_module=\u00a0\u00bb499&Prime; global_colors_info=\u00a0\u00bb{}\u00a0\u00bb][et_pb_fullwidth_image admin_label=\u00a0\u00bbglobal sub-banner &#8211; update\u00a0\u00bb _builder_version=\u00a0\u00bb4.16&Prime; background_image=\u00a0\u00bbhttps:\/\/nakonhakaucc.ca\/fr\/wp-content\/uploads\/sites\/2\/2019\/09\/sunrise.jpg\u00a0\u00bb background_position=\u00a0\u00bbtop_center\u00a0\u00bb global_colors_info=\u00a0\u00bb{}\u00a0\u00bb][\/et_pb_fullwidth_image][\/et_pb_section][et_pb_section [&hellip;]","og_url":"https:\/\/nakonhakaucc.ca\/fr\/a-propos\/personnel\/tori-mullin\/","og_site_name":"Conseil r\u00e9gional Nakonha:ka","article_modified_time":"2024-12-23T19:25:08+00:00","og_image":[{"width":1200,"height":1200,"url":"https:\/\/nakonhakaucc.ca\/fr\/wp-content\/uploads\/sites\/2\/2024\/02\/2024-RevToriMullin-CC.jpg","type":"image\/jpeg"}],"twitter_card":"summary_large_image","twitter_misc":{"Dur\u00e9e de lecture estim\u00e9e":"1 minute"},"schema":{"@context":"https:\/\/schema.org","@graph":[{"@type":"WebPage","@id":"https:\/\/nakonhakaucc.ca\/fr\/a-propos\/personnel\/tori-mullin\/","url":"https:\/\/nakonhakaucc.ca\/fr\/a-propos\/personnel\/tori-mullin\/","name":"Tori Mullin - Conseil r\u00e9gional Nakonha:ka","isPartOf":{"@id":"https:\/\/nakonhakaucc.ca\/fr\/#website"},"primaryImageOfPage":{"@id":"https:\/\/nakonhakaucc.ca\/fr\/a-propos\/personnel\/tori-mullin\/#primaryimage"},"image":{"@id":"https:\/\/nakonhakaucc.ca\/fr\/a-propos\/personnel\/tori-mullin\/#primaryimage"},"thumbnailUrl":"https:\/\/nakonhakaucc.ca\/fr\/wp-content\/uploads\/sites\/2\/2024\/02\/2024-RevToriMullin-CC-300x300.jpg","datePublished":"2024-02-05T17:02:59+00:00","dateModified":"2024-12-23T19:25:08+00:00","breadcrumb":{"@id":"https:\/\/nakonhakaucc.ca\/fr\/a-propos\/personnel\/tori-mullin\/#breadcrumb"},"inLanguage":"fr-FR","potentialAction":[{"@type":"ReadAction","target":["https:\/\/nakonhakaucc.ca\/fr\/a-propos\/personnel\/tori-mullin\/"]}]},{"@type":"ImageObject","inLanguage":"fr-FR","@id":"https:\/\/nakonhakaucc.ca\/fr\/a-propos\/personnel\/tori-mullin\/#primaryimage","url":"https:\/\/nakonhakaucc.ca\/fr\/wp-content\/uploads\/sites\/2\/2024\/02\/2024-RevToriMullin-CC.jpg","contentUrl":"https:\/\/nakonhakaucc.ca\/fr\/wp-content\/uploads\/sites\/2\/2024\/02\/2024-RevToriMullin-CC.jpg","width":1200,"height":1200,"caption":"Tori Mullin"},{"@type":"BreadcrumbList","@id":"https:\/\/nakonhakaucc.ca\/fr\/a-propos\/personnel\/tori-mullin\/#breadcrumb","itemListElement":[{"@type":"ListItem","position":1,"name":"Accueil","item":"https:\/\/nakonhakaucc.ca\/fr\/"},{"@type":"ListItem","position":2,"name":"\u00c0 propos","item":"https:\/\/nakonhakaucc.ca\/fr\/a-propos\/"},{"@type":"ListItem","position":3,"name":"Personnel","item":"https:\/\/nakonhakaucc.ca\/fr\/a-propos\/personnel\/"},{"@type":"ListItem","position":4,"name":"Tori Mullin"}]},{"@type":"WebSite","@id":"https:\/\/nakonhakaucc.ca\/fr\/#website","url":"https:\/\/nakonhakaucc.ca\/fr\/","name":"Conseil r\u00e9gional Nakonha:ka","description":"site web Nakonha:ka (r\u00e9gion 13 de l&#039;\u00c9glise Unie du Canada)","potentialAction":[{"@type":"SearchAction","target":{"@type":"EntryPoint","urlTemplate":"https:\/\/nakonhakaucc.ca\/fr\/?s={search_term_string}"},"query-input":{"@type":"PropertyValueSpecification","valueRequired":true,"valueName":"search_term_string"}}],"inLanguage":"fr-FR"}]}},"ticketed":false,"_links":{"self":[{"href":"https:\/\/nakonhakaucc.ca\/fr\/wp-json\/wp\/v2\/pages\/7129","targetHints":{"allow":["GET"]}}],"collection":[{"href":"https:\/\/nakonhakaucc.ca\/fr\/wp-json\/wp\/v2\/pages"}],"about":[{"href":"https:\/\/nakonhakaucc.ca\/fr\/wp-json\/wp\/v2\/types\/page"}],"author":[{"embeddable":true,"href":"https:\/\/nakonhakaucc.ca\/fr\/wp-json\/wp\/v2\/users\/5"}],"replies":[{"embeddable":true,"href":"https:\/\/nakonhakaucc.ca\/fr\/wp-json\/wp\/v2\/comments?post=7129"}],"version-history":[{"count":8,"href":"https:\/\/nakonhakaucc.ca\/fr\/wp-json\/wp\/v2\/pages\/7129\/revisions"}],"predecessor-version":[{"id":10913,"href":"https:\/\/nakonhakaucc.ca\/fr\/wp-json\/wp\/v2\/pages\/7129\/revisions\/10913"}],"up":[{"embeddable":true,"href":"https:\/\/nakonhakaucc.ca\/fr\/wp-json\/wp\/v2\/pages\/175"}],"wp:attachment":[{"href":"https:\/\/nakonhakaucc.ca\/fr\/wp-json\/wp\/v2\/media?parent=7129"}],"curies":[{"name":"wp","href":"https:\/\/api.w.org\/{rel}","templated":true}]}}