{"id":8265,"date":"2024-07-02T12:54:56","date_gmt":"2024-07-02T16:54:56","guid":{"rendered":"https:\/\/nakonhakaucc.ca\/fr\/?page_id=8265"},"modified":"2024-07-02T13:14:59","modified_gmt":"2024-07-02T17:14:59","slug":"associations-etudiantes","status":"publish","type":"page","link":"https:\/\/nakonhakaucc.ca\/fr\/programmes\/reseau-vivre-en-relations-justes\/initiative-respect-kanoronhkwatshera\/associations-etudiantes\/","title":{"rendered":"Associations \u00e9tudiantes"},"content":{"rendered":"<p>[et_pb_section fb_built=\u00a0\u00bb1&Prime; _builder_version=\u00a0\u00bb4.16&Prime; global_colors_info=\u00a0\u00bb{}\u00a0\u00bb][et_pb_row _builder_version=\u00a0\u00bb4.16&Prime; background_size=\u00a0\u00bbinitial\u00a0\u00bb background_position=\u00a0\u00bbtop_left\u00a0\u00bb background_repeat=\u00a0\u00bbrepeat\u00a0\u00bb global_colors_info=\u00a0\u00bb{}\u00a0\u00bb][et_pb_column type=\u00a0\u00bb4_4&Prime; _builder_version=\u00a0\u00bb4.16&Prime; custom_padding=\u00a0\u00bb|||\u00a0\u00bb global_colors_info=\u00a0\u00bb{}\u00a0\u00bb custom_padding__hover=\u00a0\u00bb|||\u00a0\u00bb][et_pb_text _builder_version=\u00a0\u00bb4.25.2&Prime; global_colors_info=\u00a0\u00bb{}\u00a0\u00bb]<\/p>\n<h1>Associations \u00e9tudiantes<\/h1>\n<p>[\/et_pb_text][\/et_pb_column][\/et_pb_row][et_pb_row column_structure=\u00a0\u00bb1_4,3_4&Prime; _builder_version=\u00a0\u00bb4.16&Prime; background_size=\u00a0\u00bbinitial\u00a0\u00bb background_position=\u00a0\u00bbtop_left\u00a0\u00bb background_repeat=\u00a0\u00bbrepeat\u00a0\u00bb global_colors_info=\u00a0\u00bb{}\u00a0\u00bb][et_pb_column type=\u00a0\u00bb1_4&Prime; _builder_version=\u00a0\u00bb4.16&Prime; custom_padding=\u00a0\u00bb|||\u00a0\u00bb global_colors_info=\u00a0\u00bb{}\u00a0\u00bb custom_padding__hover=\u00a0\u00bb|||\u00a0\u00bb][et_pb_text _builder_version=\u00a0\u00bb4.24.3&Prime; _module_preset=\u00a0\u00bbdefault\u00a0\u00bb global_colors_info=\u00a0\u00bb{}\u00a0\u00bb]<\/p>\n<h4>DERNI\u00c8RES NOUVELLES<\/h4>\n<p>[\/et_pb_text][et_pb_divider _builder_version=\u00a0\u00bb4.16&Prime; global_colors_info=\u00a0\u00bb{}\u00a0\u00bb][\/et_pb_divider][et_pb_blog posts_number=\u00a0\u00bb1&Prime; include_categories=\u00a0\u00bb109&Prime; show_thumbnail=\u00a0\u00bboff\u00a0\u00bb excerpt_length=\u00a0\u00bb148&Prime; show_more=\u00a0\u00bbon\u00a0\u00bb show_categories=\u00a0\u00bboff\u00a0\u00bb _builder_version=\u00a0\u00bb4.24.3&Prime; _module_preset=\u00a0\u00bbdefault\u00a0\u00bb header_level=\u00a0\u00bbh4&Prime; global_colors_info=\u00a0\u00bb{}\u00a0\u00bb][\/et_pb_blog][et_pb_divider _builder_version=\u00a0\u00bb4.16&Prime; global_colors_info=\u00a0\u00bb{}\u00a0\u00bb][\/et_pb_divider][et_pb_button button_url=\u00a0\u00bbhttps:\/\/nakonhakaucc.ca\/fr\/programmes\/reseau-vivre-en-relations-justes\/initiative-respect-kanoronhkwatshera\/\u00a0\u00bb button_text=\u00a0\u00bbAutres ressources\u00a0\u00bb admin_label=\u00a0\u00bbBouton &#8211; autres ressources\u00a0\u00bb _builder_version=\u00a0\u00bb4.25.2&Prime; _module_preset=\u00a0\u00bbdefault\u00a0\u00bb custom_button=\u00a0\u00bbon\u00a0\u00bb button_bg_color=\u00a0\u00bb#CCCCCC\u00a0\u00bb global_colors_info=\u00a0\u00bb{}\u00a0\u00bb][\/et_pb_button][\/et_pb_column][et_pb_column type=\u00a0\u00bb3_4&Prime; _builder_version=\u00a0\u00bb4.16&Prime; custom_padding=\u00a0\u00bb|||\u00a0\u00bb global_colors_info=\u00a0\u00bb{}\u00a0\u00bb custom_padding__hover=\u00a0\u00bb|||\u00a0\u00bb][et_pb_text admin_label=\u00a0\u00bbTexte &#8211; RESSOURCES\u00a0\u00bb _builder_version=\u00a0\u00bb4.25.2&Prime; global_colors_info=\u00a0\u00bb{}\u00a0\u00bb]<\/p>\n<h4>RESSOURCES<\/h4>\n<p>[\/et_pb_text][et_pb_divider _builder_version=\u00a0\u00bb4.16&Prime; global_colors_info=\u00a0\u00bb{}\u00a0\u00bb][\/et_pb_divider][et_pb_text admin_label=\u00a0\u00bbTexte-Associations \u00e9tudiantes\u00a0\u00bb _builder_version=\u00a0\u00bb4.25.2&Prime; _module_preset=\u00a0\u00bbdefault\u00a0\u00bb global_colors_info=\u00a0\u00bb{}\u00a0\u00bb]<\/p>\n<h2><strong>C\u00c9G\u00c9PS<\/strong><\/h2>\n<p><strong>Coll\u00e8ge Champlain<\/strong> <em>(<\/em><em>Nikitawtegwasis, QC)<\/em><br \/>M8wigamikw est un espace destin\u00e9 aux \u00e9tudiants inuits, m\u00e9tis et Premi\u00e8res nations.<br \/>2580, rue du Coll\u00e8ge, Sherbrooke, QC, J1M 2K3<br \/><em><a href=\"https:\/\/www.crc-lennox.qc.ca\/indigenous-students\/\">https:\/\/www.crc-lennox.qc.ca\/indigenous-students\/<\/a><\/em><\/p>\n<p><strong>Coll\u00e8ge Dawson<\/strong> <em>(<\/em><em>Tiohti\u00e0:ke\u00a0\/\u00a0MO\u0245IAK, QC)<\/em><br \/>3040 rue Sherbrooke O, Montr\u00e9al, QC, H3Z 1A4<br \/><em><a href=\"&#x6d;&#97;&#105;l&#x74;&#x6f;&#58;t&#x63;&#x61;&#110;ad&#x69;&#97;&#110;&#64;&#x64;&#x61;&#119;s&#x6f;&#x6e;&#99;&#111;l&#x6c;&#x65;&#103;e&#x2e;&#x71;&#99;&#46;&#x63;&#x61;\">&#x74;&#99;a&#x6e;&#97;&#100;&#x69;&#x61;&#110;&#64;&#x64;&#97;w&#x73;&#x6f;&#110;c&#x6f;&#108;l&#x65;&#x67;&#101;&#46;&#x71;&#99;&#46;&#x63;&#x61;<\/a><\/em><br \/><em><a href=\"https:\/\/fr.dawsoncollege.qc.ca\/indigenous-students-resources\/first-peoples-centre\/\">https:\/\/fr.dawsoncollege.qc.ca\/indigenous-students-resources\/first-peoples-centre\/<\/a><\/em><\/p>\n<p><strong>C\u00e9gep John Abbott<\/strong> <em>(<\/em><em>Tiohti\u00e0:ke\u00a0\/\u00a0MO\u0245IAK, QC)<\/em><br \/>Le centre de ressources pour les \u00e9tudiants autochtones offre un espace convivial o\u00f9 ils peuvent discuter de leurs travaux scolaires, rencontrer des amis, planifier des activit\u00e9s sociales ou simplement se d\u00e9tendre.514-457-6610 ext. 5032<br \/>21 275 ch. Lakeshore, Sainte-Anne-de-Bellevue, QC, H9X 3L9<br \/><em><a href=\"https:\/\/johnabbott.qc.ca\/fr\/services-to-students\/indigenous-student-resource-centre\/\">https:\/\/johnabbott.qc.ca\/fr\/services-to-students\/indigenous-student-resource-centre\/<\/a><\/em><\/p>\n<p><strong>C\u00e9gep Vanier<\/strong> <em>(<\/em><em>Tiohti\u00e0:ke\u00a0\/\u00a0MO\u0245IAK, QC)<\/em><br \/>Le Centre des \u00e9tudiants autochtones A&rsquo;n\u00f3:wara est un lieu de rassemblement pour les \u00e9tudiants des Premi\u00e8res nations, les \u00e9tudiants m\u00e9tis et les \u00e9tudiants inuits. Vous y trouverez des informations sur les services et le soutien personnels, acad\u00e9miques, culturels et sociaux.<br \/>812 av. Sainte-Croix, Montr\u00e9al, QC, H4L 3X9<br \/><em><a href=\"https:\/\/www.vaniercollege.qc.ca\/indigenous\/anowara-indigenous-student-center\/\">https:\/\/www.vaniercollege.qc.ca\/indigenous\/anowara-indigenous-student-center\/<\/a><\/em><\/p>\n<h2><strong>UNIVERSIT\u00c9S<\/strong><\/h2>\n<p><strong>Universit\u00e9 Bishop<\/strong><em> (<\/em><em>Nikitawtegwasis, QC)<\/em><br \/>Manifestations de sensibilisation, manifestations sociales.<br \/>2600 rue du Coll\u00e8ge, Sherbrooke, QC, J1M 1Z7<br \/><em><a href=\"&#x6d;&#97;&#x69;&#108;t&#x6f;&#58;i&#x63;&#97;&#x40;&#x75;b&#x69;&#115;h&#x6f;&#112;&#x73;&#x2e;c&#x61;\">ic&#97;&#64;&#117;&#x62;&#x69;&#x73;&#x68;&#x6f;ps&#46;&#99;&#97;<\/a> <\/em><br \/><em><a href=\"https:\/\/www.ubishops.ca\/student-services\/indigenous-student-services\/indigenous-cultural-alliance\/\">https:\/\/www.ubishops.ca\/student-services\/indigenous-student-services\/indigenous-cultural-alliance\/<\/a><\/em><\/p>\n<p><strong>Universit\u00e9 Concordia<\/strong> <em>(<\/em><em>Tiohti\u00e0:ke\u00a0\/\u00a0MO\u0245IAK, QC)<\/em><br \/>Conseils aux \u00e9tudiants, ateliers acad\u00e9miques et financiers, laboratoire informatique, f\u00eates communautaires, activit\u00e9s sociales et culturelles.<br \/>1550 boul. de Maisonneuve O, room GM-806, Montr\u00e9al, QC<br \/><em><a href=\"&#x6d;&#97;&#x69;&#108;t&#x6f;&#58;i&#x6e;&#100;&#x69;&#x67;e&#x6e;&#111;u&#x73;&#46;&#x64;&#x69;r&#x65;&#99;t&#x69;&#111;n&#x73;&#64;&#x63;&#111;n&#x63;&#111;r&#x64;&#105;&#x61;&#x2e;c&#x61;\">&#105;&#x6e;&#100;&#x69;&#103;&#x65;n&#x6f;u&#x73;&#46;&#100;&#x69;&#114;&#x65;&#99;&#x74;&#105;&#x6f;n&#x73;&#64;&#x63;o&#110;&#x63;&#111;&#x72;&#100;&#x69;&#97;&#x2e;c&#x61;<\/a> <\/em><br \/><em><a href=\"https:\/\/www.concordia.ca\/indigenous\/students\/support.html\">https:\/\/www.concordia.ca\/indigenous\/students\/support.html<\/a> <\/em><\/p>\n<p><strong>Universit\u00e9 Laval<\/strong> <em>(Qu\u00e9bec, QC)<\/em><br \/>Information, activit\u00e9s et actions sociales.<br \/>Pavillon Charles-De-Koninck, bureau 0450N, 1030, av. des Sciences-Humaines, Qu\u00e9bec, QC<br \/>418-656-2131 #6707<br \/><em><a href=\"&#x6d;&#97;&#x69;&#x6c;&#116;&#x6f;&#x3a;&#97;&#x65;&#x61;&#64;&#x61;&#x73;s&#x6f;&#x2e;u&#x6c;&#97;v&#x61;&#108;&#46;&#x63;&#97;\">a&#101;&#97;&#x40;&#x61;s&#115;&#111;&#x2e;&#x75;&#x6c;a&#118;&#97;&#x6c;&#x2e;ca<\/a> <\/em><br \/><em><a href=\"&#109;&#x61;&#105;&#x6c;t&#111;&#x3a;&#97;&#x75;t&#x6f;c&#104;&#x74;&#111;&#x6e;e&#x40;&#x61;&#115;&#x73;o&#x2e;u&#108;&#x61;&#118;&#x61;l&#x2e;c&#97;\">&#97;&#x75;&#116;&#x6f;c&#x68;t&#111;&#x6e;&#101;&#x40;a&#x73;s&#111;&#x2e;&#117;&#x6c;a&#x76;a&#108;&#x2e;&#99;&#x61;<\/a> <\/em><br \/><em><a href=\"http:\/\/assoautochtone.blogspot.com\/\">http:\/\/assoautochtone.blogspot.com\/<\/a><\/em><\/p>\n<p><strong>Universit\u00e9 McGill<\/strong> <em>(<\/em><em>Tiohti\u00e0:ke\u00a0\/\u00a0MO\u0245IAK, QC)<\/em><br \/>Favoriser le d\u00e9veloppement des communaut\u00e9s autochtones, unir les \u00e9tudiants autochtones et leurs alli\u00e9s, et d\u00e9velopper des relations avec d&rsquo;autres communaut\u00e9s marginalis\u00e9es.<br \/>845, rue Sherbrooke O, Montr\u00e9al, QC, H3A 0G4<br \/><em><a href=\"https:\/\/ssmu.ca\/clubs\/political-socialactivism-clubs-fr\/?lang=fr\">https:\/\/ssmu.ca\/clubs\/political-socialactivism-clubs-fr\/?lang=fr<\/a><\/em><\/p>\n<p><strong>Universit\u00e9 de Montr\u00e9al<\/strong> <em>(<\/em><em>Tiohti\u00e0:ke\u00a0\/\u00a0MO\u0245IAK, QC)<\/em><br \/>Le Salon Uatik (den en innu) est un espace r\u00e9serv\u00e9 aux \u00e9tudiants autochtones. C&rsquo;est un espace de rencontres, d&rsquo;activit\u00e9s, de d\u00e9tente et de travail qui favorise la socialisation et la mise en r\u00e9seau.<br \/>C.P. 6128, succursale Centre-Ville, Montr\u00e9al, QC, H3C 3J7<br \/>514-343-6111, ext. 32808<br \/><em><a href=\"&#x6d;&#97;&#x69;&#x6c;&#116;&#x6f;&#58;u&#x61;&#116;i&#x6b;&#64;s&#x61;&#101;&#46;&#x75;&#109;&#x6f;&#x6e;&#116;&#x72;&#x65;&#97;&#x6c;&#46;c&#x61;\">&#117;&#x61;&#116;&#x69;k&#64;&#x73;&#97;&#x65;&#46;&#x75;m&#111;&#x6e;&#116;&#x72;e&#x61;&#x6c;&#46;&#x63;a<\/a> <\/em><br \/><em><a href=\"https:\/\/www.umontreal.ca\/premierspeuples\/\">https:\/\/www.umontreal.ca\/premierspeuples\/<\/a><\/em><\/p>\n<p><strong>UQAM <\/strong><em>(Tiohti\u00e0:ke\u00a0\/\u00a0MO\u0245IAK, QC)<\/em><br \/>Rencontres individuelles et accompagnement sp\u00e9cialis\u00e9. Service de tutorat, aide dans la recherche de ressources et de services, activit\u00e9s sociales.<br \/>C.P. 8888, succursale Centre-Ville, Montr\u00e9al, QC, H3C 3P8<br \/><em><a href=\"&#109;&#x61;i&#108;&#x74;o&#58;&#x65;t&#x75;&#x64;&#105;&#x61;n&#116;&#x73;-&#97;&#x75;t&#x6f;&#x63;&#104;&#x74;&#x6f;&#110;&#x65;s&#64;&#x75;q&#97;&#x6d;&#46;&#x63;&#x61;\">&#x65;&#x74;&#x75;&#100;&#105;an&#x74;&#x73;&#x2d;&#97;&#117;to&#x63;&#x68;&#x74;&#111;&#110;es&#x40;&#x75;&#x71;&#97;&#109;&#46;c&#x61;<\/a> <\/em><br \/><em><a href=\"https:\/\/portailetudiant.uqam.ca\/services-offerts\/soutien-aux-etudiants-autochtones\/nouvelles-ressources.html\/\">https:\/\/portailetudiant.uqam.ca\/services-offerts\/soutien-aux-etudiants-autochtones\/nouvelles-ressources.html\/<\/a><\/em><\/p>\n<p>[\/et_pb_text][et_pb_button button_url=\u00a0\u00bbhttps:\/\/nakonhakaucc.ca\/fr\/wp-content\/uploads\/sites\/2\/2024\/07\/2024-StudentAssociations-RK-LIRR-F.pdf\u00a0\u00bb button_text=\u00a0\u00bbT\u00e9l\u00e9chargez Associations \u00e9tudiantes (PDF)\u00a0\u00bb admin_label=\u00a0\u00bbBouton &#8211; t\u00e9l\u00e9chargez PDF\u00a0\u00bb _builder_version=\u00a0\u00bb4.25.2&Prime; _module_preset=\u00a0\u00bbdefault\u00a0\u00bb global_colors_info=\u00a0\u00bb{}\u00a0\u00bb][\/et_pb_button][et_pb_divider _builder_version=\u00a0\u00bb4.16&Prime; global_colors_info=\u00a0\u00bb{}\u00a0\u00bb][\/et_pb_divider][et_pb_text admin_label=\u00a0\u00bbReconnaissance du territoire\u00a0\u00bb _builder_version=\u00a0\u00bb4.25.2&Prime; _module_preset=\u00a0\u00bbdefault\u00a0\u00bb global_colors_info=\u00a0\u00bb{}\u00a0\u00bb]<\/p>\n<p><em>Montr\u00e9al, QC est connu sous le nom de Tiohti\u00e0:ke en Kanien&rsquo;k\u00e9ha et MO\u0245IAK (Mooniyang) en Anishnabemowin.<\/em><\/p>\n<p><em>(Ressources compil\u00e9es par l&rsquo;initiative <a href=\"https:\/\/nakonhakaucc.ca\/fr\/programmes\/reseau-vivre-en-relations-justes\/initiative-respect-kanoronhkwatshera\/\">Respect &amp; Kanoronhkw\u00e1tshera<\/a>)<\/em><\/p>\n<p>[\/et_pb_text][et_pb_image src=\u00a0\u00bbhttps:\/\/nakonhakaucc.ca\/fr\/wp-content\/uploads\/sites\/2\/2024\/04\/RK-LIRR-footer-FR.jpg\u00a0\u00bb alt=\u00a0\u00bbremerciements au fondation de l&rsquo;\u00c9glise Unie du Canada et Conseil r\u00e9gional Nakonha:ka\u00a0\u00bb title_text=\u00a0\u00bbRK-LIRR-footer-FR\u00a0\u00bb _builder_version=\u00a0\u00bb4.24.3&Prime; _module_preset=\u00a0\u00bbdefault\u00a0\u00bb global_colors_info=\u00a0\u00bb{}\u00a0\u00bb][\/et_pb_image][\/et_pb_column][\/et_pb_row][\/et_pb_section][et_pb_section fb_built=\u00a0\u00bb1&Prime; admin_label=\u00a0\u00bbCall To Action Box\u00a0\u00bb module_class=\u00a0\u00bbsub-call-to-action\u00a0\u00bb _builder_version=\u00a0\u00bb3.19.18&Prime; background_image=\u00a0\u00bbhttps:\/\/ucc-regions-1.apluspc.ca\/wp-content\/uploads\/2018\/11\/call-to-action-bg.jpg\u00a0\u00bb custom_css_main_element=\u00a0\u00bbdisplay: none !important;\u00a0\u00bb global_module=\u00a0\u00bb496&Prime; global_colors_info=\u00a0\u00bb{}\u00a0\u00bb][et_pb_row _builder_version=\u00a0\u00bb4.16&Prime; background_size=\u00a0\u00bbinitial\u00a0\u00bb background_position=\u00a0\u00bbtop_left\u00a0\u00bb background_repeat=\u00a0\u00bbrepeat\u00a0\u00bb global_colors_info=\u00a0\u00bb{}\u00a0\u00bb][et_pb_column type=\u00a0\u00bb4_4&Prime; _builder_version=\u00a0\u00bb4.16&Prime; custom_padding=\u00a0\u00bb|||\u00a0\u00bb global_colors_info=\u00a0\u00bb{}\u00a0\u00bb custom_padding__hover=\u00a0\u00bb|||\u00a0\u00bb][et_pb_text admin_label=\u00a0\u00bbGlobal Call to Action Title and Text\u00a0\u00bb _builder_version=\u00a0\u00bb4.16&Prime; global_colors_info=\u00a0\u00bb{}\u00a0\u00bb]<\/p>\n<h3>Call to Action<\/h3>\n<p>Lorem ipsum dolor sit amet, consectetur adipiscing elit. Praesent ultrices dui, accumsan iaculis neque blandit quis. Nam ut dolor tempus, porttitor sem a, hendrerit libero. Ut lacinia congue massa sit amet lacinia. Suspendisse vel efficitur est.<\/p>\n<p>\u00a0<\/p>\n<p>[\/et_pb_text][et_pb_button button_url=\u00a0\u00bb#\u00a0\u00bb button_text=\u00a0\u00bbLearn More\u00a0\u00bb button_alignment=\u00a0\u00bbcenter\u00a0\u00bb admin_label=\u00a0\u00bbGlobal Call to Action Button\u00a0\u00bb module_id=\u00a0\u00bbwhite-button-blue-text\u00a0\u00bb module_class=\u00a0\u00bbsub-cta-button\u00a0\u00bb _builder_version=\u00a0\u00bb4.16&Prime; global_colors_info=\u00a0\u00bb{}\u00a0\u00bb][\/et_pb_button][\/et_pb_column][\/et_pb_row][\/et_pb_section]<\/p>\n","protected":false},"excerpt":{"rendered":"<p>[et_pb_section fb_built=\u00a0\u00bb1&Prime; _builder_version=\u00a0\u00bb4.16&Prime; global_colors_info=\u00a0\u00bb{}\u00a0\u00bb][et_pb_row _builder_version=\u00a0\u00bb4.16&Prime; background_size=\u00a0\u00bbinitial\u00a0\u00bb background_position=\u00a0\u00bbtop_left\u00a0\u00bb background_repeat=\u00a0\u00bbrepeat\u00a0\u00bb global_colors_info=\u00a0\u00bb{}\u00a0\u00bb][et_pb_column type=\u00a0\u00bb4_4&Prime; _builder_version=\u00a0\u00bb4.16&Prime; custom_padding=\u00a0\u00bb|||\u00a0\u00bb global_colors_info=\u00a0\u00bb{}\u00a0\u00bb custom_padding__hover=\u00a0\u00bb|||\u00a0\u00bb][et_pb_text _builder_version=\u00a0\u00bb4.25.2&Prime; global_colors_info=\u00a0\u00bb{}\u00a0\u00bb] [&hellip;]<\/p>\n","protected":false},"author":17,"featured_media":0,"parent":7595,"menu_order":2,"comment_status":"closed","ping_status":"closed","template":"","meta":{"_acf_changed":false,"_et_pb_use_builder":"on","_et_pb_old_content":"","_et_gb_content_width":"","_exactmetrics_skip_tracking":false,"_exactmetrics_sitenote_active":false,"_exactmetrics_sitenote_note":"","_exactmetrics_sitenote_category":0,"_price":"","_stock":"","_tribe_ticket_header":"","_tribe_default_ticket_provider":"","_tribe_ticket_capacity":"0","_ticket_start_date":"","_ticket_end_date":"","_tribe_ticket_show_description":"","_tribe_ticket_show_not_going":false,"_tribe_ticket_use_global_stock":"","_tribe_ticket_global_stock_level":"","_global_stock_mode":"","_global_stock_cap":"","_tribe_rsvp_for_event":"","_tribe_ticket_going_count":"","_tribe_ticket_not_going_count":"","_tribe_tickets_list":"[]","_tribe_ticket_has_attendee_info_fields":false,"footnotes":"","_tec_slr_enabled":"","_tec_slr_layout":""},"class_list":["post-8265","page","type-page","status-publish","hentry"],"acf":[],"yoast_head":"<!-- This site is optimized with the Yoast SEO plugin v27.5 - https:\/\/yoast.com\/product\/yoast-seo-wordpress\/ -->\n<title>Associations \u00e9tudiantes - Conseil r\u00e9gional Nakonha:ka<\/title>\n<meta name=\"robots\" content=\"index, follow, max-snippet:-1, max-image-preview:large, max-video-preview:-1\" \/>\n<link rel=\"canonical\" href=\"https:\/\/nakonhakaucc.ca\/fr\/programmes\/reseau-vivre-en-relations-justes\/initiative-respect-kanoronhkwatshera\/associations-etudiantes\/\" \/>\n<meta property=\"og:locale\" content=\"fr_FR\" \/>\n<meta property=\"og:type\" content=\"article\" \/>\n<meta property=\"og:title\" content=\"Associations \u00e9tudiantes - Conseil r\u00e9gional Nakonha:ka\" \/>\n<meta property=\"og:description\" content=\"[et_pb_section fb_built=\u00a0\u00bb1&Prime; _builder_version=\u00a0\u00bb4.16&Prime; global_colors_info=\u00a0\u00bb{}\u00a0\u00bb][et_pb_row _builder_version=\u00a0\u00bb4.16&Prime; background_size=\u00a0\u00bbinitial\u00a0\u00bb background_position=\u00a0\u00bbtop_left\u00a0\u00bb background_repeat=\u00a0\u00bbrepeat\u00a0\u00bb global_colors_info=\u00a0\u00bb{}\u00a0\u00bb][et_pb_column type=\u00a0\u00bb4_4&Prime; _builder_version=\u00a0\u00bb4.16&Prime; custom_padding=\u00a0\u00bb|||\u00a0\u00bb global_colors_info=\u00a0\u00bb{}\u00a0\u00bb custom_padding__hover=\u00a0\u00bb|||\u00a0\u00bb][et_pb_text _builder_version=\u00a0\u00bb4.25.2&Prime; global_colors_info=\u00a0\u00bb{}\u00a0\u00bb] [&hellip;]\" \/>\n<meta property=\"og:url\" content=\"https:\/\/nakonhakaucc.ca\/fr\/programmes\/reseau-vivre-en-relations-justes\/initiative-respect-kanoronhkwatshera\/associations-etudiantes\/\" \/>\n<meta property=\"og:site_name\" content=\"Conseil r\u00e9gional Nakonha:ka\" \/>\n<meta property=\"article:modified_time\" content=\"2024-07-02T17:14:59+00:00\" \/>\n<meta name=\"twitter:card\" content=\"summary_large_image\" \/>\n<meta name=\"twitter:label1\" content=\"Dur\u00e9e de lecture estim\u00e9e\" \/>\n\t<meta name=\"twitter:data1\" content=\"3 minutes\" \/>\n<script type=\"application\/ld+json\" class=\"yoast-schema-graph\">{\"@context\":\"https:\\\/\\\/schema.org\",\"@graph\":[{\"@type\":\"WebPage\",\"@id\":\"https:\\\/\\\/nakonhakaucc.ca\\\/fr\\\/programmes\\\/reseau-vivre-en-relations-justes\\\/initiative-respect-kanoronhkwatshera\\\/associations-etudiantes\\\/\",\"url\":\"https:\\\/\\\/nakonhakaucc.ca\\\/fr\\\/programmes\\\/reseau-vivre-en-relations-justes\\\/initiative-respect-kanoronhkwatshera\\\/associations-etudiantes\\\/\",\"name\":\"Associations \u00e9tudiantes - Conseil r\u00e9gional Nakonha:ka\",\"isPartOf\":{\"@id\":\"https:\\\/\\\/nakonhakaucc.ca\\\/fr\\\/#website\"},\"datePublished\":\"2024-07-02T16:54:56+00:00\",\"dateModified\":\"2024-07-02T17:14:59+00:00\",\"breadcrumb\":{\"@id\":\"https:\\\/\\\/nakonhakaucc.ca\\\/fr\\\/programmes\\\/reseau-vivre-en-relations-justes\\\/initiative-respect-kanoronhkwatshera\\\/associations-etudiantes\\\/#breadcrumb\"},\"inLanguage\":\"fr-FR\",\"potentialAction\":[{\"@type\":\"ReadAction\",\"target\":[\"https:\\\/\\\/nakonhakaucc.ca\\\/fr\\\/programmes\\\/reseau-vivre-en-relations-justes\\\/initiative-respect-kanoronhkwatshera\\\/associations-etudiantes\\\/\"]}]},{\"@type\":\"BreadcrumbList\",\"@id\":\"https:\\\/\\\/nakonhakaucc.ca\\\/fr\\\/programmes\\\/reseau-vivre-en-relations-justes\\\/initiative-respect-kanoronhkwatshera\\\/associations-etudiantes\\\/#breadcrumb\",\"itemListElement\":[{\"@type\":\"ListItem\",\"position\":1,\"name\":\"Accueil\",\"item\":\"https:\\\/\\\/nakonhakaucc.ca\\\/fr\\\/\"},{\"@type\":\"ListItem\",\"position\":2,\"name\":\"Programmes et r\u00e9seaux\",\"item\":\"https:\\\/\\\/nakonhakaucc.ca\\\/fr\\\/programmes\\\/\"},{\"@type\":\"ListItem\",\"position\":3,\"name\":\"Cercle Vivre en relations justes\",\"item\":\"https:\\\/\\\/nakonhakaucc.ca\\\/fr\\\/programmes\\\/reseau-vivre-en-relations-justes\\\/\"},{\"@type\":\"ListItem\",\"position\":4,\"name\":\"Initiative Respect &amp; Kanoronhkw\u00e1tshera\",\"item\":\"https:\\\/\\\/nakonhakaucc.ca\\\/fr\\\/programmes\\\/reseau-vivre-en-relations-justes\\\/initiative-respect-kanoronhkwatshera\\\/\"},{\"@type\":\"ListItem\",\"position\":5,\"name\":\"Associations \u00e9tudiantes\"}]},{\"@type\":\"WebSite\",\"@id\":\"https:\\\/\\\/nakonhakaucc.ca\\\/fr\\\/#website\",\"url\":\"https:\\\/\\\/nakonhakaucc.ca\\\/fr\\\/\",\"name\":\"Conseil r\u00e9gional Nakonha:ka\",\"description\":\"site web Nakonha:ka (r\u00e9gion 13 de l&#039;\u00c9glise Unie du Canada)\",\"potentialAction\":[{\"@type\":\"SearchAction\",\"target\":{\"@type\":\"EntryPoint\",\"urlTemplate\":\"https:\\\/\\\/nakonhakaucc.ca\\\/fr\\\/?s={search_term_string}\"},\"query-input\":{\"@type\":\"PropertyValueSpecification\",\"valueRequired\":true,\"valueName\":\"search_term_string\"}}],\"inLanguage\":\"fr-FR\"}]}<\/script>\n<!-- \/ Yoast SEO plugin. -->","yoast_head_json":{"title":"Associations \u00e9tudiantes - Conseil r\u00e9gional Nakonha:ka","robots":{"index":"index","follow":"follow","max-snippet":"max-snippet:-1","max-image-preview":"max-image-preview:large","max-video-preview":"max-video-preview:-1"},"canonical":"https:\/\/nakonhakaucc.ca\/fr\/programmes\/reseau-vivre-en-relations-justes\/initiative-respect-kanoronhkwatshera\/associations-etudiantes\/","og_locale":"fr_FR","og_type":"article","og_title":"Associations \u00e9tudiantes - Conseil r\u00e9gional Nakonha:ka","og_description":"[et_pb_section fb_built=\u00a0\u00bb1&Prime; _builder_version=\u00a0\u00bb4.16&Prime; global_colors_info=\u00a0\u00bb{}\u00a0\u00bb][et_pb_row _builder_version=\u00a0\u00bb4.16&Prime; background_size=\u00a0\u00bbinitial\u00a0\u00bb background_position=\u00a0\u00bbtop_left\u00a0\u00bb background_repeat=\u00a0\u00bbrepeat\u00a0\u00bb global_colors_info=\u00a0\u00bb{}\u00a0\u00bb][et_pb_column type=\u00a0\u00bb4_4&Prime; _builder_version=\u00a0\u00bb4.16&Prime; custom_padding=\u00a0\u00bb|||\u00a0\u00bb global_colors_info=\u00a0\u00bb{}\u00a0\u00bb custom_padding__hover=\u00a0\u00bb|||\u00a0\u00bb][et_pb_text _builder_version=\u00a0\u00bb4.25.2&Prime; global_colors_info=\u00a0\u00bb{}\u00a0\u00bb] [&hellip;]","og_url":"https:\/\/nakonhakaucc.ca\/fr\/programmes\/reseau-vivre-en-relations-justes\/initiative-respect-kanoronhkwatshera\/associations-etudiantes\/","og_site_name":"Conseil r\u00e9gional Nakonha:ka","article_modified_time":"2024-07-02T17:14:59+00:00","twitter_card":"summary_large_image","twitter_misc":{"Dur\u00e9e de lecture estim\u00e9e":"3 minutes"},"schema":{"@context":"https:\/\/schema.org","@graph":[{"@type":"WebPage","@id":"https:\/\/nakonhakaucc.ca\/fr\/programmes\/reseau-vivre-en-relations-justes\/initiative-respect-kanoronhkwatshera\/associations-etudiantes\/","url":"https:\/\/nakonhakaucc.ca\/fr\/programmes\/reseau-vivre-en-relations-justes\/initiative-respect-kanoronhkwatshera\/associations-etudiantes\/","name":"Associations \u00e9tudiantes - Conseil r\u00e9gional Nakonha:ka","isPartOf":{"@id":"https:\/\/nakonhakaucc.ca\/fr\/#website"},"datePublished":"2024-07-02T16:54:56+00:00","dateModified":"2024-07-02T17:14:59+00:00","breadcrumb":{"@id":"https:\/\/nakonhakaucc.ca\/fr\/programmes\/reseau-vivre-en-relations-justes\/initiative-respect-kanoronhkwatshera\/associations-etudiantes\/#breadcrumb"},"inLanguage":"fr-FR","potentialAction":[{"@type":"ReadAction","target":["https:\/\/nakonhakaucc.ca\/fr\/programmes\/reseau-vivre-en-relations-justes\/initiative-respect-kanoronhkwatshera\/associations-etudiantes\/"]}]},{"@type":"BreadcrumbList","@id":"https:\/\/nakonhakaucc.ca\/fr\/programmes\/reseau-vivre-en-relations-justes\/initiative-respect-kanoronhkwatshera\/associations-etudiantes\/#breadcrumb","itemListElement":[{"@type":"ListItem","position":1,"name":"Accueil","item":"https:\/\/nakonhakaucc.ca\/fr\/"},{"@type":"ListItem","position":2,"name":"Programmes et r\u00e9seaux","item":"https:\/\/nakonhakaucc.ca\/fr\/programmes\/"},{"@type":"ListItem","position":3,"name":"Cercle Vivre en relations justes","item":"https:\/\/nakonhakaucc.ca\/fr\/programmes\/reseau-vivre-en-relations-justes\/"},{"@type":"ListItem","position":4,"name":"Initiative Respect &amp; Kanoronhkw\u00e1tshera","item":"https:\/\/nakonhakaucc.ca\/fr\/programmes\/reseau-vivre-en-relations-justes\/initiative-respect-kanoronhkwatshera\/"},{"@type":"ListItem","position":5,"name":"Associations \u00e9tudiantes"}]},{"@type":"WebSite","@id":"https:\/\/nakonhakaucc.ca\/fr\/#website","url":"https:\/\/nakonhakaucc.ca\/fr\/","name":"Conseil r\u00e9gional Nakonha:ka","description":"site web Nakonha:ka (r\u00e9gion 13 de l&#039;\u00c9glise Unie du Canada)","potentialAction":[{"@type":"SearchAction","target":{"@type":"EntryPoint","urlTemplate":"https:\/\/nakonhakaucc.ca\/fr\/?s={search_term_string}"},"query-input":{"@type":"PropertyValueSpecification","valueRequired":true,"valueName":"search_term_string"}}],"inLanguage":"fr-FR"}]}},"ticketed":false,"_links":{"self":[{"href":"https:\/\/nakonhakaucc.ca\/fr\/wp-json\/wp\/v2\/pages\/8265","targetHints":{"allow":["GET"]}}],"collection":[{"href":"https:\/\/nakonhakaucc.ca\/fr\/wp-json\/wp\/v2\/pages"}],"about":[{"href":"https:\/\/nakonhakaucc.ca\/fr\/wp-json\/wp\/v2\/types\/page"}],"author":[{"embeddable":true,"href":"https:\/\/nakonhakaucc.ca\/fr\/wp-json\/wp\/v2\/users\/17"}],"replies":[{"embeddable":true,"href":"https:\/\/nakonhakaucc.ca\/fr\/wp-json\/wp\/v2\/comments?post=8265"}],"version-history":[{"count":6,"href":"https:\/\/nakonhakaucc.ca\/fr\/wp-json\/wp\/v2\/pages\/8265\/revisions"}],"predecessor-version":[{"id":8278,"href":"https:\/\/nakonhakaucc.ca\/fr\/wp-json\/wp\/v2\/pages\/8265\/revisions\/8278"}],"up":[{"embeddable":true,"href":"https:\/\/nakonhakaucc.ca\/fr\/wp-json\/wp\/v2\/pages\/7595"}],"wp:attachment":[{"href":"https:\/\/nakonhakaucc.ca\/fr\/wp-json\/wp\/v2\/media?parent=8265"}],"curies":[{"name":"wp","href":"https:\/\/api.w.org\/{rel}","templated":true}]}}