{"id":8281,"date":"2024-07-02T13:41:22","date_gmt":"2024-07-02T17:41:22","guid":{"rendered":"https:\/\/nakonhakaucc.ca\/fr\/?page_id=8281"},"modified":"2024-07-02T13:41:25","modified_gmt":"2024-07-02T17:41:25","slug":"culture-et-developpement-durable","status":"publish","type":"page","link":"https:\/\/nakonhakaucc.ca\/fr\/programmes\/reseau-vivre-en-relations-justes\/initiative-respect-kanoronhkwatshera\/culture-et-developpement-durable\/","title":{"rendered":"Culture et d\u00e9veloppement durable"},"content":{"rendered":"<p>[et_pb_section fb_built=\u00a0\u00bb1&Prime; _builder_version=\u00a0\u00bb4.16&Prime; global_colors_info=\u00a0\u00bb{}\u00a0\u00bb][et_pb_row _builder_version=\u00a0\u00bb4.16&Prime; background_size=\u00a0\u00bbinitial\u00a0\u00bb background_position=\u00a0\u00bbtop_left\u00a0\u00bb background_repeat=\u00a0\u00bbrepeat\u00a0\u00bb global_colors_info=\u00a0\u00bb{}\u00a0\u00bb][et_pb_column type=\u00a0\u00bb4_4&Prime; _builder_version=\u00a0\u00bb4.16&Prime; custom_padding=\u00a0\u00bb|||\u00a0\u00bb global_colors_info=\u00a0\u00bb{}\u00a0\u00bb custom_padding__hover=\u00a0\u00bb|||\u00a0\u00bb][et_pb_text _builder_version=\u00a0\u00bb4.25.2&Prime; hover_enabled=\u00a0\u00bb0&Prime; global_colors_info=\u00a0\u00bb{}\u00a0\u00bb sticky_enabled=\u00a0\u00bb0&Prime;]<\/p>\n<h1>Culture et d\u00e9veloppement durable<\/h1>\n<p>[\/et_pb_text][\/et_pb_column][\/et_pb_row][et_pb_row column_structure=\u00a0\u00bb1_4,3_4&Prime; _builder_version=\u00a0\u00bb4.16&Prime; background_size=\u00a0\u00bbinitial\u00a0\u00bb background_position=\u00a0\u00bbtop_left\u00a0\u00bb background_repeat=\u00a0\u00bbrepeat\u00a0\u00bb global_colors_info=\u00a0\u00bb{}\u00a0\u00bb][et_pb_column type=\u00a0\u00bb1_4&Prime; _builder_version=\u00a0\u00bb4.16&Prime; custom_padding=\u00a0\u00bb|||\u00a0\u00bb global_colors_info=\u00a0\u00bb{}\u00a0\u00bb custom_padding__hover=\u00a0\u00bb|||\u00a0\u00bb][et_pb_text _builder_version=\u00a0\u00bb4.24.3&Prime; _module_preset=\u00a0\u00bbdefault\u00a0\u00bb global_colors_info=\u00a0\u00bb{}\u00a0\u00bb]<\/p>\n<h4>DERNI\u00c8RES NOUVELLES<\/h4>\n<p>[\/et_pb_text][et_pb_divider _builder_version=\u00a0\u00bb4.16&Prime; global_colors_info=\u00a0\u00bb{}\u00a0\u00bb][\/et_pb_divider][et_pb_blog posts_number=\u00a0\u00bb1&Prime; include_categories=\u00a0\u00bb109&Prime; show_thumbnail=\u00a0\u00bboff\u00a0\u00bb excerpt_length=\u00a0\u00bb148&Prime; show_more=\u00a0\u00bbon\u00a0\u00bb show_categories=\u00a0\u00bboff\u00a0\u00bb _builder_version=\u00a0\u00bb4.24.3&Prime; _module_preset=\u00a0\u00bbdefault\u00a0\u00bb header_level=\u00a0\u00bbh4&Prime; global_colors_info=\u00a0\u00bb{}\u00a0\u00bb][\/et_pb_blog][et_pb_divider _builder_version=\u00a0\u00bb4.16&Prime; global_colors_info=\u00a0\u00bb{}\u00a0\u00bb][\/et_pb_divider][et_pb_button button_url=\u00a0\u00bbhttps:\/\/nakonhakaucc.ca\/fr\/programmes\/reseau-vivre-en-relations-justes\/initiative-respect-kanoronhkwatshera\/\u00a0\u00bb button_text=\u00a0\u00bbAutres ressources\u00a0\u00bb admin_label=\u00a0\u00bbBouton &#8211; autres ressources\u00a0\u00bb _builder_version=\u00a0\u00bb4.25.2&Prime; _module_preset=\u00a0\u00bbdefault\u00a0\u00bb custom_button=\u00a0\u00bbon\u00a0\u00bb button_bg_color=\u00a0\u00bb#CCCCCC\u00a0\u00bb global_colors_info=\u00a0\u00bb{}\u00a0\u00bb][\/et_pb_button][\/et_pb_column][et_pb_column type=\u00a0\u00bb3_4&Prime; _builder_version=\u00a0\u00bb4.16&Prime; custom_padding=\u00a0\u00bb|||\u00a0\u00bb global_colors_info=\u00a0\u00bb{}\u00a0\u00bb custom_padding__hover=\u00a0\u00bb|||\u00a0\u00bb][et_pb_text admin_label=\u00a0\u00bbTexte &#8211; RESSOURCES\u00a0\u00bb _builder_version=\u00a0\u00bb4.25.2&Prime; global_colors_info=\u00a0\u00bb{}\u00a0\u00bb]<\/p>\n<h4>RESSOURCES<\/h4>\n<p>[\/et_pb_text][et_pb_divider _builder_version=\u00a0\u00bb4.16&Prime; global_colors_info=\u00a0\u00bb{}\u00a0\u00bb][\/et_pb_divider][et_pb_text admin_label=\u00a0\u00bbTexte-Culture et d\u00e9veloppement durable\u00a0\u00bb _builder_version=\u00a0\u00bb4.25.2&Prime; _module_preset=\u00a0\u00bbdefault\u00a0\u00bb hover_enabled=\u00a0\u00bb0&Prime; global_colors_info=\u00a0\u00bb{}\u00a0\u00bb sticky_enabled=\u00a0\u00bb0&Prime;]<\/p>\n<p><strong>Assembl\u00e9e des Premi\u00e8res Nations Qu\u00e9bec-Labrador<\/strong> (Wendake, QC)<br \/>Liste des communaut\u00e9s, de leurs dirigeants, de leurs coordonn\u00e9es et de leurs sites web, documents sur le logement, projet de loi C-91 sur les langues, le logement, l&rsquo;eau et les services d&rsquo;urgence, projet de loi C-92 sur les services \u00e0 l&rsquo;enfance, mise en \u0153uvre de la l\u00e9gislation f\u00e9d\u00e9rale, Enqu\u00eate nationale sur les femmes et les filles autochtones disparues et assassin\u00e9es, pensionnats, externats, etc.<br \/>250, Place Chef Michel Laveau, suite 201, Wendake, QC, G0A 4V0<br \/>418-842-5020<br \/><em><a href=\"https:\/\/apnql.com\/\">https:\/\/apnql.com\/<\/a> <\/em><\/p>\n<p><strong>Bureau des initiatives autochtones <\/strong>(Tiohti\u00e0:ke\u00a0\/\u00a0MO\u0245IAK, QC)<br \/>Ressources \u00e9ducatives, outils pour les chercheurs, informations sur l&rsquo;histoire de McGill, protocoles culturels, trousses d&rsquo;outils pour les organismes alli\u00e9s.<br \/>Peterson Hall, Suite 200, 3460 rue McTavish, Montr\u00e9al, QC, H3A 0E6<br \/><em><a href=\"&#109;&#x61;i&#108;&#x74;&#111;&#x3a;i&#110;&#x64;i&#x67;&#x65;&#110;&#x6f;u&#115;&#x69;n&#x69;&#x74;&#105;&#x61;t&#105;&#x76;&#101;&#x73;&#64;&#109;&#x63;g&#105;&#x6c;&#108;&#x2e;c&#97;\">&#105;&#x6e;&#100;&#x69;&#103;&#x65;&#110;&#x6f;&#117;&#x73;&#105;&#x6e;&#105;&#x74;&#105;&#x61;&#116;&#x69;&#118;&#x65;&#115;&#x40;&#109;&#x63;&#103;&#x69;&#108;&#x6c;&#46;&#x63;&#97;<\/a> \u00a0<\/em><br \/><em><a href=\"https:\/\/www.mcgill.ca\/indigenous\/fr\">https:\/\/www.mcgill.ca\/indigenous\/fr<\/a> <\/em><\/p>\n<p><strong>Institut culturel Avataq<\/strong> (Inukjuak, QC et Tiohti\u00e0:ke\u00a0\/\u00a0MO\u0245IAK, QC)<br \/>Organisme culturel des Inuits du Nunavik (Nord du Qu\u00e9bec, Canada).<br \/>4150 rue Sainte-Catherine O, Westmount, QC, H3Z 2Y5<br \/>514-989-9031<br \/>819-254-8919<br \/><em><a href=\"&#109;&#x61;i&#x6c;t&#111;&#x3a;&#97;&#x76;a&#116;&#x61;&#113;&#x40;a&#x76;&#x61;&#116;&#x61;q&#x2e;q&#99;&#x2e;&#99;&#x61;\">&#x61;&#118;a&#x74;&#97;&#113;&#x40;&#x61;&#118;a&#x74;&#97;q&#x2e;&#x71;&#99;&#46;&#x63;&#97;<\/a><br \/><\/em><em><a href=\"&#x6d;&#x61;&#x69;&#x6c;&#x74;&#x6f;&#x3a;&#x61;&#x76;&#x61;&#x74;&#x61;&#x71;&#x2d;&#x69;&#x6e;&#x75;&#x6b;&#x6a;&#x75;&#x61;&#x6b;&#64;&#97;&#118;&#97;&#116;&#97;&#113;&#46;&#113;&#99;&#46;&#99;&#97;\">ava&#116;&#97;&#113;&#45;&#x69;&#x6e;&#x75;&#x6b;&#x6a;&#x75;&#x61;k&#64;a&#118;&#97;&#116;&#97;&#113;&#x2e;&#x71;&#x63;&#x2e;&#x63;&#x61;<\/a><br \/><\/em><em><a href=\"http:\/\/www.avataq.qc.ca\/\">www.avataq.qc.ca\/<\/a> <\/em><\/p>\n<p><strong>Institut de d\u00e9veloppement durable des Premi\u00e8res Nations du Qu\u00e9bec et du Labrador<\/strong> (Wendake, QC)<br \/>Soutien des Premi\u00e8res Nations dans la mise en \u0153uvre de projets qui contribuent au d\u00e9veloppement durable de leurs communaut\u00e9s et territoires.<br \/>174 rue Chef-Aim\u00e9-Romain, Wendake, QC, G0A 4V0<br \/>1-418-843-9999<br \/><em><a href=\"&#x6d;&#97;i&#x6c;&#x74;&#111;:&#x69;&#x6e;&#102;o&#x40;&#105;d&#x64;&#x70;&#110;q&#x6c;&#x2e;&#99;a\">&#x69;&#110;f&#x6f;&#64;&#105;&#x64;&#x64;&#112;n&#x71;&#108;&#46;&#x63;&#x61;<\/a> \u00a0\u00a0\u00a0<\/em><br \/><em><a href=\"https:\/\/iddpnql.ca\/\">https:\/\/iddpnql.ca\/<\/a> <\/em><\/p>\n<p><strong>Kina8at <\/strong>(Mont Tremblant, QC)<br \/>Activit\u00e9s culturelles pour les Premi\u00e8res nations, les professionnels et les \u00e9coles, apprentissage des langues.<br \/>Bo\u00eete postale \u00a04372, branche principale, Mont-Tremblant, QC, J8E 1A1<br \/><em><a href=\"https:\/\/www.kina8at.ca\/\">https:\/\/www.kina8at.ca\/<\/a> <\/em><\/p>\n<p><strong>La Maison des Peuples Autochtones<\/strong> (Tiohti\u00e0:ke\u00a0\/\u00a0MO\u0245IAK, QC)<br \/>Le site de La Maison autochtone vous permet de d\u00e9couvrir diverses facettes des cultures\u00a0autochtones du Qu\u00e9bec et du Canada.<br \/>510 Mont\u00e9e des Trente, Mont-Saint-Hilaire, QC, J3H 2R8<br \/>450-464-2500<br \/><em><a href=\"&#x6d;&#x61;&#x69;&#x6c;&#x74;&#111;&#58;&#105;&#110;fo&#64;&#x6d;&#x61;&#x69;&#x73;&#x6f;&#x6e;&#97;&#109;&#101;rie&#x6e;&#x64;&#x69;&#x65;&#x6e;&#x6e;&#101;&#46;&#99;&#111;m\">&#105;&#x6e;f&#x6f;&#64;&#109;&#x61;&#105;&#x73;o&#110;&#x61;&#109;&#x65;r&#x69;&#x65;&#110;&#x64;i&#x65;n&#110;&#x65;&#46;&#x63;o&#109;<\/a> \u00a0<\/em><br \/><em><a href=\"https:\/\/maisonautochtone.com\/\">https:\/\/maisonautochtone.com\/<\/a> <\/em><\/p>\n<p><strong>Re-Conna\u00eetre<\/strong> (Qu\u00e9bec, QC et Tiohti\u00e0:ke\u00a0\/\u00a0MO\u0245IAK, QC)<br \/>Soutien aux efforts de r\u00e9appropriation, de reconstruction et de d\u00e9veloppement de la communaut\u00e9 artistique des Premi\u00e8res Nations, soutien aux artistes, micro-subventions aux artistes.<br \/>1435 rue de Bleury, Suite 300, Ville Marie, Montr\u00e9al, QC, H3A 2H7<br \/>1-800-608-3350<br \/><em><a href=\"m&#97;&#x69;&#x6c;t&#111;&#58;&#x73;&#x61;r&#97;&#104;&#x2e;&#x74;h&#105;&#x62;&#x61;&#x75;l&#116;&#x40;&#x63;a&#108;&#113;&#x2e;&#x67;o&#117;&#118;&#x2e;&#x71;c&#46;&#x63;&#x61;\">&#x73;&#x61;&#x72;&#x61;&#x68;&#x2e;&#x74;&#x68;&#x69;&#x62;&#x61;&#x75;&#x6c;&#x74;&#x40;&#x63;&#x61;&#x6c;&#x71;&#x2e;&#x67;&#x6f;&#x75;&#x76;&#x2e;&#x71;&#x63;&#x2e;&#x63;&#x61;<\/a> \u00a0<\/em><br \/><em><a href=\"https:\/\/www.calq.gouv.qc.ca\/aide-financiere\/arts-autochtones\/a-propos\">https:\/\/www.calq.gouv.qc.ca\/aide-financiere\/arts-autochtones\/a-propos<\/a> <\/em><\/p>\n<p><strong>R\u00e9seau de la communaut\u00e9 autochtone \u00e0 Montr\u00e9al<\/strong> (Tiohti\u00e0:ke\u00a0\/\u00a0MO\u0245IAK, QC)<br \/>Annonces communautaires, recherche et consultation, ateliers, offres d&#8217;emploi, bo\u00eetes \u00e0 outils.<br \/>C.P. 567, Place-D&rsquo;Armes, Montr\u00e9al, QC, H2Y 3H3<br \/><em><a href=\"&#109;&#x61;i&#x6c;&#x74;&#111;&#x3a;c&#111;&#x6d;&#109;&#x75;n&#105;&#x63;a&#x74;i&#111;&#x6e;s&#x40;&#x72;&#101;&#x73;e&#97;&#x75;&#109;&#x74;l&#110;&#x65;&#116;&#x77;o&#114;&#x6b;&#46;&#x63;&#x6f;&#109;\">communic&#97;&#116;&#105;&#111;&#110;&#115;&#64;&#114;&#101;&#115;&#x65;&#x61;&#x75;&#x6d;&#x74;&#x6c;&#x6e;&#x65;&#x74;&#x77;&#x6f;&#x72;&#x6b;&#x2e;&#x63;om<\/a> \u00a0<\/em><br \/><em><a href=\"https:\/\/reseaumtlnetwork.com\/\">https:\/\/reseaumtlnetwork.com\/<\/a> <\/em><\/p>\n<p><strong>Terres en vues\/Land InSights<\/strong> (Tiohti\u00e0:ke\u00a0\/\u00a0MO\u0245IAK, QC)<br \/>Diffusion de la culture des Peuples autochtones, organisation d&rsquo;\u00e9v\u00e9nements culturels.<br \/>5445 av. de Gasp\u00e9, bureau 508, Montr\u00e9al, QC, H2T 3B2<br \/>514-278-4040<br \/><em><a href=\"mailto:tev&#64;nativelynx&#46;qc&#46;&#99;&#97;\">&#x74;&#101;&#x76;&#x40;n&#x61;&#116;i&#x76;&#101;l&#x79;&#110;&#x78;&#x2e;q&#x63;&#46;c&#x61;<\/a> \u00a0\u00a0\u00a0<\/em><br \/><em><a href=\"http:\/\/www.nativelynx.qc.ca\/\">http:\/\/www.nativelynx.qc.ca\/<\/a> <\/em><\/p>\n<p>[\/et_pb_text][et_pb_button button_url=\u00a0\u00bbhttps:\/\/nakonhakaucc.ca\/fr\/wp-content\/uploads\/sites\/2\/2024\/07\/2024-CultureSustainableDevelopment-RK-LIRR-F.pdf\u00a0\u00bb button_text=\u00a0\u00bbT\u00e9l\u00e9chargez Culture et d\u00e9veloppement durable (PDF)\u00a0\u00bb admin_label=\u00a0\u00bbBouton &#8211; t\u00e9l\u00e9chargez PDF\u00a0\u00bb _builder_version=\u00a0\u00bb4.25.2&Prime; _module_preset=\u00a0\u00bbdefault\u00a0\u00bb hover_enabled=\u00a0\u00bb0&Prime; global_colors_info=\u00a0\u00bb{}\u00a0\u00bb sticky_enabled=\u00a0\u00bb0&Prime;][\/et_pb_button][et_pb_divider _builder_version=\u00a0\u00bb4.16&Prime; global_colors_info=\u00a0\u00bb{}\u00a0\u00bb][\/et_pb_divider][et_pb_text admin_label=\u00a0\u00bbReconnaissance du territoire\u00a0\u00bb _builder_version=\u00a0\u00bb4.25.2&Prime; _module_preset=\u00a0\u00bbdefault\u00a0\u00bb global_colors_info=\u00a0\u00bb{}\u00a0\u00bb]<\/p>\n<p><em>Montr\u00e9al, QC est connu sous le nom de Tiohti\u00e0:ke en Kanien&rsquo;k\u00e9ha et MO\u0245IAK (Mooniyang) en Anishnabemowin.<\/em><\/p>\n<p><em>(Ressources compil\u00e9es par l&rsquo;initiative <a href=\"https:\/\/nakonhakaucc.ca\/fr\/programmes\/reseau-vivre-en-relations-justes\/initiative-respect-kanoronhkwatshera\/\">Respect &amp; Kanoronhkw\u00e1tshera<\/a>)<\/em><\/p>\n<p>[\/et_pb_text][et_pb_image src=\u00a0\u00bbhttps:\/\/nakonhakaucc.ca\/fr\/wp-content\/uploads\/sites\/2\/2024\/04\/RK-LIRR-footer-FR.jpg\u00a0\u00bb alt=\u00a0\u00bbremerciements au fondation de l&rsquo;\u00c9glise Unie du Canada et Conseil r\u00e9gional Nakonha:ka\u00a0\u00bb title_text=\u00a0\u00bbRK-LIRR-footer-FR\u00a0\u00bb _builder_version=\u00a0\u00bb4.24.3&Prime; _module_preset=\u00a0\u00bbdefault\u00a0\u00bb global_colors_info=\u00a0\u00bb{}\u00a0\u00bb][\/et_pb_image][\/et_pb_column][\/et_pb_row][\/et_pb_section][et_pb_section fb_built=\u00a0\u00bb1&Prime; admin_label=\u00a0\u00bbCall To Action Box\u00a0\u00bb module_class=\u00a0\u00bbsub-call-to-action\u00a0\u00bb _builder_version=\u00a0\u00bb3.19.18&Prime; background_image=\u00a0\u00bbhttps:\/\/ucc-regions-1.apluspc.ca\/wp-content\/uploads\/2018\/11\/call-to-action-bg.jpg\u00a0\u00bb custom_css_main_element=\u00a0\u00bbdisplay: none !important;\u00a0\u00bb global_module=\u00a0\u00bb496&Prime; global_colors_info=\u00a0\u00bb{}\u00a0\u00bb][et_pb_row _builder_version=\u00a0\u00bb4.16&Prime; background_size=\u00a0\u00bbinitial\u00a0\u00bb background_position=\u00a0\u00bbtop_left\u00a0\u00bb background_repeat=\u00a0\u00bbrepeat\u00a0\u00bb global_colors_info=\u00a0\u00bb{}\u00a0\u00bb][et_pb_column type=\u00a0\u00bb4_4&Prime; _builder_version=\u00a0\u00bb4.16&Prime; custom_padding=\u00a0\u00bb|||\u00a0\u00bb global_colors_info=\u00a0\u00bb{}\u00a0\u00bb custom_padding__hover=\u00a0\u00bb|||\u00a0\u00bb][et_pb_text admin_label=\u00a0\u00bbGlobal Call to Action Title and Text\u00a0\u00bb _builder_version=\u00a0\u00bb4.16&Prime; global_colors_info=\u00a0\u00bb{}\u00a0\u00bb]<\/p>\n<h3>Call to Action<\/h3>\n<p>Lorem ipsum dolor sit amet, consectetur adipiscing elit. Praesent ultrices dui, accumsan iaculis neque blandit quis. Nam ut dolor tempus, porttitor sem a, hendrerit libero. Ut lacinia congue massa sit amet lacinia. Suspendisse vel efficitur est.<\/p>\n<p>\u00a0<\/p>\n<p>[\/et_pb_text][et_pb_button button_url=\u00a0\u00bb#\u00a0\u00bb button_text=\u00a0\u00bbLearn More\u00a0\u00bb button_alignment=\u00a0\u00bbcenter\u00a0\u00bb admin_label=\u00a0\u00bbGlobal Call to Action Button\u00a0\u00bb module_id=\u00a0\u00bbwhite-button-blue-text\u00a0\u00bb module_class=\u00a0\u00bbsub-cta-button\u00a0\u00bb _builder_version=\u00a0\u00bb4.16&Prime; global_colors_info=\u00a0\u00bb{}\u00a0\u00bb][\/et_pb_button][\/et_pb_column][\/et_pb_row][\/et_pb_section]<\/p>\n","protected":false},"excerpt":{"rendered":"<p>[et_pb_section fb_built=\u00a0\u00bb1&Prime; _builder_version=\u00a0\u00bb4.16&Prime; global_colors_info=\u00a0\u00bb{}\u00a0\u00bb][et_pb_row _builder_version=\u00a0\u00bb4.16&Prime; background_size=\u00a0\u00bbinitial\u00a0\u00bb background_position=\u00a0\u00bbtop_left\u00a0\u00bb background_repeat=\u00a0\u00bbrepeat\u00a0\u00bb global_colors_info=\u00a0\u00bb{}\u00a0\u00bb][et_pb_column type=\u00a0\u00bb4_4&Prime; _builder_version=\u00a0\u00bb4.16&Prime; custom_padding=\u00a0\u00bb|||\u00a0\u00bb global_colors_info=\u00a0\u00bb{}\u00a0\u00bb custom_padding__hover=\u00a0\u00bb|||\u00a0\u00bb][et_pb_text _builder_version=\u00a0\u00bb4.25.2&Prime; hover_enabled=\u00a0\u00bb0&Prime; [&hellip;]<\/p>\n","protected":false},"author":17,"featured_media":0,"parent":7595,"menu_order":2,"comment_status":"closed","ping_status":"closed","template":"","meta":{"_acf_changed":false,"_et_pb_use_builder":"on","_et_pb_old_content":"","_et_gb_content_width":"","_exactmetrics_skip_tracking":false,"_exactmetrics_sitenote_active":false,"_exactmetrics_sitenote_note":"","_exactmetrics_sitenote_category":0,"_price":"","_stock":"","_tribe_ticket_header":"","_tribe_default_ticket_provider":"","_tribe_ticket_capacity":"0","_ticket_start_date":"","_ticket_end_date":"","_tribe_ticket_show_description":"","_tribe_ticket_show_not_going":false,"_tribe_ticket_use_global_stock":"","_tribe_ticket_global_stock_level":"","_global_stock_mode":"","_global_stock_cap":"","_tribe_rsvp_for_event":"","_tribe_ticket_going_count":"","_tribe_ticket_not_going_count":"","_tribe_tickets_list":"[]","_tribe_ticket_has_attendee_info_fields":false,"footnotes":"","_tec_slr_enabled":"","_tec_slr_layout":""},"class_list":["post-8281","page","type-page","status-publish","hentry"],"acf":[],"yoast_head":"<!-- This site is optimized with the Yoast SEO plugin v27.5 - https:\/\/yoast.com\/product\/yoast-seo-wordpress\/ -->\n<title>Culture et d\u00e9veloppement durable - Conseil r\u00e9gional Nakonha:ka<\/title>\n<meta name=\"robots\" content=\"index, follow, max-snippet:-1, max-image-preview:large, max-video-preview:-1\" \/>\n<link rel=\"canonical\" href=\"https:\/\/nakonhakaucc.ca\/fr\/programmes\/reseau-vivre-en-relations-justes\/initiative-respect-kanoronhkwatshera\/culture-et-developpement-durable\/\" \/>\n<meta property=\"og:locale\" content=\"fr_FR\" \/>\n<meta property=\"og:type\" content=\"article\" \/>\n<meta property=\"og:title\" content=\"Culture et d\u00e9veloppement durable - Conseil r\u00e9gional Nakonha:ka\" \/>\n<meta property=\"og:description\" content=\"[et_pb_section fb_built=\u00a0\u00bb1&Prime; _builder_version=\u00a0\u00bb4.16&Prime; global_colors_info=\u00a0\u00bb{}\u00a0\u00bb][et_pb_row _builder_version=\u00a0\u00bb4.16&Prime; background_size=\u00a0\u00bbinitial\u00a0\u00bb background_position=\u00a0\u00bbtop_left\u00a0\u00bb background_repeat=\u00a0\u00bbrepeat\u00a0\u00bb global_colors_info=\u00a0\u00bb{}\u00a0\u00bb][et_pb_column type=\u00a0\u00bb4_4&Prime; _builder_version=\u00a0\u00bb4.16&Prime; custom_padding=\u00a0\u00bb|||\u00a0\u00bb global_colors_info=\u00a0\u00bb{}\u00a0\u00bb custom_padding__hover=\u00a0\u00bb|||\u00a0\u00bb][et_pb_text _builder_version=\u00a0\u00bb4.25.2&Prime; hover_enabled=\u00a0\u00bb0&Prime; [&hellip;]\" \/>\n<meta property=\"og:url\" content=\"https:\/\/nakonhakaucc.ca\/fr\/programmes\/reseau-vivre-en-relations-justes\/initiative-respect-kanoronhkwatshera\/culture-et-developpement-durable\/\" \/>\n<meta property=\"og:site_name\" content=\"Conseil r\u00e9gional Nakonha:ka\" \/>\n<meta property=\"article:modified_time\" content=\"2024-07-02T17:41:25+00:00\" \/>\n<meta name=\"twitter:card\" content=\"summary_large_image\" \/>\n<meta name=\"twitter:label1\" content=\"Dur\u00e9e de lecture estim\u00e9e\" \/>\n\t<meta name=\"twitter:data1\" content=\"3 minutes\" \/>\n<script type=\"application\/ld+json\" class=\"yoast-schema-graph\">{\"@context\":\"https:\\\/\\\/schema.org\",\"@graph\":[{\"@type\":\"WebPage\",\"@id\":\"https:\\\/\\\/nakonhakaucc.ca\\\/fr\\\/programmes\\\/reseau-vivre-en-relations-justes\\\/initiative-respect-kanoronhkwatshera\\\/culture-et-developpement-durable\\\/\",\"url\":\"https:\\\/\\\/nakonhakaucc.ca\\\/fr\\\/programmes\\\/reseau-vivre-en-relations-justes\\\/initiative-respect-kanoronhkwatshera\\\/culture-et-developpement-durable\\\/\",\"name\":\"Culture et d\u00e9veloppement durable - Conseil r\u00e9gional Nakonha:ka\",\"isPartOf\":{\"@id\":\"https:\\\/\\\/nakonhakaucc.ca\\\/fr\\\/#website\"},\"datePublished\":\"2024-07-02T17:41:22+00:00\",\"dateModified\":\"2024-07-02T17:41:25+00:00\",\"breadcrumb\":{\"@id\":\"https:\\\/\\\/nakonhakaucc.ca\\\/fr\\\/programmes\\\/reseau-vivre-en-relations-justes\\\/initiative-respect-kanoronhkwatshera\\\/culture-et-developpement-durable\\\/#breadcrumb\"},\"inLanguage\":\"fr-FR\",\"potentialAction\":[{\"@type\":\"ReadAction\",\"target\":[\"https:\\\/\\\/nakonhakaucc.ca\\\/fr\\\/programmes\\\/reseau-vivre-en-relations-justes\\\/initiative-respect-kanoronhkwatshera\\\/culture-et-developpement-durable\\\/\"]}]},{\"@type\":\"BreadcrumbList\",\"@id\":\"https:\\\/\\\/nakonhakaucc.ca\\\/fr\\\/programmes\\\/reseau-vivre-en-relations-justes\\\/initiative-respect-kanoronhkwatshera\\\/culture-et-developpement-durable\\\/#breadcrumb\",\"itemListElement\":[{\"@type\":\"ListItem\",\"position\":1,\"name\":\"Accueil\",\"item\":\"https:\\\/\\\/nakonhakaucc.ca\\\/fr\\\/\"},{\"@type\":\"ListItem\",\"position\":2,\"name\":\"Programmes et r\u00e9seaux\",\"item\":\"https:\\\/\\\/nakonhakaucc.ca\\\/fr\\\/programmes\\\/\"},{\"@type\":\"ListItem\",\"position\":3,\"name\":\"Cercle Vivre en relations justes\",\"item\":\"https:\\\/\\\/nakonhakaucc.ca\\\/fr\\\/programmes\\\/reseau-vivre-en-relations-justes\\\/\"},{\"@type\":\"ListItem\",\"position\":4,\"name\":\"Initiative Respect &amp; Kanoronhkw\u00e1tshera\",\"item\":\"https:\\\/\\\/nakonhakaucc.ca\\\/fr\\\/programmes\\\/reseau-vivre-en-relations-justes\\\/initiative-respect-kanoronhkwatshera\\\/\"},{\"@type\":\"ListItem\",\"position\":5,\"name\":\"Culture et d\u00e9veloppement durable\"}]},{\"@type\":\"WebSite\",\"@id\":\"https:\\\/\\\/nakonhakaucc.ca\\\/fr\\\/#website\",\"url\":\"https:\\\/\\\/nakonhakaucc.ca\\\/fr\\\/\",\"name\":\"Conseil r\u00e9gional Nakonha:ka\",\"description\":\"site web Nakonha:ka (r\u00e9gion 13 de l&#039;\u00c9glise Unie du Canada)\",\"potentialAction\":[{\"@type\":\"SearchAction\",\"target\":{\"@type\":\"EntryPoint\",\"urlTemplate\":\"https:\\\/\\\/nakonhakaucc.ca\\\/fr\\\/?s={search_term_string}\"},\"query-input\":{\"@type\":\"PropertyValueSpecification\",\"valueRequired\":true,\"valueName\":\"search_term_string\"}}],\"inLanguage\":\"fr-FR\"}]}<\/script>\n<!-- \/ Yoast SEO plugin. -->","yoast_head_json":{"title":"Culture et d\u00e9veloppement durable - Conseil r\u00e9gional Nakonha:ka","robots":{"index":"index","follow":"follow","max-snippet":"max-snippet:-1","max-image-preview":"max-image-preview:large","max-video-preview":"max-video-preview:-1"},"canonical":"https:\/\/nakonhakaucc.ca\/fr\/programmes\/reseau-vivre-en-relations-justes\/initiative-respect-kanoronhkwatshera\/culture-et-developpement-durable\/","og_locale":"fr_FR","og_type":"article","og_title":"Culture et d\u00e9veloppement durable - Conseil r\u00e9gional Nakonha:ka","og_description":"[et_pb_section fb_built=\u00a0\u00bb1&Prime; _builder_version=\u00a0\u00bb4.16&Prime; global_colors_info=\u00a0\u00bb{}\u00a0\u00bb][et_pb_row _builder_version=\u00a0\u00bb4.16&Prime; background_size=\u00a0\u00bbinitial\u00a0\u00bb background_position=\u00a0\u00bbtop_left\u00a0\u00bb background_repeat=\u00a0\u00bbrepeat\u00a0\u00bb global_colors_info=\u00a0\u00bb{}\u00a0\u00bb][et_pb_column type=\u00a0\u00bb4_4&Prime; _builder_version=\u00a0\u00bb4.16&Prime; custom_padding=\u00a0\u00bb|||\u00a0\u00bb global_colors_info=\u00a0\u00bb{}\u00a0\u00bb custom_padding__hover=\u00a0\u00bb|||\u00a0\u00bb][et_pb_text _builder_version=\u00a0\u00bb4.25.2&Prime; hover_enabled=\u00a0\u00bb0&Prime; [&hellip;]","og_url":"https:\/\/nakonhakaucc.ca\/fr\/programmes\/reseau-vivre-en-relations-justes\/initiative-respect-kanoronhkwatshera\/culture-et-developpement-durable\/","og_site_name":"Conseil r\u00e9gional Nakonha:ka","article_modified_time":"2024-07-02T17:41:25+00:00","twitter_card":"summary_large_image","twitter_misc":{"Dur\u00e9e de lecture estim\u00e9e":"3 minutes"},"schema":{"@context":"https:\/\/schema.org","@graph":[{"@type":"WebPage","@id":"https:\/\/nakonhakaucc.ca\/fr\/programmes\/reseau-vivre-en-relations-justes\/initiative-respect-kanoronhkwatshera\/culture-et-developpement-durable\/","url":"https:\/\/nakonhakaucc.ca\/fr\/programmes\/reseau-vivre-en-relations-justes\/initiative-respect-kanoronhkwatshera\/culture-et-developpement-durable\/","name":"Culture et d\u00e9veloppement durable - Conseil r\u00e9gional Nakonha:ka","isPartOf":{"@id":"https:\/\/nakonhakaucc.ca\/fr\/#website"},"datePublished":"2024-07-02T17:41:22+00:00","dateModified":"2024-07-02T17:41:25+00:00","breadcrumb":{"@id":"https:\/\/nakonhakaucc.ca\/fr\/programmes\/reseau-vivre-en-relations-justes\/initiative-respect-kanoronhkwatshera\/culture-et-developpement-durable\/#breadcrumb"},"inLanguage":"fr-FR","potentialAction":[{"@type":"ReadAction","target":["https:\/\/nakonhakaucc.ca\/fr\/programmes\/reseau-vivre-en-relations-justes\/initiative-respect-kanoronhkwatshera\/culture-et-developpement-durable\/"]}]},{"@type":"BreadcrumbList","@id":"https:\/\/nakonhakaucc.ca\/fr\/programmes\/reseau-vivre-en-relations-justes\/initiative-respect-kanoronhkwatshera\/culture-et-developpement-durable\/#breadcrumb","itemListElement":[{"@type":"ListItem","position":1,"name":"Accueil","item":"https:\/\/nakonhakaucc.ca\/fr\/"},{"@type":"ListItem","position":2,"name":"Programmes et r\u00e9seaux","item":"https:\/\/nakonhakaucc.ca\/fr\/programmes\/"},{"@type":"ListItem","position":3,"name":"Cercle Vivre en relations justes","item":"https:\/\/nakonhakaucc.ca\/fr\/programmes\/reseau-vivre-en-relations-justes\/"},{"@type":"ListItem","position":4,"name":"Initiative Respect &amp; Kanoronhkw\u00e1tshera","item":"https:\/\/nakonhakaucc.ca\/fr\/programmes\/reseau-vivre-en-relations-justes\/initiative-respect-kanoronhkwatshera\/"},{"@type":"ListItem","position":5,"name":"Culture et d\u00e9veloppement durable"}]},{"@type":"WebSite","@id":"https:\/\/nakonhakaucc.ca\/fr\/#website","url":"https:\/\/nakonhakaucc.ca\/fr\/","name":"Conseil r\u00e9gional Nakonha:ka","description":"site web Nakonha:ka (r\u00e9gion 13 de l&#039;\u00c9glise Unie du Canada)","potentialAction":[{"@type":"SearchAction","target":{"@type":"EntryPoint","urlTemplate":"https:\/\/nakonhakaucc.ca\/fr\/?s={search_term_string}"},"query-input":{"@type":"PropertyValueSpecification","valueRequired":true,"valueName":"search_term_string"}}],"inLanguage":"fr-FR"}]}},"ticketed":false,"_links":{"self":[{"href":"https:\/\/nakonhakaucc.ca\/fr\/wp-json\/wp\/v2\/pages\/8281","targetHints":{"allow":["GET"]}}],"collection":[{"href":"https:\/\/nakonhakaucc.ca\/fr\/wp-json\/wp\/v2\/pages"}],"about":[{"href":"https:\/\/nakonhakaucc.ca\/fr\/wp-json\/wp\/v2\/types\/page"}],"author":[{"embeddable":true,"href":"https:\/\/nakonhakaucc.ca\/fr\/wp-json\/wp\/v2\/users\/17"}],"replies":[{"embeddable":true,"href":"https:\/\/nakonhakaucc.ca\/fr\/wp-json\/wp\/v2\/comments?post=8281"}],"version-history":[{"count":2,"href":"https:\/\/nakonhakaucc.ca\/fr\/wp-json\/wp\/v2\/pages\/8281\/revisions"}],"predecessor-version":[{"id":8286,"href":"https:\/\/nakonhakaucc.ca\/fr\/wp-json\/wp\/v2\/pages\/8281\/revisions\/8286"}],"up":[{"embeddable":true,"href":"https:\/\/nakonhakaucc.ca\/fr\/wp-json\/wp\/v2\/pages\/7595"}],"wp:attachment":[{"href":"https:\/\/nakonhakaucc.ca\/fr\/wp-json\/wp\/v2\/media?parent=8281"}],"curies":[{"name":"wp","href":"https:\/\/api.w.org\/{rel}","templated":true}]}}