{"id":8335,"date":"2024-07-03T11:41:38","date_gmt":"2024-07-03T15:41:38","guid":{"rendered":"https:\/\/nakonhakaucc.ca\/fr\/?page_id=8335"},"modified":"2024-07-03T11:46:44","modified_gmt":"2024-07-03T15:46:44","slug":"protection-de-lenfance","status":"publish","type":"page","link":"https:\/\/nakonhakaucc.ca\/fr\/programmes\/reseau-vivre-en-relations-justes\/initiative-respect-kanoronhkwatshera\/protection-de-lenfance\/","title":{"rendered":"Protection de l\u2019enfance"},"content":{"rendered":"<p>[et_pb_section fb_built=\u00a0\u00bb1&Prime; _builder_version=\u00a0\u00bb4.16&Prime; global_colors_info=\u00a0\u00bb{}\u00a0\u00bb][et_pb_row _builder_version=\u00a0\u00bb4.16&Prime; background_size=\u00a0\u00bbinitial\u00a0\u00bb background_position=\u00a0\u00bbtop_left\u00a0\u00bb background_repeat=\u00a0\u00bbrepeat\u00a0\u00bb global_colors_info=\u00a0\u00bb{}\u00a0\u00bb][et_pb_column type=\u00a0\u00bb4_4&Prime; _builder_version=\u00a0\u00bb4.16&Prime; custom_padding=\u00a0\u00bb|||\u00a0\u00bb global_colors_info=\u00a0\u00bb{}\u00a0\u00bb custom_padding__hover=\u00a0\u00bb|||\u00a0\u00bb][et_pb_text _builder_version=\u00a0\u00bb4.25.2&Prime; global_colors_info=\u00a0\u00bb{}\u00a0\u00bb]<\/p>\n<h1>Protection de l\u2019enfance<\/h1>\n<p>[\/et_pb_text][\/et_pb_column][\/et_pb_row][et_pb_row column_structure=\u00a0\u00bb1_4,3_4&Prime; _builder_version=\u00a0\u00bb4.16&Prime; background_size=\u00a0\u00bbinitial\u00a0\u00bb background_position=\u00a0\u00bbtop_left\u00a0\u00bb background_repeat=\u00a0\u00bbrepeat\u00a0\u00bb global_colors_info=\u00a0\u00bb{}\u00a0\u00bb][et_pb_column type=\u00a0\u00bb1_4&Prime; _builder_version=\u00a0\u00bb4.16&Prime; custom_padding=\u00a0\u00bb|||\u00a0\u00bb global_colors_info=\u00a0\u00bb{}\u00a0\u00bb custom_padding__hover=\u00a0\u00bb|||\u00a0\u00bb][et_pb_text _builder_version=\u00a0\u00bb4.24.3&Prime; _module_preset=\u00a0\u00bbdefault\u00a0\u00bb global_colors_info=\u00a0\u00bb{}\u00a0\u00bb]<\/p>\n<h4>DERNI\u00c8RES NOUVELLES<\/h4>\n<p>[\/et_pb_text][et_pb_divider _builder_version=\u00a0\u00bb4.16&Prime; global_colors_info=\u00a0\u00bb{}\u00a0\u00bb][\/et_pb_divider][et_pb_blog posts_number=\u00a0\u00bb1&Prime; include_categories=\u00a0\u00bb109&Prime; show_thumbnail=\u00a0\u00bboff\u00a0\u00bb excerpt_length=\u00a0\u00bb148&Prime; show_more=\u00a0\u00bbon\u00a0\u00bb show_categories=\u00a0\u00bboff\u00a0\u00bb _builder_version=\u00a0\u00bb4.24.3&Prime; _module_preset=\u00a0\u00bbdefault\u00a0\u00bb header_level=\u00a0\u00bbh4&Prime; global_colors_info=\u00a0\u00bb{}\u00a0\u00bb][\/et_pb_blog][et_pb_divider _builder_version=\u00a0\u00bb4.16&Prime; global_colors_info=\u00a0\u00bb{}\u00a0\u00bb][\/et_pb_divider][et_pb_button button_url=\u00a0\u00bbhttps:\/\/nakonhakaucc.ca\/fr\/programmes\/reseau-vivre-en-relations-justes\/initiative-respect-kanoronhkwatshera\/\u00a0\u00bb button_text=\u00a0\u00bbAutres ressources\u00a0\u00bb admin_label=\u00a0\u00bbBouton &#8211; autres ressources\u00a0\u00bb _builder_version=\u00a0\u00bb4.25.2&Prime; _module_preset=\u00a0\u00bbdefault\u00a0\u00bb custom_button=\u00a0\u00bbon\u00a0\u00bb button_bg_color=\u00a0\u00bb#CCCCCC\u00a0\u00bb global_colors_info=\u00a0\u00bb{}\u00a0\u00bb][\/et_pb_button][\/et_pb_column][et_pb_column type=\u00a0\u00bb3_4&Prime; _builder_version=\u00a0\u00bb4.16&Prime; custom_padding=\u00a0\u00bb|||\u00a0\u00bb global_colors_info=\u00a0\u00bb{}\u00a0\u00bb custom_padding__hover=\u00a0\u00bb|||\u00a0\u00bb][et_pb_text admin_label=\u00a0\u00bbTexte &#8211; RESSOURCES\u00a0\u00bb _builder_version=\u00a0\u00bb4.25.2&Prime; global_colors_info=\u00a0\u00bb{}\u00a0\u00bb]<\/p>\n<h4>RESSOURCES<\/h4>\n<p>[\/et_pb_text][et_pb_divider _builder_version=\u00a0\u00bb4.16&Prime; global_colors_info=\u00a0\u00bb{}\u00a0\u00bb][\/et_pb_divider][et_pb_text admin_label=\u00a0\u00bbTexte-Protection de l\u2019enfance\u00a0\u00bb _builder_version=\u00a0\u00bb4.25.2&Prime; _module_preset=\u00a0\u00bbdefault\u00a0\u00bb hover_enabled=\u00a0\u00bb0&Prime; global_colors_info=\u00a0\u00bb{}\u00a0\u00bb sticky_enabled=\u00a0\u00bb0&Prime;]<\/p>\n<p><strong>Campaign 2000<\/strong> (Toronto, ON)<br \/>Mener et soutenir des campagnes de sensibilisation pour mettre fin \u00e0 la pauvret\u00e9 des enfants et des familles au Canada.<br \/>355 rue Church, Toronto, ON, M5B 0B2<br \/><em><a href=\"m&#97;&#x69;&#x6c;t&#111;&#x3a;&#x63;a&#109;&#x70;&#x61;i&#103;&#x6e;&#x32;0&#48;&#x30;&#x40;f&#97;&#109;&#x69;&#x6c;y&#115;&#x65;&#x72;v&#105;&#x63;&#x65;t&#111;&#x72;&#x6f;n&#116;&#x6f;&#x2e;o&#114;&#x67;\">&#99;&#x61;&#109;&#x70;&#97;&#x69;&#103;&#x6e;&#50;&#x30;&#48;&#x30;&#64;&#x66;&#97;&#x6d;&#105;&#x6c;&#121;&#x73;&#101;&#x72;&#118;&#x69;&#99;&#x65;t&#x6f;r&#x6f;n&#x74;o&#x2e;o&#x72;g<\/a><br \/><\/em><em><a href=\"https:\/\/campaign2000.ca\/en-francais\/\">https:\/\/campaign2000.ca\/en-francais\/<\/a><\/em><\/p>\n<p><strong>Centre de la petite enfance Soleil Le Vent<\/strong> (Tiohti\u00e0:ke\u00a0\/\u00a0MO\u0245IAK, QC)<br \/>Nous sommes un centre de garde d&rsquo;enfants autochtones. Notre mission est d&rsquo;offrir des programmes \u00e9ducatifs et culturels de qualit\u00e9 aux enfants des Premi\u00e8res nations, des Inuits et des M\u00e9tis \u00e2g\u00e9s de 3 mois \u00e0 5 ans.<br \/>600 boul. Desmarchais, Verdun, QC, H4h 1S6<br \/>514-769-9355<br \/><em><a href=\"mail&#116;&#111;&#58;&#100;&#105;&#x72;&#x65;&#x63;&#x74;&#x6f;&#x72;&#x40;cper&#105;&#115;&#105;&#110;&#103;&#x73;&#x75;&#x6e;&#x2e;&#x63;&#x61;\">&#x64;&#x69;&#x72;&#x65;&#99;&#116;&#111;r&#64;&#x63;&#x70;&#x65;&#x72;&#x69;&#115;&#105;&#110;gs&#x75;&#x6e;&#x2e;&#x63;&#x61;<\/a> <\/em><\/p>\n<p><strong>Le foyer pour femmes autochtones de Montr\u00e9al<\/strong> (Tiohti\u00e0:ke\u00a0\/\u00a0MO\u0245IAK, QC)<br \/>H\u00e9bergement, nourriture, v\u00eatements, aide \u00e0 l&rsquo;obtention d&rsquo;une aide financi\u00e8re et d&rsquo;un logement \u00e0 loyer mod\u00e9r\u00e9, obtention des papiers d&rsquo;identit\u00e9, services de d\u00e9fense, th\u00e9rapie de groupe, cercles de gu\u00e9rison, ateliers.<br \/>Bo\u00eete postale 183, Station Saint-Jacques, Montr\u00e9al, QC, H3C 2S1<br \/>514-933-5747<br \/><em><a href=\"&#x6d;&#97;&#105;l&#x74;&#x6f;&#58;n&#x61;&#x6b;&#117;s&#x65;&#x74;&#64;g&#x6d;&#x61;&#105;l&#x2e;&#x63;&#111;m\">n&#97;&#x6b;&#x75;s&#101;&#116;&#x40;&#x67;m&#97;&#x69;&#x6c;&#46;&#99;&#111;&#x6d;<\/a><br \/><\/em><em><a href=\"https:\/\/ffamfr.squarespace.com\/\">https:\/\/ffamfr.squarespace.com\/<\/a><\/em><\/p>\n<p><strong>Grands Fr\u00e8res Grandes S\u0153urs Montr\u00e9al<\/strong> (Tiohti\u00e0:ke\u00a0\/\u00a0MO\u0245IAK, QC)<br \/>Mentorat propos\u00e9 aux jeunes autochtones.<br \/>3155 rue Hochelaga, bureau 202, Montr\u00e9al, QC, H1W 1G4<br \/>514-842-9715<br \/><em><a href=\"&#109;&#x61;&#105;&#x6c;&#116;&#x6f;&#58;&#x6d;&#111;&#x6e;&#116;&#x72;e&#x61;l&#x40;g&#x72;a&#x6e;d&#x66;r&#101;&#x72;&#101;&#x73;&#103;&#x72;&#97;&#x6e;&#100;&#x65;&#115;&#x73;&#111;&#x65;u&#x72;s&#x2e;c&#x61;\">&#109;&#x6f;&#x6e;t&#114;&#x65;a&#108;&#x40;g&#114;&#x61;n&#100;&#x66;&#x72;&#101;&#x72;&#x65;s&#103;&#x72;a&#110;&#x64;e&#115;&#x73;&#x6f;&#101;&#x75;&#x72;s&#46;&#x63;a<\/a><br \/><\/em><em><a href=\"https:\/\/gfgsmtl.qc.ca\/\">https:\/\/gfgsmtl.qc.ca\/<\/a><\/em><\/p>\n<p><strong>Programme de soutiens pour les familles<\/strong> (Tiohti\u00e0:ke\u00a0\/\u00a0MO\u0245IAK, QC)<br \/>Protection de la jeunesse, conseils individuels, accompagnement, orientation vers des services.<br \/>Bo\u00eete postale 183, Station Saint-Jacques, Montr\u00e9al, QC, H3C 2S1<br \/><em><a href=\"&#x6d;a&#x69;&#108;&#x74;&#111;&#x3a;&#x73;a&#x72;&#97;&#x68;&#97;&#x6e;&#119;s&#x6d;&#64;&#x67;&#109;&#x61;&#105;l&#x2e;&#99;&#x6f;&#109;\">&#x73;&#97;r&#x61;&#x68;&#97;n&#x77;&#x73;&#109;&#64;&#x67;&#x6d;&#97;i&#x6c;&#x2e;&#99;o&#x6d;<\/a><br \/><\/em><em><a href=\"https:\/\/ffamfr.squarespace.com\/fr\/soutiensfamilles\">https:\/\/ffamfr.squarespace.com\/fr\/soutiensfamilles<\/a><\/em><\/p>\n<p><strong>R\u00e9seau Jeunesse des Premi\u00e8res Nations Qu\u00e9bec-Labrador<\/strong> (Wendake, QC)<br \/>Information et soutien aux jeunes des Premi\u00e8res Nations sur les diff\u00e9rentes possibilit\u00e9s qui s&rsquo;offrent \u00e0 eux. Soutien \u00e0 la cr\u00e9ation de comit\u00e9s de jeunes dans les communaut\u00e9s indig\u00e8nes.<br \/>430 rue Chef Stanislas Koska, Wendake, Capitale-Nationale, QC, G0A 4V0<br \/>581-996-1123<br \/><em><a href=\"mai&#108;&#116;&#111;&#x3a;&#x69;&#x6e;&#x66;&#x6f;&#x40;rjp&#110;&#113;&#108;&#46;&#x63;&#x6f;&#x6d;\">&#x69;&#x6e;&#x66;&#x6f;&#x40;&#x72;&#x6a;&#x70;&#x6e;&#x71;&#x6c;&#x2e;&#x63;&#x6f;&#109;<\/a><br \/><\/em><em><a href=\"https:\/\/rjpnql.com\/\">https:\/\/rjpnql.com\/<\/a><\/em><\/p>\n<p><strong>Services aux Autochtones Canada-Programmes sociaux<\/strong> (Canada)<br \/>D\u00e9couvrez les principaux programmes sociaux financ\u00e9s par Services aux Autochtones Canada dans les communaut\u00e9s des Premi\u00e8res Nations, ainsi que les autres services de soutien offerts aux familles inuites.<br \/>10 rue Wellington, Gatineau, QC, K1A 0H4<br \/><em><a href=\"https:\/\/www.sac-isc.gc.ca\/fra\/\">https:\/\/www.sac-isc.gc.ca\/fra\/<\/a><\/em><\/p>\n<p><strong>Tasiutigiit<\/strong> (Tiohti\u00e0:ke\u00a0\/\u00a0MO\u0245IAK, QC)<br \/>Tasiutigiit est un groupe d&rsquo;amiti\u00e9 et de soutien pour les familles interculturelles d&rsquo;enfants inuits et autochtones de la r\u00e9gion m\u00e9tropolitaine de Montr\u00e9al.<br \/><em><a href=\"https:\/\/tasiutigiit.org\/?lang=fr\">https:\/\/tasiutigiit.org\/?lang=fr<\/a><\/em><\/p>\n<p>[\/et_pb_text][et_pb_button button_url=\u00a0\u00bbhttps:\/\/nakonhakaucc.ca\/fr\/wp-content\/uploads\/sites\/2\/2024\/07\/2024-ChildWelfare-RK-LIRR-F.pdf\u00a0\u00bb button_text=\u00a0\u00bbT\u00e9l\u00e9chargez Protection de l\u2019enfance (PDF)\u00a0\u00bb admin_label=\u00a0\u00bbBouton &#8211; t\u00e9l\u00e9chargez PDF\u00a0\u00bb _builder_version=\u00a0\u00bb4.25.2&Prime; _module_preset=\u00a0\u00bbdefault\u00a0\u00bb global_colors_info=\u00a0\u00bb{}\u00a0\u00bb][\/et_pb_button][et_pb_divider _builder_version=\u00a0\u00bb4.16&Prime; global_colors_info=\u00a0\u00bb{}\u00a0\u00bb][\/et_pb_divider][et_pb_text admin_label=\u00a0\u00bbReconnaissance du territoire\u00a0\u00bb _builder_version=\u00a0\u00bb4.25.2&Prime; _module_preset=\u00a0\u00bbdefault\u00a0\u00bb global_colors_info=\u00a0\u00bb{}\u00a0\u00bb]<\/p>\n<p><em>Montr\u00e9al, QC est connu sous le nom de Tiohti\u00e0:ke en Kanien&rsquo;k\u00e9ha et MO\u0245IAK (Mooniyang) en Anishnabemowin.<\/em><\/p>\n<p><em>(Ressources compil\u00e9es par l&rsquo;initiative <a href=\"https:\/\/nakonhakaucc.ca\/fr\/programmes\/reseau-vivre-en-relations-justes\/initiative-respect-kanoronhkwatshera\/\">Respect &amp; Kanoronhkw\u00e1tshera<\/a>)<\/em><\/p>\n<p>[\/et_pb_text][et_pb_image src=\u00a0\u00bbhttps:\/\/nakonhakaucc.ca\/fr\/wp-content\/uploads\/sites\/2\/2024\/04\/RK-LIRR-footer-FR.jpg\u00a0\u00bb alt=\u00a0\u00bbremerciements au fondation de l&rsquo;\u00c9glise Unie du Canada et Conseil r\u00e9gional Nakonha:ka\u00a0\u00bb title_text=\u00a0\u00bbRK-LIRR-footer-FR\u00a0\u00bb _builder_version=\u00a0\u00bb4.24.3&Prime; _module_preset=\u00a0\u00bbdefault\u00a0\u00bb global_colors_info=\u00a0\u00bb{}\u00a0\u00bb][\/et_pb_image][\/et_pb_column][\/et_pb_row][\/et_pb_section][et_pb_section fb_built=\u00a0\u00bb1&Prime; admin_label=\u00a0\u00bbCall To Action Box\u00a0\u00bb module_class=\u00a0\u00bbsub-call-to-action\u00a0\u00bb _builder_version=\u00a0\u00bb3.19.18&Prime; background_image=\u00a0\u00bbhttps:\/\/ucc-regions-1.apluspc.ca\/wp-content\/uploads\/2018\/11\/call-to-action-bg.jpg\u00a0\u00bb custom_css_main_element=\u00a0\u00bbdisplay: none !important;\u00a0\u00bb global_module=\u00a0\u00bb496&Prime; global_colors_info=\u00a0\u00bb{}\u00a0\u00bb][et_pb_row _builder_version=\u00a0\u00bb4.16&Prime; background_size=\u00a0\u00bbinitial\u00a0\u00bb background_position=\u00a0\u00bbtop_left\u00a0\u00bb background_repeat=\u00a0\u00bbrepeat\u00a0\u00bb global_colors_info=\u00a0\u00bb{}\u00a0\u00bb][et_pb_column type=\u00a0\u00bb4_4&Prime; _builder_version=\u00a0\u00bb4.16&Prime; custom_padding=\u00a0\u00bb|||\u00a0\u00bb global_colors_info=\u00a0\u00bb{}\u00a0\u00bb custom_padding__hover=\u00a0\u00bb|||\u00a0\u00bb][et_pb_text admin_label=\u00a0\u00bbGlobal Call to Action Title and Text\u00a0\u00bb _builder_version=\u00a0\u00bb4.16&Prime; global_colors_info=\u00a0\u00bb{}\u00a0\u00bb]<\/p>\n<h3>Call to Action<\/h3>\n<p>Lorem ipsum dolor sit amet, consectetur adipiscing elit. Praesent ultrices dui, accumsan iaculis neque blandit quis. Nam ut dolor tempus, porttitor sem a, hendrerit libero. Ut lacinia congue massa sit amet lacinia. Suspendisse vel efficitur est.<\/p>\n<p>\u00a0<\/p>\n<p>[\/et_pb_text][et_pb_button button_url=\u00a0\u00bb#\u00a0\u00bb button_text=\u00a0\u00bbLearn More\u00a0\u00bb button_alignment=\u00a0\u00bbcenter\u00a0\u00bb admin_label=\u00a0\u00bbGlobal Call to Action Button\u00a0\u00bb module_id=\u00a0\u00bbwhite-button-blue-text\u00a0\u00bb module_class=\u00a0\u00bbsub-cta-button\u00a0\u00bb _builder_version=\u00a0\u00bb4.16&Prime; global_colors_info=\u00a0\u00bb{}\u00a0\u00bb][\/et_pb_button][\/et_pb_column][\/et_pb_row][\/et_pb_section]<\/p>\n","protected":false},"excerpt":{"rendered":"<p>[et_pb_section fb_built=\u00a0\u00bb1&Prime; _builder_version=\u00a0\u00bb4.16&Prime; global_colors_info=\u00a0\u00bb{}\u00a0\u00bb][et_pb_row _builder_version=\u00a0\u00bb4.16&Prime; background_size=\u00a0\u00bbinitial\u00a0\u00bb background_position=\u00a0\u00bbtop_left\u00a0\u00bb background_repeat=\u00a0\u00bbrepeat\u00a0\u00bb global_colors_info=\u00a0\u00bb{}\u00a0\u00bb][et_pb_column type=\u00a0\u00bb4_4&Prime; _builder_version=\u00a0\u00bb4.16&Prime; custom_padding=\u00a0\u00bb|||\u00a0\u00bb global_colors_info=\u00a0\u00bb{}\u00a0\u00bb custom_padding__hover=\u00a0\u00bb|||\u00a0\u00bb][et_pb_text _builder_version=\u00a0\u00bb4.25.2&Prime; global_colors_info=\u00a0\u00bb{}\u00a0\u00bb] [&hellip;]<\/p>\n","protected":false},"author":17,"featured_media":0,"parent":7595,"menu_order":2,"comment_status":"closed","ping_status":"closed","template":"","meta":{"_acf_changed":false,"_et_pb_use_builder":"on","_et_pb_old_content":"","_et_gb_content_width":"","_exactmetrics_skip_tracking":false,"_exactmetrics_sitenote_active":false,"_exactmetrics_sitenote_note":"","_exactmetrics_sitenote_category":0,"_price":"","_stock":"","_tribe_ticket_header":"","_tribe_default_ticket_provider":"","_tribe_ticket_capacity":"0","_ticket_start_date":"","_ticket_end_date":"","_tribe_ticket_show_description":"","_tribe_ticket_show_not_going":false,"_tribe_ticket_use_global_stock":"","_tribe_ticket_global_stock_level":"","_global_stock_mode":"","_global_stock_cap":"","_tribe_rsvp_for_event":"","_tribe_ticket_going_count":"","_tribe_ticket_not_going_count":"","_tribe_tickets_list":"[]","_tribe_ticket_has_attendee_info_fields":false,"footnotes":"","_tec_slr_enabled":"","_tec_slr_layout":""},"class_list":["post-8335","page","type-page","status-publish","hentry"],"acf":[],"yoast_head":"<!-- This site is optimized with the Yoast SEO plugin v27.4 - https:\/\/yoast.com\/product\/yoast-seo-wordpress\/ -->\n<title>Protection de l\u2019enfance - Conseil r\u00e9gional Nakonha:ka<\/title>\n<meta name=\"robots\" content=\"index, follow, max-snippet:-1, max-image-preview:large, max-video-preview:-1\" \/>\n<link rel=\"canonical\" href=\"https:\/\/nakonhakaucc.ca\/fr\/programmes\/reseau-vivre-en-relations-justes\/initiative-respect-kanoronhkwatshera\/protection-de-lenfance\/\" \/>\n<meta property=\"og:locale\" content=\"fr_FR\" \/>\n<meta property=\"og:type\" content=\"article\" \/>\n<meta property=\"og:title\" content=\"Protection de l\u2019enfance - Conseil r\u00e9gional Nakonha:ka\" \/>\n<meta property=\"og:description\" content=\"[et_pb_section fb_built=\u00a0\u00bb1&Prime; _builder_version=\u00a0\u00bb4.16&Prime; global_colors_info=\u00a0\u00bb{}\u00a0\u00bb][et_pb_row _builder_version=\u00a0\u00bb4.16&Prime; background_size=\u00a0\u00bbinitial\u00a0\u00bb background_position=\u00a0\u00bbtop_left\u00a0\u00bb background_repeat=\u00a0\u00bbrepeat\u00a0\u00bb global_colors_info=\u00a0\u00bb{}\u00a0\u00bb][et_pb_column type=\u00a0\u00bb4_4&Prime; _builder_version=\u00a0\u00bb4.16&Prime; custom_padding=\u00a0\u00bb|||\u00a0\u00bb global_colors_info=\u00a0\u00bb{}\u00a0\u00bb custom_padding__hover=\u00a0\u00bb|||\u00a0\u00bb][et_pb_text _builder_version=\u00a0\u00bb4.25.2&Prime; global_colors_info=\u00a0\u00bb{}\u00a0\u00bb] [&hellip;]\" \/>\n<meta property=\"og:url\" content=\"https:\/\/nakonhakaucc.ca\/fr\/programmes\/reseau-vivre-en-relations-justes\/initiative-respect-kanoronhkwatshera\/protection-de-lenfance\/\" \/>\n<meta property=\"og:site_name\" content=\"Conseil r\u00e9gional Nakonha:ka\" \/>\n<meta property=\"article:modified_time\" content=\"2024-07-03T15:46:44+00:00\" \/>\n<meta name=\"twitter:card\" content=\"summary_large_image\" \/>\n<meta name=\"twitter:label1\" content=\"Dur\u00e9e de lecture estim\u00e9e\" \/>\n\t<meta name=\"twitter:data1\" content=\"3 minutes\" \/>\n<script type=\"application\/ld+json\" class=\"yoast-schema-graph\">{\"@context\":\"https:\\\/\\\/schema.org\",\"@graph\":[{\"@type\":\"WebPage\",\"@id\":\"https:\\\/\\\/nakonhakaucc.ca\\\/fr\\\/programmes\\\/reseau-vivre-en-relations-justes\\\/initiative-respect-kanoronhkwatshera\\\/protection-de-lenfance\\\/\",\"url\":\"https:\\\/\\\/nakonhakaucc.ca\\\/fr\\\/programmes\\\/reseau-vivre-en-relations-justes\\\/initiative-respect-kanoronhkwatshera\\\/protection-de-lenfance\\\/\",\"name\":\"Protection de l\u2019enfance - Conseil r\u00e9gional Nakonha:ka\",\"isPartOf\":{\"@id\":\"https:\\\/\\\/nakonhakaucc.ca\\\/fr\\\/#website\"},\"datePublished\":\"2024-07-03T15:41:38+00:00\",\"dateModified\":\"2024-07-03T15:46:44+00:00\",\"breadcrumb\":{\"@id\":\"https:\\\/\\\/nakonhakaucc.ca\\\/fr\\\/programmes\\\/reseau-vivre-en-relations-justes\\\/initiative-respect-kanoronhkwatshera\\\/protection-de-lenfance\\\/#breadcrumb\"},\"inLanguage\":\"fr-FR\",\"potentialAction\":[{\"@type\":\"ReadAction\",\"target\":[\"https:\\\/\\\/nakonhakaucc.ca\\\/fr\\\/programmes\\\/reseau-vivre-en-relations-justes\\\/initiative-respect-kanoronhkwatshera\\\/protection-de-lenfance\\\/\"]}]},{\"@type\":\"BreadcrumbList\",\"@id\":\"https:\\\/\\\/nakonhakaucc.ca\\\/fr\\\/programmes\\\/reseau-vivre-en-relations-justes\\\/initiative-respect-kanoronhkwatshera\\\/protection-de-lenfance\\\/#breadcrumb\",\"itemListElement\":[{\"@type\":\"ListItem\",\"position\":1,\"name\":\"Accueil\",\"item\":\"https:\\\/\\\/nakonhakaucc.ca\\\/fr\\\/\"},{\"@type\":\"ListItem\",\"position\":2,\"name\":\"Programmes et r\u00e9seaux\",\"item\":\"https:\\\/\\\/nakonhakaucc.ca\\\/fr\\\/programmes\\\/\"},{\"@type\":\"ListItem\",\"position\":3,\"name\":\"Cercle Vivre en relations justes\",\"item\":\"https:\\\/\\\/nakonhakaucc.ca\\\/fr\\\/programmes\\\/reseau-vivre-en-relations-justes\\\/\"},{\"@type\":\"ListItem\",\"position\":4,\"name\":\"Initiative Respect &amp; Kanoronhkw\u00e1tshera\",\"item\":\"https:\\\/\\\/nakonhakaucc.ca\\\/fr\\\/programmes\\\/reseau-vivre-en-relations-justes\\\/initiative-respect-kanoronhkwatshera\\\/\"},{\"@type\":\"ListItem\",\"position\":5,\"name\":\"Protection de l\u2019enfance\"}]},{\"@type\":\"WebSite\",\"@id\":\"https:\\\/\\\/nakonhakaucc.ca\\\/fr\\\/#website\",\"url\":\"https:\\\/\\\/nakonhakaucc.ca\\\/fr\\\/\",\"name\":\"Conseil r\u00e9gional Nakonha:ka\",\"description\":\"site web Nakonha:ka (r\u00e9gion 13 de l&#039;\u00c9glise Unie du Canada)\",\"potentialAction\":[{\"@type\":\"SearchAction\",\"target\":{\"@type\":\"EntryPoint\",\"urlTemplate\":\"https:\\\/\\\/nakonhakaucc.ca\\\/fr\\\/?s={search_term_string}\"},\"query-input\":{\"@type\":\"PropertyValueSpecification\",\"valueRequired\":true,\"valueName\":\"search_term_string\"}}],\"inLanguage\":\"fr-FR\"}]}<\/script>\n<!-- \/ Yoast SEO plugin. -->","yoast_head_json":{"title":"Protection de l\u2019enfance - Conseil r\u00e9gional Nakonha:ka","robots":{"index":"index","follow":"follow","max-snippet":"max-snippet:-1","max-image-preview":"max-image-preview:large","max-video-preview":"max-video-preview:-1"},"canonical":"https:\/\/nakonhakaucc.ca\/fr\/programmes\/reseau-vivre-en-relations-justes\/initiative-respect-kanoronhkwatshera\/protection-de-lenfance\/","og_locale":"fr_FR","og_type":"article","og_title":"Protection de l\u2019enfance - Conseil r\u00e9gional Nakonha:ka","og_description":"[et_pb_section fb_built=\u00a0\u00bb1&Prime; _builder_version=\u00a0\u00bb4.16&Prime; global_colors_info=\u00a0\u00bb{}\u00a0\u00bb][et_pb_row _builder_version=\u00a0\u00bb4.16&Prime; background_size=\u00a0\u00bbinitial\u00a0\u00bb background_position=\u00a0\u00bbtop_left\u00a0\u00bb background_repeat=\u00a0\u00bbrepeat\u00a0\u00bb global_colors_info=\u00a0\u00bb{}\u00a0\u00bb][et_pb_column type=\u00a0\u00bb4_4&Prime; _builder_version=\u00a0\u00bb4.16&Prime; custom_padding=\u00a0\u00bb|||\u00a0\u00bb global_colors_info=\u00a0\u00bb{}\u00a0\u00bb custom_padding__hover=\u00a0\u00bb|||\u00a0\u00bb][et_pb_text _builder_version=\u00a0\u00bb4.25.2&Prime; global_colors_info=\u00a0\u00bb{}\u00a0\u00bb] [&hellip;]","og_url":"https:\/\/nakonhakaucc.ca\/fr\/programmes\/reseau-vivre-en-relations-justes\/initiative-respect-kanoronhkwatshera\/protection-de-lenfance\/","og_site_name":"Conseil r\u00e9gional Nakonha:ka","article_modified_time":"2024-07-03T15:46:44+00:00","twitter_card":"summary_large_image","twitter_misc":{"Dur\u00e9e de lecture estim\u00e9e":"3 minutes"},"schema":{"@context":"https:\/\/schema.org","@graph":[{"@type":"WebPage","@id":"https:\/\/nakonhakaucc.ca\/fr\/programmes\/reseau-vivre-en-relations-justes\/initiative-respect-kanoronhkwatshera\/protection-de-lenfance\/","url":"https:\/\/nakonhakaucc.ca\/fr\/programmes\/reseau-vivre-en-relations-justes\/initiative-respect-kanoronhkwatshera\/protection-de-lenfance\/","name":"Protection de l\u2019enfance - Conseil r\u00e9gional Nakonha:ka","isPartOf":{"@id":"https:\/\/nakonhakaucc.ca\/fr\/#website"},"datePublished":"2024-07-03T15:41:38+00:00","dateModified":"2024-07-03T15:46:44+00:00","breadcrumb":{"@id":"https:\/\/nakonhakaucc.ca\/fr\/programmes\/reseau-vivre-en-relations-justes\/initiative-respect-kanoronhkwatshera\/protection-de-lenfance\/#breadcrumb"},"inLanguage":"fr-FR","potentialAction":[{"@type":"ReadAction","target":["https:\/\/nakonhakaucc.ca\/fr\/programmes\/reseau-vivre-en-relations-justes\/initiative-respect-kanoronhkwatshera\/protection-de-lenfance\/"]}]},{"@type":"BreadcrumbList","@id":"https:\/\/nakonhakaucc.ca\/fr\/programmes\/reseau-vivre-en-relations-justes\/initiative-respect-kanoronhkwatshera\/protection-de-lenfance\/#breadcrumb","itemListElement":[{"@type":"ListItem","position":1,"name":"Accueil","item":"https:\/\/nakonhakaucc.ca\/fr\/"},{"@type":"ListItem","position":2,"name":"Programmes et r\u00e9seaux","item":"https:\/\/nakonhakaucc.ca\/fr\/programmes\/"},{"@type":"ListItem","position":3,"name":"Cercle Vivre en relations justes","item":"https:\/\/nakonhakaucc.ca\/fr\/programmes\/reseau-vivre-en-relations-justes\/"},{"@type":"ListItem","position":4,"name":"Initiative Respect &amp; Kanoronhkw\u00e1tshera","item":"https:\/\/nakonhakaucc.ca\/fr\/programmes\/reseau-vivre-en-relations-justes\/initiative-respect-kanoronhkwatshera\/"},{"@type":"ListItem","position":5,"name":"Protection de l\u2019enfance"}]},{"@type":"WebSite","@id":"https:\/\/nakonhakaucc.ca\/fr\/#website","url":"https:\/\/nakonhakaucc.ca\/fr\/","name":"Conseil r\u00e9gional Nakonha:ka","description":"site web Nakonha:ka (r\u00e9gion 13 de l&#039;\u00c9glise Unie du Canada)","potentialAction":[{"@type":"SearchAction","target":{"@type":"EntryPoint","urlTemplate":"https:\/\/nakonhakaucc.ca\/fr\/?s={search_term_string}"},"query-input":{"@type":"PropertyValueSpecification","valueRequired":true,"valueName":"search_term_string"}}],"inLanguage":"fr-FR"}]}},"ticketed":false,"_links":{"self":[{"href":"https:\/\/nakonhakaucc.ca\/fr\/wp-json\/wp\/v2\/pages\/8335","targetHints":{"allow":["GET"]}}],"collection":[{"href":"https:\/\/nakonhakaucc.ca\/fr\/wp-json\/wp\/v2\/pages"}],"about":[{"href":"https:\/\/nakonhakaucc.ca\/fr\/wp-json\/wp\/v2\/types\/page"}],"author":[{"embeddable":true,"href":"https:\/\/nakonhakaucc.ca\/fr\/wp-json\/wp\/v2\/users\/17"}],"replies":[{"embeddable":true,"href":"https:\/\/nakonhakaucc.ca\/fr\/wp-json\/wp\/v2\/comments?post=8335"}],"version-history":[{"count":6,"href":"https:\/\/nakonhakaucc.ca\/fr\/wp-json\/wp\/v2\/pages\/8335\/revisions"}],"predecessor-version":[{"id":8349,"href":"https:\/\/nakonhakaucc.ca\/fr\/wp-json\/wp\/v2\/pages\/8335\/revisions\/8349"}],"up":[{"embeddable":true,"href":"https:\/\/nakonhakaucc.ca\/fr\/wp-json\/wp\/v2\/pages\/7595"}],"wp:attachment":[{"href":"https:\/\/nakonhakaucc.ca\/fr\/wp-json\/wp\/v2\/media?parent=8335"}],"curies":[{"name":"wp","href":"https:\/\/api.w.org\/{rel}","templated":true}]}}