{"id":8391,"date":"2024-07-04T11:31:31","date_gmt":"2024-07-04T15:31:31","guid":{"rendered":"https:\/\/nakonhakaucc.ca\/fr\/?page_id=8391"},"modified":"2024-07-04T11:31:36","modified_gmt":"2024-07-04T15:31:36","slug":"evenements-a-venir","status":"publish","type":"page","link":"https:\/\/nakonhakaucc.ca\/fr\/programmes\/reseau-vivre-en-relations-justes\/initiative-respect-kanoronhkwatshera\/evenements-a-venir\/","title":{"rendered":"\u00c9v\u00e9nements \u00e0 venir"},"content":{"rendered":"<p>[et_pb_section fb_built=\u00a0\u00bb1&Prime; _builder_version=\u00a0\u00bb4.16&Prime; global_colors_info=\u00a0\u00bb{}\u00a0\u00bb][et_pb_row _builder_version=\u00a0\u00bb4.16&Prime; background_size=\u00a0\u00bbinitial\u00a0\u00bb background_position=\u00a0\u00bbtop_left\u00a0\u00bb background_repeat=\u00a0\u00bbrepeat\u00a0\u00bb global_colors_info=\u00a0\u00bb{}\u00a0\u00bb][et_pb_column type=\u00a0\u00bb4_4&Prime; _builder_version=\u00a0\u00bb4.16&Prime; custom_padding=\u00a0\u00bb|||\u00a0\u00bb global_colors_info=\u00a0\u00bb{}\u00a0\u00bb custom_padding__hover=\u00a0\u00bb|||\u00a0\u00bb][et_pb_text _builder_version=\u00a0\u00bb4.26.0&Prime; hover_enabled=\u00a0\u00bb0&Prime; global_colors_info=\u00a0\u00bb{}\u00a0\u00bb sticky_enabled=\u00a0\u00bb0&Prime;]<\/p>\n<h1>\u00c9v\u00e9nements \u00e0 venir<\/h1>\n<p>[\/et_pb_text][\/et_pb_column][\/et_pb_row][et_pb_row column_structure=\u00a0\u00bb1_4,3_4&Prime; _builder_version=\u00a0\u00bb4.16&Prime; background_size=\u00a0\u00bbinitial\u00a0\u00bb background_position=\u00a0\u00bbtop_left\u00a0\u00bb background_repeat=\u00a0\u00bbrepeat\u00a0\u00bb global_colors_info=\u00a0\u00bb{}\u00a0\u00bb][et_pb_column type=\u00a0\u00bb1_4&Prime; _builder_version=\u00a0\u00bb4.16&Prime; custom_padding=\u00a0\u00bb|||\u00a0\u00bb global_colors_info=\u00a0\u00bb{}\u00a0\u00bb custom_padding__hover=\u00a0\u00bb|||\u00a0\u00bb][et_pb_text _builder_version=\u00a0\u00bb4.24.3&Prime; _module_preset=\u00a0\u00bbdefault\u00a0\u00bb global_colors_info=\u00a0\u00bb{}\u00a0\u00bb]<\/p>\n<h4>DERNI\u00c8RES NOUVELLES<\/h4>\n<p>[\/et_pb_text][et_pb_divider _builder_version=\u00a0\u00bb4.16&Prime; global_colors_info=\u00a0\u00bb{}\u00a0\u00bb][\/et_pb_divider][et_pb_blog posts_number=\u00a0\u00bb1&Prime; include_categories=\u00a0\u00bb109&Prime; show_thumbnail=\u00a0\u00bboff\u00a0\u00bb excerpt_length=\u00a0\u00bb148&Prime; show_more=\u00a0\u00bbon\u00a0\u00bb show_categories=\u00a0\u00bboff\u00a0\u00bb _builder_version=\u00a0\u00bb4.24.3&Prime; _module_preset=\u00a0\u00bbdefault\u00a0\u00bb header_level=\u00a0\u00bbh4&Prime; global_colors_info=\u00a0\u00bb{}\u00a0\u00bb][\/et_pb_blog][et_pb_divider _builder_version=\u00a0\u00bb4.16&Prime; global_colors_info=\u00a0\u00bb{}\u00a0\u00bb][\/et_pb_divider][et_pb_button button_url=\u00a0\u00bbhttps:\/\/nakonhakaucc.ca\/fr\/programmes\/reseau-vivre-en-relations-justes\/initiative-respect-kanoronhkwatshera\/\u00a0\u00bb button_text=\u00a0\u00bbAutres ressources\u00a0\u00bb admin_label=\u00a0\u00bbBouton &#8211; autres ressources\u00a0\u00bb _builder_version=\u00a0\u00bb4.25.2&Prime; _module_preset=\u00a0\u00bbdefault\u00a0\u00bb custom_button=\u00a0\u00bbon\u00a0\u00bb button_bg_color=\u00a0\u00bb#CCCCCC\u00a0\u00bb global_colors_info=\u00a0\u00bb{}\u00a0\u00bb][\/et_pb_button][\/et_pb_column][et_pb_column type=\u00a0\u00bb3_4&Prime; _builder_version=\u00a0\u00bb4.16&Prime; custom_padding=\u00a0\u00bb|||\u00a0\u00bb global_colors_info=\u00a0\u00bb{}\u00a0\u00bb custom_padding__hover=\u00a0\u00bb|||\u00a0\u00bb][et_pb_text admin_label=\u00a0\u00bbTexte &#8211; DATES\u00a0\u00bb _builder_version=\u00a0\u00bb4.26.0&Prime; global_colors_info=\u00a0\u00bb{}\u00a0\u00bb]<\/p>\n<h4>DATES<\/h4>\n<p>[\/et_pb_text][et_pb_divider _builder_version=\u00a0\u00bb4.16&Prime; global_colors_info=\u00a0\u00bb{}\u00a0\u00bb][\/et_pb_divider][et_pb_text admin_label=\u00a0\u00bbTexte-\u00c9v\u00e9nements \u00e0 venir\u00a0\u00bb _builder_version=\u00a0\u00bb4.26.0&Prime; _module_preset=\u00a0\u00bbdefault\u00a0\u00bb hover_enabled=\u00a0\u00bb0&Prime; global_colors_info=\u00a0\u00bb{}\u00a0\u00bb sticky_enabled=\u00a0\u00bb0&Prime;]<\/p>\n<h3><strong>Pow-Wow<\/strong><\/h3>\n<table width=\"623\">\n<tbody>\n<tr>\n<td width=\"85\"><strong>Date<\/strong><\/td>\n<td width=\"127\"><strong>Nom<\/strong><\/td>\n<td width=\"411\"><strong>Hyperlien<\/strong><\/td>\n<\/tr>\n<tr>\n<td width=\"85\">Les dates seront bient\u00f4t annonc\u00e9es<\/td>\n<td width=\"127\">Echoes of a Proud Nation Pow-Wow<\/td>\n<td width=\"411\"><em><a href=\"https:\/\/kahnawakepowwow.com\/\">https:\/\/kahnawakepowwow.com\/<\/a><\/em><\/td>\n<\/tr>\n<tr>\n<td width=\"85\">30 juin au 2 juillet<\/td>\n<td width=\"127\">Pow-Wow International de Wendake<\/td>\n<td width=\"411\"><em><a href=\"https:\/\/www.facebook.com\/GRPNPekuakami\/\">https:\/\/www.facebook.com\/powwowwendake\/<\/a><\/em><\/td>\n<\/tr>\n<tr>\n<td width=\"85\">5 au 14 juillet<\/td>\n<td width=\"127\">Grand rassemblement des Premi\u00e8res Nations de Mashteuiatsh<\/td>\n<td width=\"411\"><em><a href=\"https:\/\/www.facebook.com\/GRPNPekuakami\/\">https:\/\/www.facebook.com\/GRPNPekuakami\/<\/a><\/em><\/td>\n<\/tr>\n<tr>\n<td width=\"85\">20 et 21 juillet<\/td>\n<td width=\"127\">Abenaki Pow-Wow Odanak<\/td>\n<td width=\"411\"><em><a href=\"https:\/\/powwowodanak.com\/\">https:\/\/powwowodanak.com\/<\/a><\/em><\/td>\n<\/tr>\n<tr>\n<td width=\"85\">26 au 28 juillet<\/td>\n<td width=\"127\">Masinasowina Pow-Wow Manawan<\/td>\n<td width=\"411\"><em><a href=\"https:\/\/www.facebook.com\/profile.php?id=100063570521487\">https:\/\/www.facebook.com\/profile.php?id=100063570521487<\/a><\/em><\/td>\n<\/tr>\n<tr>\n<td width=\"85\">27 et 28 juillet<\/td>\n<td width=\"127\">Pow-Wow traditionnel de Pessamit<\/td>\n<td width=\"411\"><em><a href=\"https:\/\/www.facebook.com\/profile.php?id=100080623651586\">https:\/\/www.facebook.com\/profile.php?id=100080623651586<\/a><\/em><\/td>\n<\/tr>\n<tr>\n<td width=\"85\">31 ao\u00fbt au 1er septembre<\/td>\n<td width=\"127\">Pow Wow de Kanehsat\u00e0:ke<\/td>\n<td width=\"411\"><em><a href=\"https:\/\/www.facebook.com\/kpowwow\">https:\/\/www.facebook.com\/kpowwow<\/a><\/em><\/td>\n<\/tr>\n<\/tbody>\n<\/table>\n<p>&nbsp;<\/p>\n<h3><strong>Festivals<\/strong><\/h3>\n<table width=\"623\">\n<tbody>\n<tr>\n<td width=\"76\">\n<p><strong>Date<\/strong><\/p>\n<\/td>\n<td width=\"195\">\n<p><strong>Nom<\/strong><\/p>\n<\/td>\n<td width=\"352\">\n<p><strong>Hyperlien<\/strong><\/p>\n<\/td>\n<\/tr>\n<tr>\n<td width=\"76\">\n<p>14 au 16 juin et 21 juin<\/p>\n<\/td>\n<td width=\"195\">\n<p>Kwe! \u00e0 la rencontre des peuples autochtones<\/p>\n<\/td>\n<td width=\"352\">\n<p><em><a href=\"https:\/\/www.kwefest.com\/\">https:\/\/www.kwefest.com\/<\/a><\/em><\/p>\n<\/td>\n<\/tr>\n<tr>\n<td width=\"76\">\n<p>30 juillet au 4 ao\u00fbt<\/p>\n<\/td>\n<td width=\"195\">\n<p>Festival Innu Nikamu<\/p>\n<\/td>\n<td width=\"352\">\n<p><em><a href=\"https:\/\/www.facebook.com\/InnuNikamu\">https:\/\/www.facebook.com\/InnuNikamu<\/a><\/em><\/p>\n<\/td>\n<\/tr>\n<tr>\n<td width=\"76\">\n<p>6 au 15 ao\u00fbt<\/p>\n<\/td>\n<td width=\"195\">\n<p>Festival pr\u00e9sence autochtone<\/p>\n<\/td>\n<td width=\"352\">\n<p><em><a href=\"https:\/\/www.facebook.com\/presenceautochtoneMTL\">https:\/\/www.facebook.com\/presenceautochtoneMTL<\/a><\/em><\/p>\n<\/td>\n<\/tr>\n<\/tbody>\n<\/table>\n<p>[\/et_pb_text][et_pb_divider _builder_version=\u00a0\u00bb4.16&Prime; global_colors_info=\u00a0\u00bb{}\u00a0\u00bb][\/et_pb_divider][et_pb_text admin_label=\u00a0\u00bbReconnaissance du territoire\u00a0\u00bb _builder_version=\u00a0\u00bb4.25.2&Prime; _module_preset=\u00a0\u00bbdefault\u00a0\u00bb global_colors_info=\u00a0\u00bb{}\u00a0\u00bb]<\/p>\n<p><em>Montr\u00e9al, QC est connu sous le nom de Tiohti\u00e0:ke en Kanien&rsquo;k\u00e9ha et MO\u0245IAK (Mooniyang) en Anishnabemowin.<\/em><\/p>\n<p><em>(Ressources compil\u00e9es par l&rsquo;initiative <a href=\"https:\/\/nakonhakaucc.ca\/fr\/programmes\/reseau-vivre-en-relations-justes\/initiative-respect-kanoronhkwatshera\/\">Respect &amp; Kanoronhkw\u00e1tshera<\/a>)<\/em><\/p>\n<p>[\/et_pb_text][et_pb_image src=\u00a0\u00bbhttps:\/\/nakonhakaucc.ca\/fr\/wp-content\/uploads\/sites\/2\/2024\/04\/RK-LIRR-footer-FR.jpg\u00a0\u00bb alt=\u00a0\u00bbremerciements au fondation de l&rsquo;\u00c9glise Unie du Canada et Conseil r\u00e9gional Nakonha:ka\u00a0\u00bb title_text=\u00a0\u00bbRK-LIRR-footer-FR\u00a0\u00bb _builder_version=\u00a0\u00bb4.24.3&Prime; _module_preset=\u00a0\u00bbdefault\u00a0\u00bb global_colors_info=\u00a0\u00bb{}\u00a0\u00bb][\/et_pb_image][\/et_pb_column][\/et_pb_row][\/et_pb_section][et_pb_section fb_built=\u00a0\u00bb1&Prime; admin_label=\u00a0\u00bbCall To Action Box\u00a0\u00bb module_class=\u00a0\u00bbsub-call-to-action\u00a0\u00bb _builder_version=\u00a0\u00bb3.19.18&Prime; background_image=\u00a0\u00bbhttps:\/\/ucc-regions-1.apluspc.ca\/wp-content\/uploads\/2018\/11\/call-to-action-bg.jpg\u00a0\u00bb custom_css_main_element=\u00a0\u00bbdisplay: none !important;\u00a0\u00bb global_module=\u00a0\u00bb496&Prime; global_colors_info=\u00a0\u00bb{}\u00a0\u00bb][et_pb_row _builder_version=\u00a0\u00bb4.16&Prime; background_size=\u00a0\u00bbinitial\u00a0\u00bb background_position=\u00a0\u00bbtop_left\u00a0\u00bb background_repeat=\u00a0\u00bbrepeat\u00a0\u00bb global_colors_info=\u00a0\u00bb{}\u00a0\u00bb][et_pb_column type=\u00a0\u00bb4_4&Prime; _builder_version=\u00a0\u00bb4.16&Prime; custom_padding=\u00a0\u00bb|||\u00a0\u00bb global_colors_info=\u00a0\u00bb{}\u00a0\u00bb custom_padding__hover=\u00a0\u00bb|||\u00a0\u00bb][et_pb_text admin_label=\u00a0\u00bbGlobal Call to Action Title and Text\u00a0\u00bb _builder_version=\u00a0\u00bb4.16&Prime; global_colors_info=\u00a0\u00bb{}\u00a0\u00bb]<\/p>\n<h3>Call to Action<\/h3>\n<p>Lorem ipsum dolor sit amet, consectetur adipiscing elit. Praesent ultrices dui, accumsan iaculis neque blandit quis. Nam ut dolor tempus, porttitor sem a, hendrerit libero. Ut lacinia congue massa sit amet lacinia. Suspendisse vel efficitur est.<\/p>\n<p>\u00a0<\/p>\n<p>[\/et_pb_text][et_pb_button button_url=\u00a0\u00bb#\u00a0\u00bb button_text=\u00a0\u00bbLearn More\u00a0\u00bb button_alignment=\u00a0\u00bbcenter\u00a0\u00bb admin_label=\u00a0\u00bbGlobal Call to Action Button\u00a0\u00bb module_id=\u00a0\u00bbwhite-button-blue-text\u00a0\u00bb module_class=\u00a0\u00bbsub-cta-button\u00a0\u00bb _builder_version=\u00a0\u00bb4.16&Prime; global_colors_info=\u00a0\u00bb{}\u00a0\u00bb][\/et_pb_button][\/et_pb_column][\/et_pb_row][\/et_pb_section]<\/p>\n","protected":false},"excerpt":{"rendered":"<p>[et_pb_section fb_built=\u00a0\u00bb1&Prime; _builder_version=\u00a0\u00bb4.16&Prime; global_colors_info=\u00a0\u00bb{}\u00a0\u00bb][et_pb_row _builder_version=\u00a0\u00bb4.16&Prime; background_size=\u00a0\u00bbinitial\u00a0\u00bb background_position=\u00a0\u00bbtop_left\u00a0\u00bb background_repeat=\u00a0\u00bbrepeat\u00a0\u00bb global_colors_info=\u00a0\u00bb{}\u00a0\u00bb][et_pb_column type=\u00a0\u00bb4_4&Prime; _builder_version=\u00a0\u00bb4.16&Prime; custom_padding=\u00a0\u00bb|||\u00a0\u00bb global_colors_info=\u00a0\u00bb{}\u00a0\u00bb custom_padding__hover=\u00a0\u00bb|||\u00a0\u00bb][et_pb_text _builder_version=\u00a0\u00bb4.26.0&Prime; hover_enabled=\u00a0\u00bb0&Prime; [&hellip;]<\/p>\n","protected":false},"author":17,"featured_media":0,"parent":7595,"menu_order":2,"comment_status":"closed","ping_status":"closed","template":"","meta":{"_acf_changed":false,"_et_pb_use_builder":"on","_et_pb_old_content":"","_et_gb_content_width":"","_exactmetrics_skip_tracking":false,"_exactmetrics_sitenote_active":false,"_exactmetrics_sitenote_note":"","_exactmetrics_sitenote_category":0,"_price":"","_stock":"","_tribe_ticket_header":"","_tribe_default_ticket_provider":"","_tribe_ticket_capacity":"0","_ticket_start_date":"","_ticket_end_date":"","_tribe_ticket_show_description":"","_tribe_ticket_show_not_going":false,"_tribe_ticket_use_global_stock":"","_tribe_ticket_global_stock_level":"","_global_stock_mode":"","_global_stock_cap":"","_tribe_rsvp_for_event":"","_tribe_ticket_going_count":"","_tribe_ticket_not_going_count":"","_tribe_tickets_list":"[]","_tribe_ticket_has_attendee_info_fields":false,"footnotes":"","_tec_slr_enabled":"","_tec_slr_layout":""},"class_list":["post-8391","page","type-page","status-publish","hentry"],"acf":[],"yoast_head":"<!-- This site is optimized with the Yoast SEO plugin v27.5 - https:\/\/yoast.com\/product\/yoast-seo-wordpress\/ -->\n<title>\u00c9v\u00e9nements \u00e0 venir - Conseil r\u00e9gional Nakonha:ka<\/title>\n<meta name=\"robots\" content=\"index, follow, max-snippet:-1, max-image-preview:large, max-video-preview:-1\" \/>\n<link rel=\"canonical\" href=\"https:\/\/nakonhakaucc.ca\/fr\/programmes\/reseau-vivre-en-relations-justes\/initiative-respect-kanoronhkwatshera\/evenements-a-venir\/\" \/>\n<meta property=\"og:locale\" content=\"fr_FR\" \/>\n<meta property=\"og:type\" content=\"article\" \/>\n<meta property=\"og:title\" content=\"\u00c9v\u00e9nements \u00e0 venir - Conseil r\u00e9gional Nakonha:ka\" \/>\n<meta property=\"og:description\" content=\"[et_pb_section fb_built=\u00a0\u00bb1&Prime; _builder_version=\u00a0\u00bb4.16&Prime; global_colors_info=\u00a0\u00bb{}\u00a0\u00bb][et_pb_row _builder_version=\u00a0\u00bb4.16&Prime; background_size=\u00a0\u00bbinitial\u00a0\u00bb background_position=\u00a0\u00bbtop_left\u00a0\u00bb background_repeat=\u00a0\u00bbrepeat\u00a0\u00bb global_colors_info=\u00a0\u00bb{}\u00a0\u00bb][et_pb_column type=\u00a0\u00bb4_4&Prime; _builder_version=\u00a0\u00bb4.16&Prime; custom_padding=\u00a0\u00bb|||\u00a0\u00bb global_colors_info=\u00a0\u00bb{}\u00a0\u00bb custom_padding__hover=\u00a0\u00bb|||\u00a0\u00bb][et_pb_text _builder_version=\u00a0\u00bb4.26.0&Prime; hover_enabled=\u00a0\u00bb0&Prime; [&hellip;]\" \/>\n<meta property=\"og:url\" content=\"https:\/\/nakonhakaucc.ca\/fr\/programmes\/reseau-vivre-en-relations-justes\/initiative-respect-kanoronhkwatshera\/evenements-a-venir\/\" \/>\n<meta property=\"og:site_name\" content=\"Conseil r\u00e9gional Nakonha:ka\" \/>\n<meta property=\"article:modified_time\" content=\"2024-07-04T15:31:36+00:00\" \/>\n<meta name=\"twitter:card\" content=\"summary_large_image\" \/>\n<meta name=\"twitter:label1\" content=\"Dur\u00e9e de lecture estim\u00e9e\" \/>\n\t<meta name=\"twitter:data1\" content=\"2 minutes\" \/>\n<script type=\"application\/ld+json\" class=\"yoast-schema-graph\">{\"@context\":\"https:\\\/\\\/schema.org\",\"@graph\":[{\"@type\":\"WebPage\",\"@id\":\"https:\\\/\\\/nakonhakaucc.ca\\\/fr\\\/programmes\\\/reseau-vivre-en-relations-justes\\\/initiative-respect-kanoronhkwatshera\\\/evenements-a-venir\\\/\",\"url\":\"https:\\\/\\\/nakonhakaucc.ca\\\/fr\\\/programmes\\\/reseau-vivre-en-relations-justes\\\/initiative-respect-kanoronhkwatshera\\\/evenements-a-venir\\\/\",\"name\":\"\u00c9v\u00e9nements \u00e0 venir - Conseil r\u00e9gional Nakonha:ka\",\"isPartOf\":{\"@id\":\"https:\\\/\\\/nakonhakaucc.ca\\\/fr\\\/#website\"},\"datePublished\":\"2024-07-04T15:31:31+00:00\",\"dateModified\":\"2024-07-04T15:31:36+00:00\",\"breadcrumb\":{\"@id\":\"https:\\\/\\\/nakonhakaucc.ca\\\/fr\\\/programmes\\\/reseau-vivre-en-relations-justes\\\/initiative-respect-kanoronhkwatshera\\\/evenements-a-venir\\\/#breadcrumb\"},\"inLanguage\":\"fr-FR\",\"potentialAction\":[{\"@type\":\"ReadAction\",\"target\":[\"https:\\\/\\\/nakonhakaucc.ca\\\/fr\\\/programmes\\\/reseau-vivre-en-relations-justes\\\/initiative-respect-kanoronhkwatshera\\\/evenements-a-venir\\\/\"]}]},{\"@type\":\"BreadcrumbList\",\"@id\":\"https:\\\/\\\/nakonhakaucc.ca\\\/fr\\\/programmes\\\/reseau-vivre-en-relations-justes\\\/initiative-respect-kanoronhkwatshera\\\/evenements-a-venir\\\/#breadcrumb\",\"itemListElement\":[{\"@type\":\"ListItem\",\"position\":1,\"name\":\"Accueil\",\"item\":\"https:\\\/\\\/nakonhakaucc.ca\\\/fr\\\/\"},{\"@type\":\"ListItem\",\"position\":2,\"name\":\"Programmes et r\u00e9seaux\",\"item\":\"https:\\\/\\\/nakonhakaucc.ca\\\/fr\\\/programmes\\\/\"},{\"@type\":\"ListItem\",\"position\":3,\"name\":\"Cercle Vivre en relations justes\",\"item\":\"https:\\\/\\\/nakonhakaucc.ca\\\/fr\\\/programmes\\\/reseau-vivre-en-relations-justes\\\/\"},{\"@type\":\"ListItem\",\"position\":4,\"name\":\"Initiative Respect &amp; Kanoronhkw\u00e1tshera\",\"item\":\"https:\\\/\\\/nakonhakaucc.ca\\\/fr\\\/programmes\\\/reseau-vivre-en-relations-justes\\\/initiative-respect-kanoronhkwatshera\\\/\"},{\"@type\":\"ListItem\",\"position\":5,\"name\":\"\u00c9v\u00e9nements \u00e0 venir\"}]},{\"@type\":\"WebSite\",\"@id\":\"https:\\\/\\\/nakonhakaucc.ca\\\/fr\\\/#website\",\"url\":\"https:\\\/\\\/nakonhakaucc.ca\\\/fr\\\/\",\"name\":\"Conseil r\u00e9gional Nakonha:ka\",\"description\":\"site web Nakonha:ka (r\u00e9gion 13 de l&#039;\u00c9glise Unie du Canada)\",\"potentialAction\":[{\"@type\":\"SearchAction\",\"target\":{\"@type\":\"EntryPoint\",\"urlTemplate\":\"https:\\\/\\\/nakonhakaucc.ca\\\/fr\\\/?s={search_term_string}\"},\"query-input\":{\"@type\":\"PropertyValueSpecification\",\"valueRequired\":true,\"valueName\":\"search_term_string\"}}],\"inLanguage\":\"fr-FR\"}]}<\/script>\n<!-- \/ Yoast SEO plugin. -->","yoast_head_json":{"title":"\u00c9v\u00e9nements \u00e0 venir - Conseil r\u00e9gional Nakonha:ka","robots":{"index":"index","follow":"follow","max-snippet":"max-snippet:-1","max-image-preview":"max-image-preview:large","max-video-preview":"max-video-preview:-1"},"canonical":"https:\/\/nakonhakaucc.ca\/fr\/programmes\/reseau-vivre-en-relations-justes\/initiative-respect-kanoronhkwatshera\/evenements-a-venir\/","og_locale":"fr_FR","og_type":"article","og_title":"\u00c9v\u00e9nements \u00e0 venir - Conseil r\u00e9gional Nakonha:ka","og_description":"[et_pb_section fb_built=\u00a0\u00bb1&Prime; _builder_version=\u00a0\u00bb4.16&Prime; global_colors_info=\u00a0\u00bb{}\u00a0\u00bb][et_pb_row _builder_version=\u00a0\u00bb4.16&Prime; background_size=\u00a0\u00bbinitial\u00a0\u00bb background_position=\u00a0\u00bbtop_left\u00a0\u00bb background_repeat=\u00a0\u00bbrepeat\u00a0\u00bb global_colors_info=\u00a0\u00bb{}\u00a0\u00bb][et_pb_column type=\u00a0\u00bb4_4&Prime; _builder_version=\u00a0\u00bb4.16&Prime; custom_padding=\u00a0\u00bb|||\u00a0\u00bb global_colors_info=\u00a0\u00bb{}\u00a0\u00bb custom_padding__hover=\u00a0\u00bb|||\u00a0\u00bb][et_pb_text _builder_version=\u00a0\u00bb4.26.0&Prime; hover_enabled=\u00a0\u00bb0&Prime; [&hellip;]","og_url":"https:\/\/nakonhakaucc.ca\/fr\/programmes\/reseau-vivre-en-relations-justes\/initiative-respect-kanoronhkwatshera\/evenements-a-venir\/","og_site_name":"Conseil r\u00e9gional Nakonha:ka","article_modified_time":"2024-07-04T15:31:36+00:00","twitter_card":"summary_large_image","twitter_misc":{"Dur\u00e9e de lecture estim\u00e9e":"2 minutes"},"schema":{"@context":"https:\/\/schema.org","@graph":[{"@type":"WebPage","@id":"https:\/\/nakonhakaucc.ca\/fr\/programmes\/reseau-vivre-en-relations-justes\/initiative-respect-kanoronhkwatshera\/evenements-a-venir\/","url":"https:\/\/nakonhakaucc.ca\/fr\/programmes\/reseau-vivre-en-relations-justes\/initiative-respect-kanoronhkwatshera\/evenements-a-venir\/","name":"\u00c9v\u00e9nements \u00e0 venir - Conseil r\u00e9gional Nakonha:ka","isPartOf":{"@id":"https:\/\/nakonhakaucc.ca\/fr\/#website"},"datePublished":"2024-07-04T15:31:31+00:00","dateModified":"2024-07-04T15:31:36+00:00","breadcrumb":{"@id":"https:\/\/nakonhakaucc.ca\/fr\/programmes\/reseau-vivre-en-relations-justes\/initiative-respect-kanoronhkwatshera\/evenements-a-venir\/#breadcrumb"},"inLanguage":"fr-FR","potentialAction":[{"@type":"ReadAction","target":["https:\/\/nakonhakaucc.ca\/fr\/programmes\/reseau-vivre-en-relations-justes\/initiative-respect-kanoronhkwatshera\/evenements-a-venir\/"]}]},{"@type":"BreadcrumbList","@id":"https:\/\/nakonhakaucc.ca\/fr\/programmes\/reseau-vivre-en-relations-justes\/initiative-respect-kanoronhkwatshera\/evenements-a-venir\/#breadcrumb","itemListElement":[{"@type":"ListItem","position":1,"name":"Accueil","item":"https:\/\/nakonhakaucc.ca\/fr\/"},{"@type":"ListItem","position":2,"name":"Programmes et r\u00e9seaux","item":"https:\/\/nakonhakaucc.ca\/fr\/programmes\/"},{"@type":"ListItem","position":3,"name":"Cercle Vivre en relations justes","item":"https:\/\/nakonhakaucc.ca\/fr\/programmes\/reseau-vivre-en-relations-justes\/"},{"@type":"ListItem","position":4,"name":"Initiative Respect &amp; Kanoronhkw\u00e1tshera","item":"https:\/\/nakonhakaucc.ca\/fr\/programmes\/reseau-vivre-en-relations-justes\/initiative-respect-kanoronhkwatshera\/"},{"@type":"ListItem","position":5,"name":"\u00c9v\u00e9nements \u00e0 venir"}]},{"@type":"WebSite","@id":"https:\/\/nakonhakaucc.ca\/fr\/#website","url":"https:\/\/nakonhakaucc.ca\/fr\/","name":"Conseil r\u00e9gional Nakonha:ka","description":"site web Nakonha:ka (r\u00e9gion 13 de l&#039;\u00c9glise Unie du Canada)","potentialAction":[{"@type":"SearchAction","target":{"@type":"EntryPoint","urlTemplate":"https:\/\/nakonhakaucc.ca\/fr\/?s={search_term_string}"},"query-input":{"@type":"PropertyValueSpecification","valueRequired":true,"valueName":"search_term_string"}}],"inLanguage":"fr-FR"}]}},"ticketed":false,"_links":{"self":[{"href":"https:\/\/nakonhakaucc.ca\/fr\/wp-json\/wp\/v2\/pages\/8391","targetHints":{"allow":["GET"]}}],"collection":[{"href":"https:\/\/nakonhakaucc.ca\/fr\/wp-json\/wp\/v2\/pages"}],"about":[{"href":"https:\/\/nakonhakaucc.ca\/fr\/wp-json\/wp\/v2\/types\/page"}],"author":[{"embeddable":true,"href":"https:\/\/nakonhakaucc.ca\/fr\/wp-json\/wp\/v2\/users\/17"}],"replies":[{"embeddable":true,"href":"https:\/\/nakonhakaucc.ca\/fr\/wp-json\/wp\/v2\/comments?post=8391"}],"version-history":[{"count":2,"href":"https:\/\/nakonhakaucc.ca\/fr\/wp-json\/wp\/v2\/pages\/8391\/revisions"}],"predecessor-version":[{"id":8395,"href":"https:\/\/nakonhakaucc.ca\/fr\/wp-json\/wp\/v2\/pages\/8391\/revisions\/8395"}],"up":[{"embeddable":true,"href":"https:\/\/nakonhakaucc.ca\/fr\/wp-json\/wp\/v2\/pages\/7595"}],"wp:attachment":[{"href":"https:\/\/nakonhakaucc.ca\/fr\/wp-json\/wp\/v2\/media?parent=8391"}],"curies":[{"name":"wp","href":"https:\/\/api.w.org\/{rel}","templated":true}]}}