{"id":8884,"date":"2024-08-27T18:22:19","date_gmt":"2024-08-27T22:22:19","guid":{"rendered":"https:\/\/nakonhakaucc.ca\/fr\/?page_id=8884"},"modified":"2024-12-10T12:25:04","modified_gmt":"2024-12-10T17:25:04","slug":"45e-conseil-general","status":"publish","type":"page","link":"https:\/\/nakonhakaucc.ca\/fr\/45e-conseil-general\/","title":{"rendered":"45e Conseil g\u00e9n\u00e9ral"},"content":{"rendered":"<p>[et_pb_section fb_built=\u00a0\u00bb1&Prime; _builder_version=\u00a0\u00bb4.27.0&Prime; _module_preset=\u00a0\u00bbdefault\u00a0\u00bb global_colors_info=\u00a0\u00bb{}\u00a0\u00bb][et_pb_row column_structure=\u00a0\u00bb3_5,2_5&Prime; _builder_version=\u00a0\u00bb4.27.0&Prime; _module_preset=\u00a0\u00bbdefault\u00a0\u00bb global_colors_info=\u00a0\u00bb{}\u00a0\u00bb][et_pb_column type=\u00a0\u00bb3_5&Prime; _builder_version=\u00a0\u00bb4.27.0&Prime; _module_preset=\u00a0\u00bbdefault\u00a0\u00bb global_colors_info=\u00a0\u00bb{}\u00a0\u00bb][et_pb_text _builder_version=\u00a0\u00bb4.27.3&Prime; _module_preset=\u00a0\u00bbdefault\u00a0\u00bb global_colors_info=\u00a0\u00bb{}\u00a0\u00bb]<\/p>\n<h1><strong>Personnes d\u00e9l\u00e9gu\u00e9es* au 45e conseil g\u00e9n\u00e9ral<\/strong><\/h1>\n<p>Lors de sa r\u00e9union le 1er et 2 novembre 2024, le Conseil r\u00e9gional Nakonha:ka a nomm\u00e9 dix personnes d\u00e9l\u00e9gu\u00e9es, ainsi qu&rsquo;une liste de personnes suppl\u00e9antes pour repr\u00e9senter le Conseil r\u00e9gional \u00e0 la 45e r\u00e9union du Conseil g\u00e9n\u00e9ral.<\/p>\n<p>Le conseil r\u00e9gional a \u00e9galement nomm\u00e9 un candidat au poste de mod\u00e9rateur : <strong>Pasteur Samuel Vauvert Dansokho<\/strong>.<\/p>\n<p>F\u00e9licitations et remerciements \u00e0 toutes les personnes qui ont manifest\u00e9 leur int\u00e9r\u00eat et leur volont\u00e9 de servir!<\/p>\n<p><em>*Les biographies des personnes d\u00e9l\u00e9gu\u00e9es et les suppl\u00e9ants sont disponibles en cliquant <a href=\"https:\/\/nakonhakaucc.ca\/fr\/wp-content\/uploads\/sites\/2\/2024\/01\/2024-11-1-2-GC45-Nominees-F.pdf\">ici<\/a><\/em><\/p>\n<p>[\/et_pb_text][et_pb_text _builder_version=\u00a0\u00bb4.27.3&Prime; _module_preset=\u00a0\u00bbdefault\u00a0\u00bb global_colors_info=\u00a0\u00bb{}\u00a0\u00bb]<\/p>\n<h3><strong>Personnes d\u00e9l\u00e9gu\u00e9es la\u00efques <\/strong><em>(et suppl\u00e9ant)<\/em><\/h3>\n<p>[\/et_pb_text][et_pb_gallery gallery_ids=\u00a0\u00bb10301,10306,10300,10302,10305,10303&Prime; posts_number=\u00a0\u00bb5&Prime; _builder_version=\u00a0\u00bb4.27.3&Prime; _module_preset=\u00a0\u00bbdefault\u00a0\u00bb title_font_size=\u00a0\u00bb9px\u00a0\u00bb global_colors_info=\u00a0\u00bb{}\u00a0\u00bb][\/et_pb_gallery][et_pb_text _builder_version=\u00a0\u00bb4.27.3&Prime; _module_preset=\u00a0\u00bbdefault\u00a0\u00bb global_colors_info=\u00a0\u00bb{}\u00a0\u00bb]<\/p>\n<h3><strong>Personnes d\u00e9l\u00e9gu\u00e9es en tant que personnel minist\u00e9riel <\/strong><em>(et suppl\u00e9ants)<\/em><\/h3>\n<p>[\/et_pb_text][et_pb_gallery gallery_ids=\u00a0\u00bb10299,10310,10309,10304,10307,10308,10311&Prime; posts_number=\u00a0\u00bb5&Prime; _builder_version=\u00a0\u00bb4.27.3&Prime; _module_preset=\u00a0\u00bbdefault\u00a0\u00bb global_colors_info=\u00a0\u00bb{}\u00a0\u00bb][\/et_pb_gallery][et_pb_divider _builder_version=\u00a0\u00bb4.27.3&Prime; _module_preset=\u00a0\u00bbdefault\u00a0\u00bb global_colors_info=\u00a0\u00bb{}\u00a0\u00bb][\/et_pb_divider][et_pb_text _builder_version=\u00a0\u00bb4.27.3&Prime; _module_preset=\u00a0\u00bbdefault\u00a0\u00bb global_colors_info=\u00a0\u00bb{}\u00a0\u00bb]<\/p>\n<h3><strong>Pour en savoir plus<\/strong><\/h3>\n<p>Le Conseil r\u00e9gional Nakonha:ka a le droit de nommer dix personnes d\u00e9l\u00e9gu\u00e9es, ainsi qu&rsquo;une liste de personnes suppl\u00e9antes (jusqu&rsquo;\u00e0 cinq) pour repr\u00e9senter le Conseil r\u00e9gional \u00e0 la 45e r\u00e9union du Conseil g\u00e9n\u00e9ral. Le 45e Conseil g\u00e9n\u00e9ral de l&rsquo;\u00c9glise Unie du Canada se r\u00e9unira en personne <strong>du 7 au 12 ao\u00fbt 2025<\/strong> \u00e0 Calgary, AB. Les personnes d\u00e9l\u00e9gu\u00e9es du Conseil g\u00e9n\u00e9ral sont des membres votants de la r\u00e9union du Conseil g\u00e9n\u00e9ral, et leur mandat est de trois (3) ans.<\/p>\n<p>Le Conseil g\u00e9n\u00e9ral est l&rsquo;organe d\u00e9cisionnel de l&rsquo;\u00c9glise Unie dans son ensemble. Il r\u00e9unit les personnes d\u00e9l\u00e9gu\u00e9es (les personnes \u00e9lues pour \u00eatre membres de cette r\u00e9union du Conseil g\u00e9n\u00e9ral) pour aider \u00e0 tracer la voie de l&rsquo;avenir de l&rsquo;\u00c9glise Unie. Les personnes d\u00e9l\u00e9gu\u00e9es du CG45 devront \u00eatre disponibles pour les sessions de formation en ligne les <strong>27 avril, 22 juin et 28 juin 2025<\/strong>. Veuillez noter que si, pour une raison quelconque, vous ne pouvez pas assister \u00e0 la s\u00e9ance d&rsquo;orientation du 27 avril, celle-ci sera enregistr\u00e9e et pourra \u00eatre visionn\u00e9e \u00e0 votre convenance. Cependant, vous devez assister aux r\u00e9unions de juin, car aucun enregistrement ne sera disponible.<\/p>\n<p>Pour en savoir plus : <a href=\"https:\/\/egliseunie.ca\/44e-conseil-general\/preparation-au-45e-conseil-general\/\" target=\"_blank\" rel=\"noopener\">Pr\u00e9paration au 45e Conseil g\u00e9n\u00e9ral<\/a><\/p>\n<p><strong>Invitation de la Mod\u00e9ratrice :<\/strong> La Mod\u00e9ratrice vous invite \u00e0 envisager de proposer votre candidature comme personne d\u00e9l\u00e9gu\u00e9e au Conseil g\u00e9n\u00e9ral; visionnez les vid\u00e9os en <a href=\"https:\/\/youtu.be\/0Zfpxtgva80\" target=\"_blank\" rel=\"noopener\">anglais<\/a> et en <a href=\"https:\/\/youtu.be\/4bRACsa_VMU\" target=\"_blank\" rel=\"noopener\">fran\u00e7ais<\/a>.<\/p>\n<p>Si vous vous sentez appel\u00e9 \u00e0 servir en tant que personne d\u00e9l\u00e9gu\u00e9e au GC45, veuillez remplir le formulaire de manifestation d&rsquo;int\u00e9r\u00eat ci-dessous. <strong>La nouvelle date limite de d\u00e9p\u00f4t des candidatures est fix\u00e9e au 31 octobre 2024.<\/strong><\/p>\n<p>[\/et_pb_text][et_pb_video src=\u00a0\u00bbhttps:\/\/youtu.be\/4bRACsa_VMU\u00a0\u00bb _builder_version=\u00a0\u00bb4.27.0&Prime; _module_preset=\u00a0\u00bbdefault\u00a0\u00bb global_colors_info=\u00a0\u00bb{}\u00a0\u00bb][\/et_pb_video][et_pb_button button_url=\u00a0\u00bbhttps:\/\/generalcouncil.ca\/\u00a0\u00bb button_text=\u00a0\u00bbNOUVEAU Site web du conseil g\u00e9n\u00e9ral \u00a0\u00bb _builder_version=\u00a0\u00bb4.27.4&Prime; _module_preset=\u00a0\u00bbdefault\u00a0\u00bb global_colors_info=\u00a0\u00bb{}\u00a0\u00bb][\/et_pb_button][et_pb_text _builder_version=\u00a0\u00bb4.27.4&Prime; _module_preset=\u00a0\u00bbdefault\u00a0\u00bb hover_enabled=\u00a0\u00bb0&Prime; global_colors_info=\u00a0\u00bb{}\u00a0\u00bb sticky_enabled=\u00a0\u00bb0&Prime;]<\/p>\n<p><em>Veuillez noter que le nouveau site Web sera bilingue; les pages en fran\u00e7ais sont pr\u00e9vues pour janvier 2025.<\/em><\/p>\n<p>[\/et_pb_text][\/et_pb_column][et_pb_column type=\u00a0\u00bb2_5&Prime; _builder_version=\u00a0\u00bb4.27.0&Prime; _module_preset=\u00a0\u00bbdefault\u00a0\u00bb global_colors_info=\u00a0\u00bb{}\u00a0\u00bb][et_pb_text _builder_version=\u00a0\u00bb4.27.3&Prime; _module_preset=\u00a0\u00bbdefault\u00a0\u00bb global_colors_info=\u00a0\u00bb{}\u00a0\u00bb]<\/p>\n<h1><strong>Propositions au 45e conseil g\u00e9n\u00e9ral<\/strong><\/h1>\n<p>Lors de sa r\u00e9union le 1er et 2 novembre 2024, le Conseil r\u00e9gional Nakonha:ka a approuv\u00e9 des motions pour envoyer les propositions suivantes au 45e conseil g\u00e9n\u00e9ral :<\/p>\n<ul>\n<li><a href=\"https:\/\/nakonhakaucc.ca\/fr\/wp-content\/uploads\/sites\/2\/2024\/01\/Proposal-to-Address-Declining-Membership-By-Expanding-the-United-Church-of-Canada_FR_final-version.docx\">Proposition visant \u00e0 rem\u00e9dier \u00e0 la baisse du nombre de membres gr\u00e2ce au d\u00e9veloppement du minist\u00e8re interculturel de l\u2019\u00c9glise Unie du Canada<\/a><\/li>\n<li><a href=\"https:\/\/nakonhakaucc.ca\/wp-content\/uploads\/2024\/01\/Proposal-for-an-AI-Policy-in-the-United-Church-of-Canada.pdf\">GC 45 Proposal to create a policy regarding the use of artificial intelligence (AI)\u00a0<\/a><em>\u2013 en anglais (version fran\u00e7aise \u00e0 venir)<\/em><\/li>\n<\/ul>\n<p>&nbsp;<\/p>\n<p>[\/et_pb_text][et_pb_divider _builder_version=\u00a0\u00bb4.27.3&Prime; _module_preset=\u00a0\u00bbdefault\u00a0\u00bb global_colors_info=\u00a0\u00bb{}\u00a0\u00bb][\/et_pb_divider][et_pb_text _builder_version=\u00a0\u00bb4.27.3&Prime; _module_preset=\u00a0\u00bbdefault\u00a0\u00bb global_colors_info=\u00a0\u00bb{}\u00a0\u00bb]<\/p>\n<h3><strong>Pour en savoir plus<\/strong><\/h3>\n<p>Les propositions du CG45 peuvent \u00eatre soumises par les communaut\u00e9s de foi au Conseil r\u00e9gional 20 jours avant la r\u00e9union du CR au cours de laquelle elles seront examin\u00e9es. Elles doivent \u00eatre envoy\u00e9es \u00e0 Joel Miller: <em><a href=\"&#x6d;&#x61;&#105;l&#x74;&#x6f;&#58;jm&#x69;&#x6c;&#108;e&#x72;&#x40;&#117;&#110;i&#x74;&#x65;&#100;-&#x63;&#x68;&#117;&#114;c&#x68;&#x2e;&#99;a\">&#106;m&#x69;l&#x6c;e&#x72;&#64;&#x75;n&#x69;t&#x65;&#100;&#x2d;&#99;&#x68;&#117;&#x72;&#99;&#x68;&#46;&#x63;&#97;<\/a><\/em><\/p>\n<p><strong>La date limite de soumission des propositions est fix\u00e9e au 13 octobre 2024.<\/strong><\/p>\n<p>[\/et_pb_text][et_pb_button button_url=\u00a0\u00bbhttps:\/\/egliseunie.ca\/44e-conseil-general\/preparation-au-45e-conseil-general\/\u00a0\u00bb button_text=\u00a0\u00bbPour en savoir plus \/ pour t\u00e9l\u00e9charger les lignes directrices pour les propositions\u00a0\u00bb _builder_version=\u00a0\u00bb4.27.0&Prime; _module_preset=\u00a0\u00bbdefault\u00a0\u00bb global_colors_info=\u00a0\u00bb{}\u00a0\u00bb][\/et_pb_button][\/et_pb_column][\/et_pb_row][\/et_pb_section]<\/p>\n","protected":false},"excerpt":{"rendered":"<p>Personnes d\u00e9l\u00e9gu\u00e9es* au 45e conseil g\u00e9n\u00e9ral Lors de sa r\u00e9union le 1er et 2 novembre 2024, [&hellip;]<\/p>\n","protected":false},"author":5,"featured_media":0,"parent":0,"menu_order":0,"comment_status":"closed","ping_status":"closed","template":"","meta":{"_acf_changed":false,"_et_pb_use_builder":"on","_et_pb_old_content":"","_et_gb_content_width":"","_exactmetrics_skip_tracking":false,"_exactmetrics_sitenote_active":false,"_exactmetrics_sitenote_note":"","_exactmetrics_sitenote_category":0,"_price":"","_stock":"","_tribe_ticket_header":"","_tribe_default_ticket_provider":"","_tribe_ticket_capacity":"0","_ticket_start_date":"","_ticket_end_date":"","_tribe_ticket_show_description":"","_tribe_ticket_show_not_going":false,"_tribe_ticket_use_global_stock":"","_tribe_ticket_global_stock_level":"","_global_stock_mode":"","_global_stock_cap":"","_tribe_rsvp_for_event":"","_tribe_ticket_going_count":"","_tribe_ticket_not_going_count":"","_tribe_tickets_list":"[]","_tribe_ticket_has_attendee_info_fields":false,"footnotes":"","_tec_slr_enabled":"","_tec_slr_layout":""},"class_list":["post-8884","page","type-page","status-publish","hentry"],"acf":[],"yoast_head":"<!-- This site is optimized with the Yoast SEO plugin v27.5 - https:\/\/yoast.com\/product\/yoast-seo-wordpress\/ -->\n<title>45e Conseil g\u00e9n\u00e9ral - Conseil r\u00e9gional Nakonha:ka<\/title>\n<meta name=\"robots\" content=\"index, follow, max-snippet:-1, max-image-preview:large, max-video-preview:-1\" \/>\n<link rel=\"canonical\" href=\"https:\/\/nakonhakaucc.ca\/fr\/45e-conseil-general\/\" \/>\n<meta property=\"og:locale\" content=\"fr_FR\" \/>\n<meta property=\"og:type\" content=\"article\" \/>\n<meta property=\"og:title\" content=\"45e Conseil g\u00e9n\u00e9ral - Conseil r\u00e9gional Nakonha:ka\" \/>\n<meta property=\"og:description\" content=\"Personnes d\u00e9l\u00e9gu\u00e9es* au 45e conseil g\u00e9n\u00e9ral Lors de sa r\u00e9union le 1er et 2 novembre 2024, [&hellip;]\" \/>\n<meta property=\"og:url\" content=\"https:\/\/nakonhakaucc.ca\/fr\/45e-conseil-general\/\" \/>\n<meta property=\"og:site_name\" content=\"Conseil r\u00e9gional Nakonha:ka\" \/>\n<meta property=\"article:modified_time\" content=\"2024-12-10T17:25:04+00:00\" \/>\n<meta name=\"twitter:card\" content=\"summary_large_image\" \/>\n<meta name=\"twitter:label1\" content=\"Dur\u00e9e de lecture estim\u00e9e\" \/>\n\t<meta name=\"twitter:data1\" content=\"6 minutes\" \/>\n<script type=\"application\/ld+json\" class=\"yoast-schema-graph\">{\"@context\":\"https:\\\/\\\/schema.org\",\"@graph\":[{\"@type\":\"WebPage\",\"@id\":\"https:\\\/\\\/nakonhakaucc.ca\\\/fr\\\/45e-conseil-general\\\/\",\"url\":\"https:\\\/\\\/nakonhakaucc.ca\\\/fr\\\/45e-conseil-general\\\/\",\"name\":\"45e Conseil g\u00e9n\u00e9ral - Conseil r\u00e9gional Nakonha:ka\",\"isPartOf\":{\"@id\":\"https:\\\/\\\/nakonhakaucc.ca\\\/fr\\\/#website\"},\"datePublished\":\"2024-08-27T22:22:19+00:00\",\"dateModified\":\"2024-12-10T17:25:04+00:00\",\"breadcrumb\":{\"@id\":\"https:\\\/\\\/nakonhakaucc.ca\\\/fr\\\/45e-conseil-general\\\/#breadcrumb\"},\"inLanguage\":\"fr-FR\",\"potentialAction\":[{\"@type\":\"ReadAction\",\"target\":[\"https:\\\/\\\/nakonhakaucc.ca\\\/fr\\\/45e-conseil-general\\\/\"]}]},{\"@type\":\"BreadcrumbList\",\"@id\":\"https:\\\/\\\/nakonhakaucc.ca\\\/fr\\\/45e-conseil-general\\\/#breadcrumb\",\"itemListElement\":[{\"@type\":\"ListItem\",\"position\":1,\"name\":\"Accueil\",\"item\":\"https:\\\/\\\/nakonhakaucc.ca\\\/fr\\\/\"},{\"@type\":\"ListItem\",\"position\":2,\"name\":\"45e Conseil g\u00e9n\u00e9ral\"}]},{\"@type\":\"WebSite\",\"@id\":\"https:\\\/\\\/nakonhakaucc.ca\\\/fr\\\/#website\",\"url\":\"https:\\\/\\\/nakonhakaucc.ca\\\/fr\\\/\",\"name\":\"Conseil r\u00e9gional Nakonha:ka\",\"description\":\"site web Nakonha:ka (r\u00e9gion 13 de l&#039;\u00c9glise Unie du Canada)\",\"potentialAction\":[{\"@type\":\"SearchAction\",\"target\":{\"@type\":\"EntryPoint\",\"urlTemplate\":\"https:\\\/\\\/nakonhakaucc.ca\\\/fr\\\/?s={search_term_string}\"},\"query-input\":{\"@type\":\"PropertyValueSpecification\",\"valueRequired\":true,\"valueName\":\"search_term_string\"}}],\"inLanguage\":\"fr-FR\"}]}<\/script>\n<!-- \/ Yoast SEO plugin. -->","yoast_head_json":{"title":"45e Conseil g\u00e9n\u00e9ral - Conseil r\u00e9gional Nakonha:ka","robots":{"index":"index","follow":"follow","max-snippet":"max-snippet:-1","max-image-preview":"max-image-preview:large","max-video-preview":"max-video-preview:-1"},"canonical":"https:\/\/nakonhakaucc.ca\/fr\/45e-conseil-general\/","og_locale":"fr_FR","og_type":"article","og_title":"45e Conseil g\u00e9n\u00e9ral - Conseil r\u00e9gional Nakonha:ka","og_description":"Personnes d\u00e9l\u00e9gu\u00e9es* au 45e conseil g\u00e9n\u00e9ral Lors de sa r\u00e9union le 1er et 2 novembre 2024, [&hellip;]","og_url":"https:\/\/nakonhakaucc.ca\/fr\/45e-conseil-general\/","og_site_name":"Conseil r\u00e9gional Nakonha:ka","article_modified_time":"2024-12-10T17:25:04+00:00","twitter_card":"summary_large_image","twitter_misc":{"Dur\u00e9e de lecture estim\u00e9e":"6 minutes"},"schema":{"@context":"https:\/\/schema.org","@graph":[{"@type":"WebPage","@id":"https:\/\/nakonhakaucc.ca\/fr\/45e-conseil-general\/","url":"https:\/\/nakonhakaucc.ca\/fr\/45e-conseil-general\/","name":"45e Conseil g\u00e9n\u00e9ral - Conseil r\u00e9gional Nakonha:ka","isPartOf":{"@id":"https:\/\/nakonhakaucc.ca\/fr\/#website"},"datePublished":"2024-08-27T22:22:19+00:00","dateModified":"2024-12-10T17:25:04+00:00","breadcrumb":{"@id":"https:\/\/nakonhakaucc.ca\/fr\/45e-conseil-general\/#breadcrumb"},"inLanguage":"fr-FR","potentialAction":[{"@type":"ReadAction","target":["https:\/\/nakonhakaucc.ca\/fr\/45e-conseil-general\/"]}]},{"@type":"BreadcrumbList","@id":"https:\/\/nakonhakaucc.ca\/fr\/45e-conseil-general\/#breadcrumb","itemListElement":[{"@type":"ListItem","position":1,"name":"Accueil","item":"https:\/\/nakonhakaucc.ca\/fr\/"},{"@type":"ListItem","position":2,"name":"45e Conseil g\u00e9n\u00e9ral"}]},{"@type":"WebSite","@id":"https:\/\/nakonhakaucc.ca\/fr\/#website","url":"https:\/\/nakonhakaucc.ca\/fr\/","name":"Conseil r\u00e9gional Nakonha:ka","description":"site web Nakonha:ka (r\u00e9gion 13 de l&#039;\u00c9glise Unie du Canada)","potentialAction":[{"@type":"SearchAction","target":{"@type":"EntryPoint","urlTemplate":"https:\/\/nakonhakaucc.ca\/fr\/?s={search_term_string}"},"query-input":{"@type":"PropertyValueSpecification","valueRequired":true,"valueName":"search_term_string"}}],"inLanguage":"fr-FR"}]}},"ticketed":false,"_links":{"self":[{"href":"https:\/\/nakonhakaucc.ca\/fr\/wp-json\/wp\/v2\/pages\/8884","targetHints":{"allow":["GET"]}}],"collection":[{"href":"https:\/\/nakonhakaucc.ca\/fr\/wp-json\/wp\/v2\/pages"}],"about":[{"href":"https:\/\/nakonhakaucc.ca\/fr\/wp-json\/wp\/v2\/types\/page"}],"author":[{"embeddable":true,"href":"https:\/\/nakonhakaucc.ca\/fr\/wp-json\/wp\/v2\/users\/5"}],"replies":[{"embeddable":true,"href":"https:\/\/nakonhakaucc.ca\/fr\/wp-json\/wp\/v2\/comments?post=8884"}],"version-history":[{"count":23,"href":"https:\/\/nakonhakaucc.ca\/fr\/wp-json\/wp\/v2\/pages\/8884\/revisions"}],"predecessor-version":[{"id":10727,"href":"https:\/\/nakonhakaucc.ca\/fr\/wp-json\/wp\/v2\/pages\/8884\/revisions\/10727"}],"wp:attachment":[{"href":"https:\/\/nakonhakaucc.ca\/fr\/wp-json\/wp\/v2\/media?parent=8884"}],"curies":[{"name":"wp","href":"https:\/\/api.w.org\/{rel}","templated":true}]}}